{"id":995,"date":"2025-03-12T14:50:08","date_gmt":"2025-03-12T19:50:08","guid":{"rendered":"http:\/\/172.16.1.1\/tienda\/?post_type=product&#038;p=995"},"modified":"2025-05-27T14:53:04","modified_gmt":"2025-05-27T19:53:04","slug":"regulador-unitec-u-1200","status":"publish","type":"product","link":"https:\/\/ctsaul.com\/tienda\/producto\/regulador-unitec-u-1200\/","title":{"rendered":"REGULADOR  UNITEC U-1200"},"content":{"rendered":"<h3><strong>Regulador de Voltaje UNITEC U-1200<\/strong><\/h3>\n<p>Asegura la protecci\u00f3n de tus dispositivos electr\u00f3nicos con el\u00a0<strong>Regulador de Voltaje UNITEC U-1200<\/strong>, un equipo confiable y de alta calidad:<\/p>\n<ul>\n<li><strong>Capacidad:<\/strong>\u00a08 tomas, 4 de ellas reguladas.<\/li>\n<li><strong>Protecci\u00f3n:<\/strong>\u00a0Sistema de protecci\u00f3n con Switch.<\/li>\n<li><strong>Calidad:<\/strong>\u00a0Equipado con un transformador de alta calidad.<\/li>\n<li><strong>Aplicaciones:<\/strong>\u00a0Perfecto para equipos de c\u00f3mputo, consolas de videojuegos, televisores y electrodom\u00e9sticos.<\/li>\n<li><strong>Instalaci\u00f3n:<\/strong>\u00a0Se puede instalar en pared y techo.<\/li>\n<li><strong>Indicadores LED:<\/strong>\u00a0Incluye indicadores para encendido\/apagado y regulaci\u00f3n.<\/li>\n<\/ul>\n","protected":false},"excerpt":{"rendered":"<p>Regulador de Voltaje UNITEC U-1200 Asegura la protecci\u00f3n de tus dispositivos electr\u00f3nicos con el\u00a0Regulador de Voltaje UNITEC U-1200, un equipo confiable y de alta calidad: Capacidad:\u00a08 tomas, 4 de ellas reguladas. Protecci\u00f3n:\u00a0Sistema de protecci\u00f3n con Switch. Calidad:\u00a0Equipado con un transformador de alta calidad. Aplicaciones:\u00a0Perfecto para equipos de c\u00f3mputo, consolas de videojuegos, televisores y electrodom\u00e9sticos. Instalaci\u00f3n:\u00a0Se &hellip;<\/p>\n<p class=\"read-more\"> <a class=\" thunk-readmore button \" href=\"https:\/\/ctsaul.com\/tienda\/producto\/regulador-unitec-u-1200\/\"> <span class=\"screen-reader-text\">REGULADOR  UNITEC U-1200<\/span>Leer m\u00e1s<\/a><\/p>\n","protected":false},"featured_media":996,"comment_status":"open","ping_status":"closed","template":"","meta":[],"product_brand":[26],"product_cat":[143,145],"product_tag":[],"class_list":{"0":"post-995","1":"product","2":"type-product","3":"status-publish","4":"has-post-thumbnail","6":"product_brand-unitec","7":"product_cat-regulador-elevador-supresor","8":"product_cat-regulador","9":"thunk-woo-product-list","10":"opn-qv-enable","11":"big-store-woo-hover-zoom","12":"open-single-product-tab-horizontal","13":"open-shadow-","14":"open-shadow-hover-","16":"first","17":"instock","18":"sale","19":"taxable","20":"shipping-taxable","21":"purchasable","22":"product-type-simple"},"_links":{"self":[{"href":"https:\/\/ctsaul.com\/tienda\/wp-json\/wp\/v2\/product\/995","targetHints":{"allow":["GET"]}}],"collection":[{"href":"https:\/\/ctsaul.com\/tienda\/wp-json\/wp\/v2\/product"}],"about":[{"href":"https:\/\/ctsaul.com\/tienda\/wp-json\/wp\/v2\/types\/product"}],"replies":[{"embeddable":true,"href":"https:\/\/ctsaul.com\/tienda\/wp-json\/wp\/v2\/comments?post=995"}],"wp:featuredmedia":[{"embeddable":true,"href":"https:\/\/ctsaul.com\/tienda\/wp-json\/wp\/v2\/media\/996"}],"wp:attachment":[{"href":"https:\/\/ctsaul.com\/tienda\/wp-json\/wp\/v2\/media?parent=995"}],"wp:term":[{"taxonomy":"product_brand","embeddable":true,"href":"https:\/\/ctsaul.com\/tienda\/wp-json\/wp\/v2\/product_brand?post=995"},{"taxonomy":"product_cat","embeddable":true,"href":"https:\/\/ctsaul.com\/tienda\/wp-json\/wp\/v2\/product_cat?post=995"},{"taxonomy":"product_tag","embeddable":true,"href":"https:\/\/ctsaul.com\/tienda\/wp-json\/wp\/v2\/product_tag?post=995"}],"curies":[{"name":"wp","href":"https:\/\/api.w.org\/{rel}","templated":true}]}}