{"id":993,"date":"2025-03-12T14:32:50","date_gmt":"2025-03-12T19:32:50","guid":{"rendered":"http:\/\/172.16.1.1\/tienda\/?post_type=product&#038;p=993"},"modified":"2025-05-27T14:53:12","modified_gmt":"2025-05-27T19:53:12","slug":"regulador-powest-propc-1000","status":"publish","type":"product","link":"https:\/\/ctsaul.com\/tienda\/producto\/regulador-powest-propc-1000\/","title":{"rendered":"REGULADOR POWEST PROPC 1000"},"content":{"rendered":"<p><strong>Caracter\u00edsticas espec\u00edficas:<\/strong><\/p>\n<ul>\n<li>Modelo: PROPC 1000<\/li>\n<li>Capacidad: 1000VA<\/li>\n<li>Aplicaciones: Equipos de c\u00f3mputo + perif\u00e9ricos<\/li>\n<li>Topolog\u00eda de entrada: Monof\u00e1sica<\/li>\n<li>Voltaje nominal de entrada: 120VAc<\/li>\n<li>Rango de voltaje de entrada: 120 V +\/- 25%<\/li>\n<li>Frecuencia: 60 Hz<\/li>\n<li>Topolog\u00eda de salida: Monof\u00e1sica<\/li>\n<li>Voltaje nominal de salida: 120 VAC<\/li>\n<li>Potencia W:\u00a01000VA\/600W<\/li>\n<li>Frecuencia nominal de salida: 60Hz<\/li>\n<li>Tiempo de respuesta: 6 minutos.<\/li>\n<li>Cantidad de tomas :8 conectores.<\/li>\n<\/ul>\n","protected":false},"excerpt":{"rendered":"<p>Caracter\u00edsticas espec\u00edficas: Modelo: PROPC 1000 Capacidad: 1000VA Aplicaciones: Equipos de c\u00f3mputo + perif\u00e9ricos Topolog\u00eda de entrada: Monof\u00e1sica Voltaje nominal de entrada: 120VAc Rango de voltaje de entrada: 120 V +\/- 25% Frecuencia: 60 Hz Topolog\u00eda de salida: Monof\u00e1sica Voltaje nominal de salida: 120 VAC Potencia W:\u00a01000VA\/600W Frecuencia nominal de salida: 60Hz Tiempo de respuesta: 6 &hellip;<\/p>\n<p class=\"read-more\"> <a class=\" thunk-readmore button \" href=\"https:\/\/ctsaul.com\/tienda\/producto\/regulador-powest-propc-1000\/\"> <span class=\"screen-reader-text\">REGULADOR POWEST PROPC 1000<\/span>Leer m\u00e1s<\/a><\/p>\n","protected":false},"featured_media":994,"comment_status":"open","ping_status":"closed","template":"","meta":[],"product_brand":[121],"product_cat":[143,145],"product_tag":[],"class_list":{"0":"post-993","1":"product","2":"type-product","3":"status-publish","4":"has-post-thumbnail","6":"product_brand-powest","7":"product_cat-regulador-elevador-supresor","8":"product_cat-regulador","9":"thunk-woo-product-list","10":"opn-qv-enable","11":"big-store-woo-hover-zoom","12":"open-single-product-tab-horizontal","13":"open-shadow-","14":"open-shadow-hover-","16":"first","17":"instock","18":"sale","19":"taxable","20":"shipping-taxable","21":"purchasable","22":"product-type-simple"},"_links":{"self":[{"href":"https:\/\/ctsaul.com\/tienda\/wp-json\/wp\/v2\/product\/993","targetHints":{"allow":["GET"]}}],"collection":[{"href":"https:\/\/ctsaul.com\/tienda\/wp-json\/wp\/v2\/product"}],"about":[{"href":"https:\/\/ctsaul.com\/tienda\/wp-json\/wp\/v2\/types\/product"}],"replies":[{"embeddable":true,"href":"https:\/\/ctsaul.com\/tienda\/wp-json\/wp\/v2\/comments?post=993"}],"wp:featuredmedia":[{"embeddable":true,"href":"https:\/\/ctsaul.com\/tienda\/wp-json\/wp\/v2\/media\/994"}],"wp:attachment":[{"href":"https:\/\/ctsaul.com\/tienda\/wp-json\/wp\/v2\/media?parent=993"}],"wp:term":[{"taxonomy":"product_brand","embeddable":true,"href":"https:\/\/ctsaul.com\/tienda\/wp-json\/wp\/v2\/product_brand?post=993"},{"taxonomy":"product_cat","embeddable":true,"href":"https:\/\/ctsaul.com\/tienda\/wp-json\/wp\/v2\/product_cat?post=993"},{"taxonomy":"product_tag","embeddable":true,"href":"https:\/\/ctsaul.com\/tienda\/wp-json\/wp\/v2\/product_tag?post=993"}],"curies":[{"name":"wp","href":"https:\/\/api.w.org\/{rel}","templated":true}]}}