{"id":974,"date":"2025-03-05T10:59:45","date_gmt":"2025-03-05T15:59:45","guid":{"rendered":"http:\/\/172.16.1.1\/tienda\/?post_type=product&#038;p=974"},"modified":"2025-05-27T14:53:21","modified_gmt":"2025-05-27T19:53:21","slug":"regulador-fvr-1001-forza","status":"publish","type":"product","link":"https:\/\/ctsaul.com\/tienda\/producto\/regulador-fvr-1001-forza\/","title":{"rendered":"REGULADOR FVR-1001 FORZA"},"content":{"rendered":"<div class=\"page-title-wrapper product\" data-v-01385bd4=\"\">\n<h2 class=\"page-title page-title-original\" data-v-01385bd4=\"\">Regulador autom\u00e1tico de voltaje 1000VA\/500W, 4 salidas, temp-115V<\/h2>\n<\/div>\n<div class=\"product attribute overview\" data-v-01385bd4=\"\">\n<div class=\"value\" data-v-01385bd4=\"\">\n<ul class=\"ul-specs product-detail-ul\" data-v-01385bd4=\"\">\n<li data-v-01385bd4=\"\"><strong data-v-01385bd4=\"\">MPN:<\/strong>\u00a0FVR-1001<\/li>\n<li data-v-01385bd4=\"\"><strong data-v-01385bd4=\"\">Capacidad:<\/strong>\u00a0<span data-v-01385bd4=\"\">1000VA\/500W<\/span><\/li>\n<li data-v-01385bd4=\"\"><strong data-v-01385bd4=\"\">Voltaje:\u00a0<\/strong>\n<div data-v-01385bd4=\"\">115V<\/div>\n<\/li>\n<li data-v-01385bd4=\"\"><strong data-v-01385bd4=\"\">Tipo de entrada:\u00a0<\/strong>\n<div data-v-01385bd4=\"\">NEMA 5-15P<\/div>\n<\/li>\n<li data-v-01385bd4=\"\"><strong data-v-01385bd4=\"\">Tipo de salida:\u00a0<\/strong>\n<div data-v-01385bd4=\"\">4 x NEMA 5-15R<\/div>\n<\/li>\n<li data-v-01385bd4=\"\">\n<h4 class=\"text-black\" data-v-01385bd4=\"\">Indicador visual LED<\/h4>\n<div data-v-01385bd4=\"\">Informaci\u00f3n a la vista<\/div>\n<h5 data-v-01385bd4=\"\"><span data-v-01385bd4=\"\">Exhibe el estado funcional del regulador de voltaje (AVR)<\/span><\/h5>\n<\/li>\n<li data-v-01385bd4=\"\">\n<h4 class=\"text-black\" data-v-01385bd4=\"\">Protecci\u00f3n para l\u00ednea de datos<\/h4>\n<div data-v-01385bd4=\"\">Protecci\u00f3n para se\u00f1ales de datos por l\u00ednea telef\u00f3nica y de red<\/div>\n<h5 data-v-01385bd4=\"\"><span data-v-01385bd4=\"\">Resguarda sus equipos de comunicaci\u00f3n contra el efecto nocivo de cargas par\u00e1sitas<\/span><\/h5>\n<\/li>\n<\/ul>\n<\/div>\n<\/div>\n","protected":false},"excerpt":{"rendered":"<p>Regulador autom\u00e1tico de voltaje 1000VA\/500W, 4 salidas, temp-115V MPN:\u00a0FVR-1001 Capacidad:\u00a01000VA\/500W Voltaje:\u00a0 115V Tipo de entrada:\u00a0 NEMA 5-15P Tipo de salida:\u00a0 4 x NEMA 5-15R Indicador visual LED Informaci\u00f3n a la vista Exhibe el estado funcional del regulador de voltaje (AVR) Protecci\u00f3n para l\u00ednea de datos Protecci\u00f3n para se\u00f1ales de datos por l\u00ednea telef\u00f3nica y de &hellip;<\/p>\n<p class=\"read-more\"> <a class=\" thunk-readmore button \" href=\"https:\/\/ctsaul.com\/tienda\/producto\/regulador-fvr-1001-forza\/\"> <span class=\"screen-reader-text\">REGULADOR FVR-1001 FORZA<\/span>Leer m\u00e1s<\/a><\/p>\n","protected":false},"featured_media":975,"comment_status":"open","ping_status":"closed","template":"","meta":[],"product_brand":[112],"product_cat":[143,145],"product_tag":[],"class_list":{"0":"post-974","1":"product","2":"type-product","3":"status-publish","4":"has-post-thumbnail","6":"product_brand-forza","7":"product_cat-regulador-elevador-supresor","8":"product_cat-regulador","9":"thunk-woo-product-list","10":"opn-qv-enable","11":"big-store-woo-hover-zoom","12":"open-single-product-tab-horizontal","13":"open-shadow-","14":"open-shadow-hover-","16":"first","17":"instock","18":"sale","19":"taxable","20":"shipping-taxable","21":"purchasable","22":"product-type-simple"},"_links":{"self":[{"href":"https:\/\/ctsaul.com\/tienda\/wp-json\/wp\/v2\/product\/974","targetHints":{"allow":["GET"]}}],"collection":[{"href":"https:\/\/ctsaul.com\/tienda\/wp-json\/wp\/v2\/product"}],"about":[{"href":"https:\/\/ctsaul.com\/tienda\/wp-json\/wp\/v2\/types\/product"}],"replies":[{"embeddable":true,"href":"https:\/\/ctsaul.com\/tienda\/wp-json\/wp\/v2\/comments?post=974"}],"wp:featuredmedia":[{"embeddable":true,"href":"https:\/\/ctsaul.com\/tienda\/wp-json\/wp\/v2\/media\/975"}],"wp:attachment":[{"href":"https:\/\/ctsaul.com\/tienda\/wp-json\/wp\/v2\/media?parent=974"}],"wp:term":[{"taxonomy":"product_brand","embeddable":true,"href":"https:\/\/ctsaul.com\/tienda\/wp-json\/wp\/v2\/product_brand?post=974"},{"taxonomy":"product_cat","embeddable":true,"href":"https:\/\/ctsaul.com\/tienda\/wp-json\/wp\/v2\/product_cat?post=974"},{"taxonomy":"product_tag","embeddable":true,"href":"https:\/\/ctsaul.com\/tienda\/wp-json\/wp\/v2\/product_tag?post=974"}],"curies":[{"name":"wp","href":"https:\/\/api.w.org\/{rel}","templated":true}]}}