{"id":969,"date":"2025-03-05T10:02:45","date_gmt":"2025-03-05T15:02:45","guid":{"rendered":"http:\/\/172.16.1.1\/tienda\/?post_type=product&#038;p=969"},"modified":"2025-05-27T14:53:41","modified_gmt":"2025-05-27T19:53:41","slug":"supresor-de-picos-airmatic-220vac-20a-powest","status":"publish","type":"product","link":"https:\/\/ctsaul.com\/tienda\/producto\/supresor-de-picos-airmatic-220vac-20a-powest\/","title":{"rendered":"SUPRESOR DE PICOS AIRMATIC 220VAC &#8211; 20A POWEST"},"content":{"rendered":"<h2 role=\"heading\" aria-level=\"3\">AIRMATIC 220VAC &#8211; 20A POWEST<\/h2>\n<p>IDEAL PARA AIRES ACONDICIONADOS DE CONFORT, MINI-SPLIT FIJO O PORTATIL.<\/p>\n<div class=\"co8aDb\" role=\"heading\" aria-level=\"3\"><b>Descripci\u00f3n<\/b><\/div>\n<div class=\"RqBzHd\">\n<ul class=\"i8Z77e\">\n<li class=\"TrT0Xe\">Capacidad: 4400W \/\u00a0<b>20A<\/b>.<\/li>\n<li class=\"TrT0Xe\">Aplicaciones: Equipos de aire acondicionado hasta 36.000BTU.<\/li>\n<li class=\"TrT0Xe\">Voltaje: Rango correcto de operaci\u00f3n entre 160 AC a 255 VAC.<\/li>\n<li class=\"TrT0Xe\">Frecuencia: 60Hz.<\/li>\n<li class=\"TrT0Xe\">Conexi\u00f3n: NEMA 6-20P.<\/li>\n<li class=\"TrT0Xe\">Temperatura de operaci\u00f3n: M\u00e1ximo 55\u00b0C.<\/li>\n<li class=\"TrT0Xe\">Humedad: Menor al 85% sin condensaci\u00f3n.<\/li>\n<\/ul>\n<\/div>\n","protected":false},"excerpt":{"rendered":"<p>AIRMATIC 220VAC &#8211; 20A POWEST IDEAL PARA AIRES ACONDICIONADOS DE CONFORT, MINI-SPLIT FIJO O PORTATIL. Descripci\u00f3n Capacidad: 4400W \/\u00a020A. Aplicaciones: Equipos de aire acondicionado hasta 36.000BTU. Voltaje: Rango correcto de operaci\u00f3n entre 160 AC a 255 VAC. Frecuencia: 60Hz. Conexi\u00f3n: NEMA 6-20P. Temperatura de operaci\u00f3n: M\u00e1ximo 55\u00b0C. Humedad: Menor al 85% sin condensaci\u00f3n.<\/p>\n","protected":false},"featured_media":970,"comment_status":"open","ping_status":"closed","template":"","meta":[],"product_brand":[121],"product_cat":[143,144],"product_tag":[],"class_list":{"0":"post-969","1":"product","2":"type-product","3":"status-publish","4":"has-post-thumbnail","6":"product_brand-powest","7":"product_cat-regulador-elevador-supresor","8":"product_cat-supresor-de-picos","9":"thunk-woo-product-list","10":"opn-qv-enable","11":"big-store-woo-hover-zoom","12":"open-single-product-tab-horizontal","13":"open-shadow-","14":"open-shadow-hover-","16":"first","17":"instock","18":"sale","19":"taxable","20":"shipping-taxable","21":"purchasable","22":"product-type-simple"},"_links":{"self":[{"href":"https:\/\/ctsaul.com\/tienda\/wp-json\/wp\/v2\/product\/969","targetHints":{"allow":["GET"]}}],"collection":[{"href":"https:\/\/ctsaul.com\/tienda\/wp-json\/wp\/v2\/product"}],"about":[{"href":"https:\/\/ctsaul.com\/tienda\/wp-json\/wp\/v2\/types\/product"}],"replies":[{"embeddable":true,"href":"https:\/\/ctsaul.com\/tienda\/wp-json\/wp\/v2\/comments?post=969"}],"wp:featuredmedia":[{"embeddable":true,"href":"https:\/\/ctsaul.com\/tienda\/wp-json\/wp\/v2\/media\/970"}],"wp:attachment":[{"href":"https:\/\/ctsaul.com\/tienda\/wp-json\/wp\/v2\/media?parent=969"}],"wp:term":[{"taxonomy":"product_brand","embeddable":true,"href":"https:\/\/ctsaul.com\/tienda\/wp-json\/wp\/v2\/product_brand?post=969"},{"taxonomy":"product_cat","embeddable":true,"href":"https:\/\/ctsaul.com\/tienda\/wp-json\/wp\/v2\/product_cat?post=969"},{"taxonomy":"product_tag","embeddable":true,"href":"https:\/\/ctsaul.com\/tienda\/wp-json\/wp\/v2\/product_tag?post=969"}],"curies":[{"name":"wp","href":"https:\/\/api.w.org\/{rel}","templated":true}]}}