{"id":965,"date":"2025-03-05T09:36:41","date_gmt":"2025-03-05T14:36:41","guid":{"rendered":"http:\/\/172.16.1.1\/tienda\/?post_type=product&#038;p=965"},"modified":"2025-05-27T14:53:58","modified_gmt":"2025-05-27T19:53:58","slug":"supresor-de-picos-lavomatic-powest","status":"publish","type":"product","link":"https:\/\/ctsaul.com\/tienda\/producto\/supresor-de-picos-lavomatic-powest\/","title":{"rendered":"SUPRESOR DE PICOS LAVOMATIC POWEST"},"content":{"rendered":"<h1>Caracter\u00edsticas Principales<\/h1>\n<p>\u2022 Capacidad de 1200W.<\/p>\n<p>\u2022 Ideal para lavadoras de hasta 30 Libras.<\/p>\n<p>\u2022 Monitoreo de red el\u00e9ctrica: 30 segundos.<\/p>\n<p>\u2022 Duradero, resistente y no inflamable.<\/p>\n<p>\u2022 Dise\u00f1o compacto y moderno.<\/p>\n<p>Protector de voltaje Lavomatic 120vac\/10a (1200w) powest las variaciones de la corriente el\u00e9ctrica generan da\u00f1os en sus equipos, por eso nosotros creamos productos que nos permitan proteger y cuidar los diferentes electrodom\u00e9sticos de su hogar.<\/p>\n<p>\u2022 Protecci\u00f3n contra alto y bajo voltaje.<\/p>\n<p>\u2022 Protecci\u00f3n contra apagones.<\/p>\n<p>\u2022 Temporizador interno de restablecimiento de treinta (30) segundos (aprox).<\/p>\n<p>\u2022 Conexi\u00f3n a tierra.<\/p>\n<p>\u2022 Indicadores luminosos de voltaje alto, voltaje bajo, ciclo de espera y voltaje normal.<\/p>\n<p>\u2022 Protecci\u00f3n de equipos hasta 10 AMP.<\/p>\n<p>\u2022 F\u00e1cil instalaci\u00f3n.<\/p>\n<h1>Ficha T\u00e9cnica:<\/h1>\n<p>Rango de condici\u00f3n normal: 100-130 VAC.<\/p>\n<p>Capacidad 1.200W.<\/p>\n<p>Tiempo de detecci\u00f3n de falla: 1 Segundo.<\/p>\n<p>Tiempo de restablecimiento: 30 segundos Aprox.<\/p>\n<p>Capacidad de carga m\u00e1xima: 10A a 120 VAC.<\/p>\n<p>Modo Normal LED indicador luminoso verde (100 a 130VAC)<\/p>\n<p>Temporizado (30 segundos) LED indicador luminoso Amarillo<\/p>\n<p>Detecci\u00f3n voltaje Bajo LED indicador luminoso Rojo + Amarillo indicando el inicio de temporalizaci\u00f3n una vez retorne al rango correcto (menor a 100VAC)<\/p>\n<p>Detecci\u00f3n voltaje Alto LED indicador luminoso Rojo + Amarillo indicando el inicio de temporalizaci\u00f3n una vez retorne al rango correcto (mayor a 130VAC).<\/p>\n","protected":false},"excerpt":{"rendered":"<p>Caracter\u00edsticas Principales \u2022 Capacidad de 1200W. \u2022 Ideal para lavadoras de hasta 30 Libras. \u2022 Monitoreo de red el\u00e9ctrica: 30 segundos. \u2022 Duradero, resistente y no inflamable. \u2022 Dise\u00f1o compacto y moderno. Protector de voltaje Lavomatic 120vac\/10a (1200w) powest las variaciones de la corriente el\u00e9ctrica generan da\u00f1os en sus equipos, por eso nosotros creamos productos &hellip;<\/p>\n<p class=\"read-more\"> <a class=\" thunk-readmore button \" href=\"https:\/\/ctsaul.com\/tienda\/producto\/supresor-de-picos-lavomatic-powest\/\"> <span class=\"screen-reader-text\">SUPRESOR DE PICOS LAVOMATIC POWEST<\/span>Leer m\u00e1s<\/a><\/p>\n","protected":false},"featured_media":966,"comment_status":"open","ping_status":"closed","template":"","meta":[],"product_brand":[121],"product_cat":[143,144],"product_tag":[],"class_list":{"0":"post-965","1":"product","2":"type-product","3":"status-publish","4":"has-post-thumbnail","6":"product_brand-powest","7":"product_cat-regulador-elevador-supresor","8":"product_cat-supresor-de-picos","9":"thunk-woo-product-list","10":"opn-qv-enable","11":"big-store-woo-hover-zoom","12":"open-single-product-tab-horizontal","13":"open-shadow-","14":"open-shadow-hover-","16":"first","17":"instock","18":"sale","19":"taxable","20":"shipping-taxable","21":"purchasable","22":"product-type-simple"},"_links":{"self":[{"href":"https:\/\/ctsaul.com\/tienda\/wp-json\/wp\/v2\/product\/965","targetHints":{"allow":["GET"]}}],"collection":[{"href":"https:\/\/ctsaul.com\/tienda\/wp-json\/wp\/v2\/product"}],"about":[{"href":"https:\/\/ctsaul.com\/tienda\/wp-json\/wp\/v2\/types\/product"}],"replies":[{"embeddable":true,"href":"https:\/\/ctsaul.com\/tienda\/wp-json\/wp\/v2\/comments?post=965"}],"wp:featuredmedia":[{"embeddable":true,"href":"https:\/\/ctsaul.com\/tienda\/wp-json\/wp\/v2\/media\/966"}],"wp:attachment":[{"href":"https:\/\/ctsaul.com\/tienda\/wp-json\/wp\/v2\/media?parent=965"}],"wp:term":[{"taxonomy":"product_brand","embeddable":true,"href":"https:\/\/ctsaul.com\/tienda\/wp-json\/wp\/v2\/product_brand?post=965"},{"taxonomy":"product_cat","embeddable":true,"href":"https:\/\/ctsaul.com\/tienda\/wp-json\/wp\/v2\/product_cat?post=965"},{"taxonomy":"product_tag","embeddable":true,"href":"https:\/\/ctsaul.com\/tienda\/wp-json\/wp\/v2\/product_tag?post=965"}],"curies":[{"name":"wp","href":"https:\/\/api.w.org\/{rel}","templated":true}]}}