{"id":959,"date":"2025-03-04T16:58:56","date_gmt":"2025-03-04T21:58:56","guid":{"rendered":"http:\/\/172.16.1.1\/tienda\/?post_type=product&#038;p=959"},"modified":"2025-05-27T14:54:28","modified_gmt":"2025-05-27T19:54:28","slug":"supresor-de-picos-0200c-p2-forza","status":"publish","type":"product","link":"https:\/\/ctsaul.com\/tienda\/producto\/supresor-de-picos-0200c-p2-forza\/","title":{"rendered":"SUPRESOR DE PICOS 0200C P2 FORZA"},"content":{"rendered":"<h3>\u00a0Caracter\u00edsticas principales:<\/h3>\n<ul>\n<li>Regulaci\u00f3n Autom\u00e1tica de Voltaje (AVR)<\/li>\n<li>Corrige autom\u00e1ticamente las variaciones de voltaje (subidas y bajadas) en la red el\u00e9ctrica, proporcionando una corriente estable a tus dispositivos electr\u00f3nicos sensibles, evitando da\u00f1os por fluctuaciones.<\/li>\n<li>Protecci\u00f3n contra Sobretensiones: Absorbe picos de voltaje da\u00f1inos causados por rayos, tormentas el\u00e9ctricas u otras fuentes transitorias, salvaguardando tus equipos electr\u00f3nicos.<\/li>\n<li>Capacidad de 18000 vatios:<\/li>\n<li>Protecci\u00f3n Coaxial: Incluye protecci\u00f3n para tu conexi\u00f3n de cable coaxial, evitando da\u00f1os potenciales por sobretensiones en la l\u00ednea de cable.<\/li>\n<li>Indicador LED de Estado: Muestra visualmente el estado de la protecci\u00f3n y la alimentaci\u00f3n, brind\u00e1ndote tranquilidad sobre la seguridad de tus equipos.<\/li>\n<li>Dise\u00f1o Compacto y Vers\u00e1til: Su tama\u00f1o reducido permite una f\u00e1cil instalaci\u00f3n en diversos entornos, ya sea en el hogar, la oficina o cualquier otro espacio de trabajo.<\/li>\n<li>Beneficios del Forza Voltage Protector FVP-0200C: Prolonga la vida \u00fatil de tus equipos electr\u00f3nicos: Al protegerlos de las fluctuaciones de voltaje da\u00f1inas, el FVP-0200C previene el deterioro prematuro y posibles aver\u00edas.<\/li>\n<\/ul>\n","protected":false},"excerpt":{"rendered":"<p>\u00a0Caracter\u00edsticas principales: Regulaci\u00f3n Autom\u00e1tica de Voltaje (AVR) Corrige autom\u00e1ticamente las variaciones de voltaje (subidas y bajadas) en la red el\u00e9ctrica, proporcionando una corriente estable a tus dispositivos electr\u00f3nicos sensibles, evitando da\u00f1os por fluctuaciones. Protecci\u00f3n contra Sobretensiones: Absorbe picos de voltaje da\u00f1inos causados por rayos, tormentas el\u00e9ctricas u otras fuentes transitorias, salvaguardando tus equipos electr\u00f3nicos. Capacidad &hellip;<\/p>\n<p class=\"read-more\"> <a class=\" thunk-readmore button \" href=\"https:\/\/ctsaul.com\/tienda\/producto\/supresor-de-picos-0200c-p2-forza\/\"> <span class=\"screen-reader-text\">SUPRESOR DE PICOS 0200C P2 FORZA<\/span>Leer m\u00e1s<\/a><\/p>\n","protected":false},"featured_media":960,"comment_status":"open","ping_status":"closed","template":"","meta":[],"product_brand":[112],"product_cat":[143,144],"product_tag":[],"class_list":{"0":"post-959","1":"product","2":"type-product","3":"status-publish","4":"has-post-thumbnail","6":"product_brand-forza","7":"product_cat-regulador-elevador-supresor","8":"product_cat-supresor-de-picos","9":"thunk-woo-product-list","10":"opn-qv-enable","11":"big-store-woo-hover-zoom","12":"open-single-product-tab-horizontal","13":"open-shadow-","14":"open-shadow-hover-","16":"first","17":"instock","18":"sale","19":"taxable","20":"shipping-taxable","21":"purchasable","22":"product-type-simple"},"_links":{"self":[{"href":"https:\/\/ctsaul.com\/tienda\/wp-json\/wp\/v2\/product\/959","targetHints":{"allow":["GET"]}}],"collection":[{"href":"https:\/\/ctsaul.com\/tienda\/wp-json\/wp\/v2\/product"}],"about":[{"href":"https:\/\/ctsaul.com\/tienda\/wp-json\/wp\/v2\/types\/product"}],"replies":[{"embeddable":true,"href":"https:\/\/ctsaul.com\/tienda\/wp-json\/wp\/v2\/comments?post=959"}],"wp:featuredmedia":[{"embeddable":true,"href":"https:\/\/ctsaul.com\/tienda\/wp-json\/wp\/v2\/media\/960"}],"wp:attachment":[{"href":"https:\/\/ctsaul.com\/tienda\/wp-json\/wp\/v2\/media?parent=959"}],"wp:term":[{"taxonomy":"product_brand","embeddable":true,"href":"https:\/\/ctsaul.com\/tienda\/wp-json\/wp\/v2\/product_brand?post=959"},{"taxonomy":"product_cat","embeddable":true,"href":"https:\/\/ctsaul.com\/tienda\/wp-json\/wp\/v2\/product_cat?post=959"},{"taxonomy":"product_tag","embeddable":true,"href":"https:\/\/ctsaul.com\/tienda\/wp-json\/wp\/v2\/product_tag?post=959"}],"curies":[{"name":"wp","href":"https:\/\/api.w.org\/{rel}","templated":true}]}}