{"id":95,"date":"2025-02-17T17:56:46","date_gmt":"2025-02-17T22:56:46","guid":{"rendered":"http:\/\/172.16.1.1\/tienda\/?post_type=product&#038;p=95"},"modified":"2025-03-28T11:13:51","modified_gmt":"2025-03-28T16:13:51","slug":"combo-slimstar-8000se-inalambrico-genius","status":"publish","type":"product","link":"https:\/\/ctsaul.com\/tienda\/producto\/combo-slimstar-8000se-inalambrico-genius\/","title":{"rendered":"COMBO SLIMSTAR 8000SE INAL\u00c1MBRICO GENIUS"},"content":{"rendered":"<ul class=\"i8Z77e\">\n<li class=\"TrT0Xe\">Kit compuesto por teclado SlimStar\u00a0<b>8000SE<\/b>\u00a0y\u00a0<b>mouse<\/b>\u00a0SlimStar\u00a0<b>8000SE<\/b>.<\/li>\n<li class=\"TrT0Xe\">Bater\u00eda incluida.<\/li>\n<li class=\"TrT0Xe\">Teclado con switch membrana.<\/li>\n<li class=\"TrT0Xe\">Idioma del teclado: Espa\u00f1ol.<\/li>\n<li class=\"TrT0Xe\"><b>Mouse<\/b>\u00a0con sensor \u00f3ptico y resoluci\u00f3n de 1000 dpi.<\/li>\n<li class=\"TrT0Xe\">Combinaci\u00f3n perfecta y completa para distintas actividades diarias.<\/li>\n<\/ul>\n","protected":false},"excerpt":{"rendered":"<p>Kit compuesto por teclado SlimStar\u00a08000SE\u00a0y\u00a0mouse\u00a0SlimStar\u00a08000SE. Bater\u00eda incluida. Teclado con switch membrana. Idioma del teclado: Espa\u00f1ol. Mouse\u00a0con sensor \u00f3ptico y resoluci\u00f3n de 1000 dpi. Combinaci\u00f3n perfecta y completa para distintas actividades diarias.<\/p>\n","protected":false},"featured_media":96,"comment_status":"open","ping_status":"closed","template":"","meta":[],"product_brand":[24],"product_cat":[18,25,19,21],"product_tag":[],"class_list":{"0":"post-95","1":"product","2":"type-product","3":"status-publish","4":"has-post-thumbnail","6":"product_brand-genius","7":"product_cat-accesoriospcyportatil","8":"product_cat-accesoriospc-accesoriospc","9":"product_cat-mouse","10":"product_cat-teclados","11":"thunk-woo-product-list","12":"opn-qv-enable","13":"big-store-woo-hover-zoom","14":"open-single-product-tab-horizontal","15":"open-shadow-","16":"open-shadow-hover-","18":"first","19":"instock","20":"sale","21":"taxable","22":"shipping-taxable","23":"purchasable","24":"product-type-simple"},"_links":{"self":[{"href":"https:\/\/ctsaul.com\/tienda\/wp-json\/wp\/v2\/product\/95","targetHints":{"allow":["GET"]}}],"collection":[{"href":"https:\/\/ctsaul.com\/tienda\/wp-json\/wp\/v2\/product"}],"about":[{"href":"https:\/\/ctsaul.com\/tienda\/wp-json\/wp\/v2\/types\/product"}],"replies":[{"embeddable":true,"href":"https:\/\/ctsaul.com\/tienda\/wp-json\/wp\/v2\/comments?post=95"}],"wp:featuredmedia":[{"embeddable":true,"href":"https:\/\/ctsaul.com\/tienda\/wp-json\/wp\/v2\/media\/96"}],"wp:attachment":[{"href":"https:\/\/ctsaul.com\/tienda\/wp-json\/wp\/v2\/media?parent=95"}],"wp:term":[{"taxonomy":"product_brand","embeddable":true,"href":"https:\/\/ctsaul.com\/tienda\/wp-json\/wp\/v2\/product_brand?post=95"},{"taxonomy":"product_cat","embeddable":true,"href":"https:\/\/ctsaul.com\/tienda\/wp-json\/wp\/v2\/product_cat?post=95"},{"taxonomy":"product_tag","embeddable":true,"href":"https:\/\/ctsaul.com\/tienda\/wp-json\/wp\/v2\/product_tag?post=95"}],"curies":[{"name":"wp","href":"https:\/\/api.w.org\/{rel}","templated":true}]}}