{"id":946,"date":"2025-03-03T15:16:56","date_gmt":"2025-03-03T20:16:56","guid":{"rendered":"http:\/\/172.16.1.1\/tienda\/?post_type=product&#038;p=946"},"modified":"2025-05-27T15:05:06","modified_gmt":"2025-05-27T20:05:06","slug":"bateria-seca-12v-9ah-netion","status":"publish","type":"product","link":"https:\/\/ctsaul.com\/tienda\/producto\/bateria-seca-12v-9ah-netion\/","title":{"rendered":"BATERIA SECA 12V 9AH NETION"},"content":{"rendered":"<h2 class=\"ui-pdp-description__title\" data-testid=\"title\">Descripci\u00f3n<\/h2>\n<p class=\"ui-pdp-description__content\" data-testid=\"content\">12V-9AH<\/p>\n<p>Bater\u00eda NETION 12V 9ah. HX12-9A<br \/>\nDimensiones 12v 9ah: 151 x 65 x 101 mm Peso: 2.7 Kg<br \/>\nSistema de alarma y seguridad.<br \/>\nSistema de televisi\u00f3n por cable.<br \/>\nHerramientas el\u00e9ctricas y equipos el\u00e9ctricos.<br \/>\nIluminaci\u00f3n de emergencia.<br \/>\nEquipos m\u00e9dicos.<br \/>\nSistema de UPS.<br \/>\nEquipos de comunicaci\u00f3n.<br \/>\nJuguetes.<\/p>\n","protected":false},"excerpt":{"rendered":"<p>Descripci\u00f3n 12V-9AH Bater\u00eda NETION 12V 9ah. HX12-9A Dimensiones 12v 9ah: 151 x 65 x 101 mm Peso: 2.7 Kg Sistema de alarma y seguridad. Sistema de televisi\u00f3n por cable. Herramientas el\u00e9ctricas y equipos el\u00e9ctricos. Iluminaci\u00f3n de emergencia. Equipos m\u00e9dicos. Sistema de UPS. Equipos de comunicaci\u00f3n. Juguetes.<\/p>\n","protected":false},"featured_media":947,"comment_status":"open","ping_status":"closed","template":"","meta":[],"product_brand":[141],"product_cat":[129,127],"product_tag":[],"class_list":{"0":"post-946","1":"product","2":"type-product","3":"status-publish","4":"has-post-thumbnail","6":"product_brand-netion","7":"product_cat-baterias","8":"product_cat-baterias-secas","9":"thunk-woo-product-list","10":"opn-qv-enable","11":"big-store-woo-hover-zoom","12":"open-single-product-tab-horizontal","13":"open-shadow-","14":"open-shadow-hover-","16":"first","17":"instock","18":"sale","19":"taxable","20":"shipping-taxable","21":"purchasable","22":"product-type-simple"},"_links":{"self":[{"href":"https:\/\/ctsaul.com\/tienda\/wp-json\/wp\/v2\/product\/946","targetHints":{"allow":["GET"]}}],"collection":[{"href":"https:\/\/ctsaul.com\/tienda\/wp-json\/wp\/v2\/product"}],"about":[{"href":"https:\/\/ctsaul.com\/tienda\/wp-json\/wp\/v2\/types\/product"}],"replies":[{"embeddable":true,"href":"https:\/\/ctsaul.com\/tienda\/wp-json\/wp\/v2\/comments?post=946"}],"wp:featuredmedia":[{"embeddable":true,"href":"https:\/\/ctsaul.com\/tienda\/wp-json\/wp\/v2\/media\/947"}],"wp:attachment":[{"href":"https:\/\/ctsaul.com\/tienda\/wp-json\/wp\/v2\/media?parent=946"}],"wp:term":[{"taxonomy":"product_brand","embeddable":true,"href":"https:\/\/ctsaul.com\/tienda\/wp-json\/wp\/v2\/product_brand?post=946"},{"taxonomy":"product_cat","embeddable":true,"href":"https:\/\/ctsaul.com\/tienda\/wp-json\/wp\/v2\/product_cat?post=946"},{"taxonomy":"product_tag","embeddable":true,"href":"https:\/\/ctsaul.com\/tienda\/wp-json\/wp\/v2\/product_tag?post=946"}],"curies":[{"name":"wp","href":"https:\/\/api.w.org\/{rel}","templated":true}]}}