{"id":936,"date":"2025-03-03T14:44:21","date_gmt":"2025-03-03T19:44:21","guid":{"rendered":"http:\/\/172.16.1.1\/tienda\/?post_type=product&#038;p=936"},"modified":"2025-05-27T15:08:23","modified_gmt":"2025-05-27T20:08:23","slug":"parlante-x12-rgb-1409g5-kisonli","status":"publish","type":"product","link":"https:\/\/ctsaul.com\/tienda\/producto\/parlante-x12-rgb-1409g5-kisonli\/","title":{"rendered":"PARLANTE X12 RGB 1409G5 KISONLI"},"content":{"rendered":"<h3>CARACTERISTICAS<\/h3>\n<ul>\n<li>Fuente de alimentaci\u00f3n:<br \/>\nUSB<\/li>\n<li>APLICACI\u00d3N de soporte:<br \/>\nNo<\/li>\n<li>Bater\u00eda:<br \/>\nNo<\/li>\n<li>N\u00famero de caja de altavoz:<br \/>\n2<\/li>\n<li>Cruce de audio:<br \/>\nRango completo<\/li>\n<li>Tipo de conjunto:<br \/>\nAltavoz<\/li>\n<li>Material:<br \/>\nPl\u00e1stico, Pl\u00e1stico ABS<\/li>\n<li>Impermeable:<br \/>\nNo<\/li>\n<li>Comunicaci\u00f3n:<br \/>\nAUX, Bluetooth, USB<\/li>\n<li>Soporte de tarjeta de memoria:<br \/>\nNo<\/li>\n<li>Tipo de altavoz:<br \/>\nALTAVOZ DE COMPUTADORA<\/li>\n<li>Control remoto:<br \/>\nNo<\/li>\n<li>Material del gabinete:<br \/>\nEl plastico<\/li>\n<li>Pantalla de visualizaci\u00f3n:<br \/>\nNo<\/li>\n<li>Asistente personal inteligente:<br \/>\nNinguna<\/li>\n<li>Control de voz:<br \/>\nNo<\/li>\n<\/ul>\n","protected":false},"excerpt":{"rendered":"<p>CARACTERISTICAS Fuente de alimentaci\u00f3n: USB APLICACI\u00d3N de soporte: No Bater\u00eda: No N\u00famero de caja de altavoz: 2 Cruce de audio: Rango completo Tipo de conjunto: Altavoz Material: Pl\u00e1stico, Pl\u00e1stico ABS Impermeable: No Comunicaci\u00f3n: AUX, Bluetooth, USB Soporte de tarjeta de memoria: No Tipo de altavoz: ALTAVOZ DE COMPUTADORA Control remoto: No Material del gabinete: El &hellip;<\/p>\n<p class=\"read-more\"> <a class=\" thunk-readmore button \" href=\"https:\/\/ctsaul.com\/tienda\/producto\/parlante-x12-rgb-1409g5-kisonli\/\"> <span class=\"screen-reader-text\">PARLANTE X12 RGB 1409G5 KISONLI<\/span>Leer m\u00e1s<\/a><\/p>\n","protected":false},"featured_media":937,"comment_status":"open","ping_status":"closed","template":"","meta":[],"product_brand":[140],"product_cat":[18,135],"product_tag":[],"class_list":{"0":"post-936","1":"product","2":"type-product","3":"status-publish","4":"has-post-thumbnail","6":"product_brand-kisonli","7":"product_cat-accesoriospcyportatil","8":"product_cat-parlantes","9":"thunk-woo-product-list","10":"opn-qv-enable","11":"big-store-woo-hover-zoom","12":"open-single-product-tab-horizontal","13":"open-shadow-","14":"open-shadow-hover-","16":"first","17":"instock","18":"sale","19":"taxable","20":"shipping-taxable","21":"purchasable","22":"product-type-simple"},"_links":{"self":[{"href":"https:\/\/ctsaul.com\/tienda\/wp-json\/wp\/v2\/product\/936","targetHints":{"allow":["GET"]}}],"collection":[{"href":"https:\/\/ctsaul.com\/tienda\/wp-json\/wp\/v2\/product"}],"about":[{"href":"https:\/\/ctsaul.com\/tienda\/wp-json\/wp\/v2\/types\/product"}],"replies":[{"embeddable":true,"href":"https:\/\/ctsaul.com\/tienda\/wp-json\/wp\/v2\/comments?post=936"}],"wp:featuredmedia":[{"embeddable":true,"href":"https:\/\/ctsaul.com\/tienda\/wp-json\/wp\/v2\/media\/937"}],"wp:attachment":[{"href":"https:\/\/ctsaul.com\/tienda\/wp-json\/wp\/v2\/media?parent=936"}],"wp:term":[{"taxonomy":"product_brand","embeddable":true,"href":"https:\/\/ctsaul.com\/tienda\/wp-json\/wp\/v2\/product_brand?post=936"},{"taxonomy":"product_cat","embeddable":true,"href":"https:\/\/ctsaul.com\/tienda\/wp-json\/wp\/v2\/product_cat?post=936"},{"taxonomy":"product_tag","embeddable":true,"href":"https:\/\/ctsaul.com\/tienda\/wp-json\/wp\/v2\/product_tag?post=936"}],"curies":[{"name":"wp","href":"https:\/\/api.w.org\/{rel}","templated":true}]}}