{"id":934,"date":"2025-03-03T14:36:00","date_gmt":"2025-03-03T19:36:00","guid":{"rendered":"http:\/\/172.16.1.1\/tienda\/?post_type=product&#038;p=934"},"modified":"2025-05-27T15:09:26","modified_gmt":"2025-05-27T20:09:26","slug":"parlante-1124g-4-v360-kisonli","status":"publish","type":"product","link":"https:\/\/ctsaul.com\/tienda\/producto\/parlante-1124g-4-v360-kisonli\/","title":{"rendered":"PARLANTE 1124G-4 V360 KISONLI"},"content":{"rendered":"<h3>Caracter\u00edstica:<\/h3>\n<ul>\n<li>sonido:<br \/>\nest\u00e9reo<\/li>\n<li>Material:<br \/>\nPl\u00e1stico, Estuche de pl\u00e1stico<\/li>\n<li>Impermeable:<br \/>\nNo<\/li>\n<li>Comunicaci\u00f3n:<br \/>\nAUX, USB, l\u00ednea de audio<\/li>\n<li>Soporte de tarjeta de memoria:<br \/>\nNo<\/li>\n<li>Tipo de altavoz:<br \/>\nPort\u00e1til<\/li>\n<li>Control remoto:<br \/>\nNo<\/li>\n<li>Material del gabinete:<br \/>\nEl plastico<\/li>\n<li>Pantalla de visualizaci\u00f3n:<br \/>\nNo<\/li>\n<li>Asistente personal inteligente:<br \/>\nNinguna<\/li>\n<li>Control de voz:<br \/>\nNo<\/li>\n<li>Micr\u00f3fono incorporado:<br \/>\nNo<\/li>\n<\/ul>\n","protected":false},"excerpt":{"rendered":"<p>Caracter\u00edstica: sonido: est\u00e9reo Material: Pl\u00e1stico, Estuche de pl\u00e1stico Impermeable: No Comunicaci\u00f3n: AUX, USB, l\u00ednea de audio Soporte de tarjeta de memoria: No Tipo de altavoz: Port\u00e1til Control remoto: No Material del gabinete: El plastico Pantalla de visualizaci\u00f3n: No Asistente personal inteligente: Ninguna Control de voz: No Micr\u00f3fono incorporado: No<\/p>\n","protected":false},"featured_media":935,"comment_status":"open","ping_status":"closed","template":"","meta":[],"product_brand":[140],"product_cat":[18,135],"product_tag":[],"class_list":{"0":"post-934","1":"product","2":"type-product","3":"status-publish","4":"has-post-thumbnail","6":"product_brand-kisonli","7":"product_cat-accesoriospcyportatil","8":"product_cat-parlantes","9":"thunk-woo-product-list","10":"opn-qv-enable","11":"big-store-woo-hover-zoom","12":"open-single-product-tab-horizontal","13":"open-shadow-","14":"open-shadow-hover-","16":"first","17":"instock","18":"sale","19":"taxable","20":"shipping-taxable","21":"purchasable","22":"product-type-simple"},"_links":{"self":[{"href":"https:\/\/ctsaul.com\/tienda\/wp-json\/wp\/v2\/product\/934","targetHints":{"allow":["GET"]}}],"collection":[{"href":"https:\/\/ctsaul.com\/tienda\/wp-json\/wp\/v2\/product"}],"about":[{"href":"https:\/\/ctsaul.com\/tienda\/wp-json\/wp\/v2\/types\/product"}],"replies":[{"embeddable":true,"href":"https:\/\/ctsaul.com\/tienda\/wp-json\/wp\/v2\/comments?post=934"}],"wp:featuredmedia":[{"embeddable":true,"href":"https:\/\/ctsaul.com\/tienda\/wp-json\/wp\/v2\/media\/935"}],"wp:attachment":[{"href":"https:\/\/ctsaul.com\/tienda\/wp-json\/wp\/v2\/media?parent=934"}],"wp:term":[{"taxonomy":"product_brand","embeddable":true,"href":"https:\/\/ctsaul.com\/tienda\/wp-json\/wp\/v2\/product_brand?post=934"},{"taxonomy":"product_cat","embeddable":true,"href":"https:\/\/ctsaul.com\/tienda\/wp-json\/wp\/v2\/product_cat?post=934"},{"taxonomy":"product_tag","embeddable":true,"href":"https:\/\/ctsaul.com\/tienda\/wp-json\/wp\/v2\/product_tag?post=934"}],"curies":[{"name":"wp","href":"https:\/\/api.w.org\/{rel}","templated":true}]}}