{"id":93,"date":"2025-02-17T17:26:28","date_gmt":"2025-02-17T22:26:28","guid":{"rendered":"http:\/\/172.16.1.1\/tienda\/?post_type=product&#038;p=93"},"modified":"2025-03-28T11:13:58","modified_gmt":"2025-03-28T16:13:58","slug":"combo-mk295-inalambrico-logitech","status":"publish","type":"product","link":"https:\/\/ctsaul.com\/tienda\/producto\/combo-mk295-inalambrico-logitech\/","title":{"rendered":"COMBO MK295 INALAMBRICO LOGITECH"},"content":{"rendered":"<p>La combinaci\u00f3n inal\u00e1mbrica silenciosa Logitech MK295 incluye SilentTouch, una tecnolog\u00eda exclusiva de Logitech que elimina m\u00e1s del 90% del ruido producido por teclados y mouse. Ofrece la misma sensaci\u00f3n de click y escritura que la mejor combinaci\u00f3n de todas y sin molestos ruidos al hacer click o escribir.<\/p>\n<h4 class=\"specs-heading\">Especificaciones t\u00e9cnicas<\/h4>\n<div class=\"specs-column\">\n<div class=\"specs-group\">\n<div class=\"specs-block\">\n<div class=\"specs-description\"><strong>Radio de acci\u00f3n Wi-Fi (en metros)<\/strong>: 10 metros<\/div>\n<\/div>\n<div class=\"specs-block\">\n<h5 class=\"specs-title\">Teclado<\/h5>\n<ul class=\"specs-description-list\">\n<li>SilentTouch Technology<\/li>\n<li>Altura de teclado ajustable<\/li>\n<li>Dise\u00f1o resistente a salpicaduras<\/li>\n<li>Tecnolog\u00eda inal\u00e1mbrica de 2,4\u00a0GHz (10 metros)<\/li>\n<li>Nano receptor USB<\/li>\n<li>Indicador luminoso de bloqueo de may\u00fasculas<\/li>\n<li>Conmutador de encendido\/apagado<\/li>\n<li>2 bater\u00edas AAA (alcalinas)<\/li>\n<\/ul>\n<\/div>\n<div class=\"specs-block\">\n<h5 class=\"specs-title\">Mouse<\/h5>\n<ul class=\"specs-description-list\">\n<li>SilentTouch Technology<\/li>\n<li>Forma contorneada y compacta<\/li>\n<li>Control preciso y uniforme del cursor<\/li>\n<li>Bot\u00f3n de encendido\/apagado<\/li>\n<li>1 pila AA (alcalina\uff09<\/li>\n<\/ul>\n<\/div>\n<\/div>\n<\/div>\n","protected":false},"excerpt":{"rendered":"<p>La combinaci\u00f3n inal\u00e1mbrica silenciosa Logitech MK295 incluye SilentTouch, una tecnolog\u00eda exclusiva de Logitech que elimina m\u00e1s del 90% del ruido producido por teclados y mouse. Ofrece la misma sensaci\u00f3n de click y escritura que la mejor combinaci\u00f3n de todas y sin molestos ruidos al hacer click o escribir. Especificaciones t\u00e9cnicas Radio de acci\u00f3n Wi-Fi (en &hellip;<\/p>\n<p class=\"read-more\"> <a class=\" thunk-readmore button \" href=\"https:\/\/ctsaul.com\/tienda\/producto\/combo-mk295-inalambrico-logitech\/\"> <span class=\"screen-reader-text\">COMBO MK295 INALAMBRICO LOGITECH<\/span>Leer m\u00e1s<\/a><\/p>\n","protected":false},"featured_media":94,"comment_status":"open","ping_status":"closed","template":"","meta":[],"product_brand":[23],"product_cat":[18,25,19,21],"product_tag":[],"class_list":{"0":"post-93","1":"product","2":"type-product","3":"status-publish","4":"has-post-thumbnail","6":"product_brand-logitech","7":"product_cat-accesoriospcyportatil","8":"product_cat-accesoriospc-accesoriospc","9":"product_cat-mouse","10":"product_cat-teclados","11":"thunk-woo-product-list","12":"opn-qv-enable","13":"big-store-woo-hover-zoom","14":"open-single-product-tab-horizontal","15":"open-shadow-","16":"open-shadow-hover-","18":"first","19":"instock","20":"sale","21":"taxable","22":"shipping-taxable","23":"purchasable","24":"product-type-simple"},"_links":{"self":[{"href":"https:\/\/ctsaul.com\/tienda\/wp-json\/wp\/v2\/product\/93","targetHints":{"allow":["GET"]}}],"collection":[{"href":"https:\/\/ctsaul.com\/tienda\/wp-json\/wp\/v2\/product"}],"about":[{"href":"https:\/\/ctsaul.com\/tienda\/wp-json\/wp\/v2\/types\/product"}],"replies":[{"embeddable":true,"href":"https:\/\/ctsaul.com\/tienda\/wp-json\/wp\/v2\/comments?post=93"}],"wp:featuredmedia":[{"embeddable":true,"href":"https:\/\/ctsaul.com\/tienda\/wp-json\/wp\/v2\/media\/94"}],"wp:attachment":[{"href":"https:\/\/ctsaul.com\/tienda\/wp-json\/wp\/v2\/media?parent=93"}],"wp:term":[{"taxonomy":"product_brand","embeddable":true,"href":"https:\/\/ctsaul.com\/tienda\/wp-json\/wp\/v2\/product_brand?post=93"},{"taxonomy":"product_cat","embeddable":true,"href":"https:\/\/ctsaul.com\/tienda\/wp-json\/wp\/v2\/product_cat?post=93"},{"taxonomy":"product_tag","embeddable":true,"href":"https:\/\/ctsaul.com\/tienda\/wp-json\/wp\/v2\/product_tag?post=93"}],"curies":[{"name":"wp","href":"https:\/\/api.w.org\/{rel}","templated":true}]}}