{"id":925,"date":"2025-03-03T11:17:49","date_gmt":"2025-03-03T16:17:49","guid":{"rendered":"http:\/\/172.16.1.1\/tienda\/?post_type=product&#038;p=925"},"modified":"2025-05-27T15:10:06","modified_gmt":"2025-05-27T20:10:06","slug":"lector-de-codigo-inalambrico-40063-jaltech","status":"publish","type":"product","link":"https:\/\/ctsaul.com\/tienda\/producto\/lector-de-codigo-inalambrico-40063-jaltech\/","title":{"rendered":"LECTOR DE CODIGO INALAMBRICO 40063 JALTECH"},"content":{"rendered":"<h3>\u00a0CARACTERISTICAS<\/h3>\n<p>Interfaz: Inal\u00e1mbrico receptor USB<br \/>\n\u2022 Escaneo 1D<br \/>\n\u2022 Velocidad escaneo 200\/s<br \/>\n\u2022 Contenido esc\u00e1ner, receptor, cable y manual<br \/>\n\u2022 Lee c\u00f3digos de barras extensos de m\u00e1s de 50 caracteres como facturas de servicios<br \/>\np\u00fablicos y para recaudo GS-128C<br \/>\n\u2022 Alcance de m\u00e1s de 40 metros<br \/>\n\u2022 Plug and play (no requiere ning\u00fan tipo de configuraci\u00f3n ni calibraci\u00f3n)<br \/>\nTiempo de carga 2 Horas, tiempo de uso 48 Horas<br \/>\nTiene aviso de lectura es un zumbador e indicador Led<\/p>\n","protected":false},"excerpt":{"rendered":"<p>\u00a0CARACTERISTICAS Interfaz: Inal\u00e1mbrico receptor USB \u2022 Escaneo 1D \u2022 Velocidad escaneo 200\/s \u2022 Contenido esc\u00e1ner, receptor, cable y manual \u2022 Lee c\u00f3digos de barras extensos de m\u00e1s de 50 caracteres como facturas de servicios p\u00fablicos y para recaudo GS-128C \u2022 Alcance de m\u00e1s de 40 metros \u2022 Plug and play (no requiere ning\u00fan tipo de &hellip;<\/p>\n<p class=\"read-more\"> <a class=\" thunk-readmore button \" href=\"https:\/\/ctsaul.com\/tienda\/producto\/lector-de-codigo-inalambrico-40063-jaltech\/\"> <span class=\"screen-reader-text\">LECTOR DE CODIGO INALAMBRICO 40063 JALTECH<\/span>Leer m\u00e1s<\/a><\/p>\n","protected":false},"featured_media":926,"comment_status":"open","ping_status":"closed","template":"","meta":[],"product_brand":[22],"product_cat":[18,138],"product_tag":[],"class_list":{"0":"post-925","1":"product","2":"type-product","3":"status-publish","4":"has-post-thumbnail","6":"product_brand-jaltech","7":"product_cat-accesoriospcyportatil","8":"product_cat-lector-de-codigo","9":"thunk-woo-product-list","10":"opn-qv-enable","11":"big-store-woo-hover-zoom","12":"open-single-product-tab-horizontal","13":"open-shadow-","14":"open-shadow-hover-","16":"first","17":"instock","18":"sale","19":"taxable","20":"shipping-taxable","21":"purchasable","22":"product-type-simple"},"_links":{"self":[{"href":"https:\/\/ctsaul.com\/tienda\/wp-json\/wp\/v2\/product\/925","targetHints":{"allow":["GET"]}}],"collection":[{"href":"https:\/\/ctsaul.com\/tienda\/wp-json\/wp\/v2\/product"}],"about":[{"href":"https:\/\/ctsaul.com\/tienda\/wp-json\/wp\/v2\/types\/product"}],"replies":[{"embeddable":true,"href":"https:\/\/ctsaul.com\/tienda\/wp-json\/wp\/v2\/comments?post=925"}],"wp:featuredmedia":[{"embeddable":true,"href":"https:\/\/ctsaul.com\/tienda\/wp-json\/wp\/v2\/media\/926"}],"wp:attachment":[{"href":"https:\/\/ctsaul.com\/tienda\/wp-json\/wp\/v2\/media?parent=925"}],"wp:term":[{"taxonomy":"product_brand","embeddable":true,"href":"https:\/\/ctsaul.com\/tienda\/wp-json\/wp\/v2\/product_brand?post=925"},{"taxonomy":"product_cat","embeddable":true,"href":"https:\/\/ctsaul.com\/tienda\/wp-json\/wp\/v2\/product_cat?post=925"},{"taxonomy":"product_tag","embeddable":true,"href":"https:\/\/ctsaul.com\/tienda\/wp-json\/wp\/v2\/product_tag?post=925"}],"curies":[{"name":"wp","href":"https:\/\/api.w.org\/{rel}","templated":true}]}}