{"id":923,"date":"2025-03-03T11:05:53","date_gmt":"2025-03-03T16:05:53","guid":{"rendered":"http:\/\/172.16.1.1\/tienda\/?post_type=product&#038;p=923"},"modified":"2025-05-27T15:10:16","modified_gmt":"2025-05-27T20:10:16","slug":"lector-de-codigo-alambrico-40060-jaltech","status":"publish","type":"product","link":"https:\/\/ctsaul.com\/tienda\/producto\/lector-de-codigo-alambrico-40060-jaltech\/","title":{"rendered":"LECTOR DE CODIGO ALAMBRICO 40060 JALTECH"},"content":{"rendered":"<h2 class=\"ui-pdp-description__title\" data-testid=\"title\">Descripci\u00f3n<\/h2>\n<ul>\n<li class=\"ui-pdp-description__content\" data-testid=\"content\">Servicio Posventa, Repuestos, Drivers, Softwares y L\u00ednea telef\u00f3nica de servicio especializada\u00a1<\/li>\n<li class=\"ui-pdp-description__content\" data-testid=\"content\">Protecci\u00f3n antigolpes<\/li>\n<li class=\"ui-pdp-description__content\" data-testid=\"content\">Interfaz USB<\/li>\n<li class=\"ui-pdp-description__content\" data-testid=\"content\">Fuente de luz l\u00e1ser visible de 650nm<\/li>\n<li class=\"ui-pdp-description__content\" data-testid=\"content\">Modo de lectura: Manual, continuo<\/li>\n<li class=\"ui-pdp-description__content\" data-testid=\"content\">Vida del bot\u00f3n 500.000 veces<\/li>\n<li class=\"ui-pdp-description__content\" data-testid=\"content\">Vida del l\u00e1ser 10.000 horas<\/li>\n<li class=\"ui-pdp-description__content\" data-testid=\"content\">Contenido esc\u00e1ner, soporte, cable y manual<\/li>\n<li class=\"ui-pdp-description__content\" data-testid=\"content\">Lee c\u00f3digos de barras extensos de m\u00e1s de 50 caracteres como facturas de servicios p\u00fablicos y para recaudo GS-128C<\/li>\n<li class=\"ui-pdp-description__content\" data-testid=\"content\">USOS<br \/>\n1. Modo Autom\u00e1tico<br \/>\n2. Modo Continuo<br \/>\n3. Alta Velocidad de Lectura<br \/>\n4. Alta Resistencia a Golpes<br \/>\n5. Lectura de C\u00f3digos con Hasta 50 Caracteres<\/li>\n<\/ul>\n","protected":false},"excerpt":{"rendered":"<p>Descripci\u00f3n Servicio Posventa, Repuestos, Drivers, Softwares y L\u00ednea telef\u00f3nica de servicio especializada\u00a1 Protecci\u00f3n antigolpes Interfaz USB Fuente de luz l\u00e1ser visible de 650nm Modo de lectura: Manual, continuo Vida del bot\u00f3n 500.000 veces Vida del l\u00e1ser 10.000 horas Contenido esc\u00e1ner, soporte, cable y manual Lee c\u00f3digos de barras extensos de m\u00e1s de 50 caracteres como &hellip;<\/p>\n<p class=\"read-more\"> <a class=\" thunk-readmore button \" href=\"https:\/\/ctsaul.com\/tienda\/producto\/lector-de-codigo-alambrico-40060-jaltech\/\"> <span class=\"screen-reader-text\">LECTOR DE CODIGO ALAMBRICO 40060 JALTECH<\/span>Leer m\u00e1s<\/a><\/p>\n","protected":false},"featured_media":924,"comment_status":"open","ping_status":"closed","template":"","meta":[],"product_brand":[22],"product_cat":[18,138],"product_tag":[],"class_list":{"0":"post-923","1":"product","2":"type-product","3":"status-publish","4":"has-post-thumbnail","6":"product_brand-jaltech","7":"product_cat-accesoriospcyportatil","8":"product_cat-lector-de-codigo","9":"thunk-woo-product-list","10":"opn-qv-enable","11":"big-store-woo-hover-zoom","12":"open-single-product-tab-horizontal","13":"open-shadow-","14":"open-shadow-hover-","16":"first","17":"instock","18":"sale","19":"taxable","20":"shipping-taxable","21":"purchasable","22":"product-type-simple"},"_links":{"self":[{"href":"https:\/\/ctsaul.com\/tienda\/wp-json\/wp\/v2\/product\/923","targetHints":{"allow":["GET"]}}],"collection":[{"href":"https:\/\/ctsaul.com\/tienda\/wp-json\/wp\/v2\/product"}],"about":[{"href":"https:\/\/ctsaul.com\/tienda\/wp-json\/wp\/v2\/types\/product"}],"replies":[{"embeddable":true,"href":"https:\/\/ctsaul.com\/tienda\/wp-json\/wp\/v2\/comments?post=923"}],"wp:featuredmedia":[{"embeddable":true,"href":"https:\/\/ctsaul.com\/tienda\/wp-json\/wp\/v2\/media\/924"}],"wp:attachment":[{"href":"https:\/\/ctsaul.com\/tienda\/wp-json\/wp\/v2\/media?parent=923"}],"wp:term":[{"taxonomy":"product_brand","embeddable":true,"href":"https:\/\/ctsaul.com\/tienda\/wp-json\/wp\/v2\/product_brand?post=923"},{"taxonomy":"product_cat","embeddable":true,"href":"https:\/\/ctsaul.com\/tienda\/wp-json\/wp\/v2\/product_cat?post=923"},{"taxonomy":"product_tag","embeddable":true,"href":"https:\/\/ctsaul.com\/tienda\/wp-json\/wp\/v2\/product_tag?post=923"}],"curies":[{"name":"wp","href":"https:\/\/api.w.org\/{rel}","templated":true}]}}