{"id":919,"date":"2025-03-03T10:28:26","date_gmt":"2025-03-03T15:28:26","guid":{"rendered":"http:\/\/172.16.1.1\/tienda\/?post_type=product&#038;p=919"},"modified":"2025-05-27T15:10:51","modified_gmt":"2025-05-27T20:10:51","slug":"impresora-58mm-bluetooth-jaltech","status":"publish","type":"product","link":"https:\/\/ctsaul.com\/tienda\/producto\/impresora-58mm-bluetooth-jaltech\/","title":{"rendered":"IMPRESORA 58MM BLUETOOTH JALTECH"},"content":{"rendered":"<h3><strong>Impresora t\u00e9rmica port\u00e1til Jaltech, ancho de papel de 58mm con las siguientes caracter\u00edsticas:<\/strong><\/h3>\n<ul>\n<li>Impresora t\u00e9rmica port\u00e1til 58mm<\/li>\n<li>Bluetooth 4.0<\/li>\n<li>Tama\u00f1o del papel 58\/57 mm<\/li>\n<li>Interfaz: USB, RS-232 serial y Bluetooth Velocidad de impresi\u00f3n: hasta 90 mm\/s<\/li>\n<li>Dimensiones del papel: 58 \u2021 0,1mm di\u00e1metro 40mm Resoluci\u00f3n: 203 PPP (8 ptos\/mm) 384 puntos\/l\u00ednea<\/li>\n<li>Potencia de la bater\u00eda: 7,4V CC\/2200 mAh<\/li>\n<li>Memoria: hasta 50k byte<\/li>\n<li>Pueden conectarse con hasta 8 dispositivos inteligentes<\/li>\n<li>Admite varios idiomas<\/li>\n<li>Conjunto de comandos ESC\/POS<\/li>\n<li>Compatible c\u00f3digo de barras 1D, 2D (c\u00f3digo QR) e impresi\u00f3n de im\u00e1genes<\/li>\n<li>Compatible SDK para Android y iOS<\/li>\n<li>Compatible con: Windows, Java, Linux, Android (o Android + iOS)<\/li>\n<\/ul>\n","protected":false},"excerpt":{"rendered":"<p>Impresora t\u00e9rmica port\u00e1til Jaltech, ancho de papel de 58mm con las siguientes caracter\u00edsticas: Impresora t\u00e9rmica port\u00e1til 58mm Bluetooth 4.0 Tama\u00f1o del papel 58\/57 mm Interfaz: USB, RS-232 serial y Bluetooth Velocidad de impresi\u00f3n: hasta 90 mm\/s Dimensiones del papel: 58 \u2021 0,1mm di\u00e1metro 40mm Resoluci\u00f3n: 203 PPP (8 ptos\/mm) 384 puntos\/l\u00ednea Potencia de la bater\u00eda: &hellip;<\/p>\n<p class=\"read-more\"> <a class=\" thunk-readmore button \" href=\"https:\/\/ctsaul.com\/tienda\/producto\/impresora-58mm-bluetooth-jaltech\/\"> <span class=\"screen-reader-text\">IMPRESORA 58MM BLUETOOTH JALTECH<\/span>Leer m\u00e1s<\/a><\/p>\n","protected":false},"featured_media":920,"comment_status":"open","ping_status":"closed","template":"","meta":[],"product_brand":[22],"product_cat":[18,137],"product_tag":[],"class_list":{"0":"post-919","1":"product","2":"type-product","3":"status-publish","4":"has-post-thumbnail","6":"product_brand-jaltech","7":"product_cat-accesoriospcyportatil","8":"product_cat-impresoras-pos","9":"thunk-woo-product-list","10":"opn-qv-enable","11":"big-store-woo-hover-zoom","12":"open-single-product-tab-horizontal","13":"open-shadow-","14":"open-shadow-hover-","16":"first","17":"instock","18":"sale","19":"taxable","20":"shipping-taxable","21":"purchasable","22":"product-type-simple"},"_links":{"self":[{"href":"https:\/\/ctsaul.com\/tienda\/wp-json\/wp\/v2\/product\/919","targetHints":{"allow":["GET"]}}],"collection":[{"href":"https:\/\/ctsaul.com\/tienda\/wp-json\/wp\/v2\/product"}],"about":[{"href":"https:\/\/ctsaul.com\/tienda\/wp-json\/wp\/v2\/types\/product"}],"replies":[{"embeddable":true,"href":"https:\/\/ctsaul.com\/tienda\/wp-json\/wp\/v2\/comments?post=919"}],"wp:featuredmedia":[{"embeddable":true,"href":"https:\/\/ctsaul.com\/tienda\/wp-json\/wp\/v2\/media\/920"}],"wp:attachment":[{"href":"https:\/\/ctsaul.com\/tienda\/wp-json\/wp\/v2\/media?parent=919"}],"wp:term":[{"taxonomy":"product_brand","embeddable":true,"href":"https:\/\/ctsaul.com\/tienda\/wp-json\/wp\/v2\/product_brand?post=919"},{"taxonomy":"product_cat","embeddable":true,"href":"https:\/\/ctsaul.com\/tienda\/wp-json\/wp\/v2\/product_cat?post=919"},{"taxonomy":"product_tag","embeddable":true,"href":"https:\/\/ctsaul.com\/tienda\/wp-json\/wp\/v2\/product_tag?post=919"}],"curies":[{"name":"wp","href":"https:\/\/api.w.org\/{rel}","templated":true}]}}