{"id":911,"date":"2025-03-01T14:50:03","date_gmt":"2025-03-01T19:50:03","guid":{"rendered":"http:\/\/172.16.1.1\/tienda\/?post_type=product&#038;p=911"},"modified":"2025-05-27T15:11:12","modified_gmt":"2025-05-27T20:11:12","slug":"impresora-pos-usb-lan-termica-80mm-jaltech","status":"publish","type":"product","link":"https:\/\/ctsaul.com\/tienda\/producto\/impresora-pos-usb-lan-termica-80mm-jaltech\/","title":{"rendered":"IMPRESORA POS USB LAN TERMICA  80MM JALTECH"},"content":{"rendered":"<h2>Caracter\u00edsticas destacadas:<\/h2>\n<ul>\n<li>Tecnolog\u00eda de impresi\u00f3n t\u00e9rmica directa: No necesitas tinta ni ribbons, lo que reduce costos y mantenimiento.<\/li>\n<li>Conexi\u00f3n vers\u00e1til: Con puertos USB y RJ45 para red LAN, adem\u00e1s de un puerto RJ11 para caj\u00f3n monedero.<\/li>\n<li>Velocidad de impresi\u00f3n r\u00e1pida: 230mm\/seg para emitir recibos de forma r\u00e1pida, sin demoras.<\/li>\n<li>Larga vida \u00fatil: El cabezal de impresi\u00f3n tiene una vida \u00fatil de 150 km, y el cortador autom\u00e1tico soporta 1.5 millones de cortes.<\/li>\n<li>Resoluci\u00f3n de impresi\u00f3n n\u00edtida: 576 puntos por l\u00ednea, garantizando la calidad en cada recibo.<\/li>\n<li>Compatibilidad universal: Funciona con Windows, Linux, Mac, y tiene SDK para Android\/iOS\/Linux.<\/li>\n<li>Corte autom\u00e1tico de papel: Evita los atascos y facilita el proceso de impresi\u00f3n sin intervenci\u00f3n manual.<\/li>\n<li>Dise\u00f1o compacto y ligero: Ideal para negocios con poco espacio. Medidas: 13.5cm x 12cm x 17cm y peso de solo 1.14kg.<\/li>\n<li>Sensores inteligentes: Detecta papel agotado, tapa abierta, atascos de cortador y atascos de papel para evitar fallos durante el uso.<\/li>\n<li>Contenido de la caja: Impresora, adaptador de corriente, cable de poder, cable USB, rollo de papel (prueba), CD y manual.<\/li>\n<\/ul>\n","protected":false},"excerpt":{"rendered":"<p>Caracter\u00edsticas destacadas: Tecnolog\u00eda de impresi\u00f3n t\u00e9rmica directa: No necesitas tinta ni ribbons, lo que reduce costos y mantenimiento. Conexi\u00f3n vers\u00e1til: Con puertos USB y RJ45 para red LAN, adem\u00e1s de un puerto RJ11 para caj\u00f3n monedero. Velocidad de impresi\u00f3n r\u00e1pida: 230mm\/seg para emitir recibos de forma r\u00e1pida, sin demoras. Larga vida \u00fatil: El cabezal de &hellip;<\/p>\n<p class=\"read-more\"> <a class=\" thunk-readmore button \" href=\"https:\/\/ctsaul.com\/tienda\/producto\/impresora-pos-usb-lan-termica-80mm-jaltech\/\"> <span class=\"screen-reader-text\">IMPRESORA POS USB LAN TERMICA  80MM JALTECH<\/span>Leer m\u00e1s<\/a><\/p>\n","protected":false},"featured_media":912,"comment_status":"open","ping_status":"closed","template":"","meta":[],"product_brand":[22],"product_cat":[18,137],"product_tag":[],"class_list":{"0":"post-911","1":"product","2":"type-product","3":"status-publish","4":"has-post-thumbnail","6":"product_brand-jaltech","7":"product_cat-accesoriospcyportatil","8":"product_cat-impresoras-pos","9":"thunk-woo-product-list","10":"opn-qv-enable","11":"big-store-woo-hover-zoom","12":"open-single-product-tab-horizontal","13":"open-shadow-","14":"open-shadow-hover-","16":"first","17":"instock","18":"sale","19":"taxable","20":"shipping-taxable","21":"purchasable","22":"product-type-simple"},"_links":{"self":[{"href":"https:\/\/ctsaul.com\/tienda\/wp-json\/wp\/v2\/product\/911","targetHints":{"allow":["GET"]}}],"collection":[{"href":"https:\/\/ctsaul.com\/tienda\/wp-json\/wp\/v2\/product"}],"about":[{"href":"https:\/\/ctsaul.com\/tienda\/wp-json\/wp\/v2\/types\/product"}],"replies":[{"embeddable":true,"href":"https:\/\/ctsaul.com\/tienda\/wp-json\/wp\/v2\/comments?post=911"}],"wp:featuredmedia":[{"embeddable":true,"href":"https:\/\/ctsaul.com\/tienda\/wp-json\/wp\/v2\/media\/912"}],"wp:attachment":[{"href":"https:\/\/ctsaul.com\/tienda\/wp-json\/wp\/v2\/media?parent=911"}],"wp:term":[{"taxonomy":"product_brand","embeddable":true,"href":"https:\/\/ctsaul.com\/tienda\/wp-json\/wp\/v2\/product_brand?post=911"},{"taxonomy":"product_cat","embeddable":true,"href":"https:\/\/ctsaul.com\/tienda\/wp-json\/wp\/v2\/product_cat?post=911"},{"taxonomy":"product_tag","embeddable":true,"href":"https:\/\/ctsaul.com\/tienda\/wp-json\/wp\/v2\/product_tag?post=911"}],"curies":[{"name":"wp","href":"https:\/\/api.w.org\/{rel}","templated":true}]}}