{"id":91,"date":"2025-02-17T17:19:17","date_gmt":"2025-02-17T22:19:17","guid":{"rendered":"http:\/\/172.16.1.1\/tienda\/?post_type=product&#038;p=91"},"modified":"2025-03-28T11:14:05","modified_gmt":"2025-03-28T16:14:05","slug":"combo-mk235-inalambrico-logitech","status":"publish","type":"product","link":"https:\/\/ctsaul.com\/tienda\/producto\/combo-mk235-inalambrico-logitech\/","title":{"rendered":"COMBO MK235 INALAMBRICO LOGITECH"},"content":{"rendered":"<p>Este d\u00fao ofrece todas las funciones necesarias integradas en un dise\u00f1o confortable, resistente y f\u00e1cil de usar, y mantiene tu espacio despejado. Con la calidad habitual de Logitech, la combinaci\u00f3n inal\u00e1mbrica MK235 est\u00e1 hecha para durar.<\/p>\n<div class=\"specs-block\">\n<h5 class=\"specs-title\">Teclado<\/h5>\n<ul class=\"specs-description-list\">\n<li>Dise\u00f1o resistente a salpicaduras\u00a0<a class=\"note note-tooltip js-note-tooltip pangea-inited pangea-component-top-element\"><sup aria-label=\"footnote 1\">1<\/sup><span class=\"visually-hidden js-tooltip-descriptor\" aria-hidden=\"true\">Pruebas realizadas en condiciones limitadas (m\u00e1ximo de 60 ml de l\u00edquido). No sumerjas el teclado en ning\u00fan l\u00edquido.<\/span><\/a><\/li>\n<li>Patas inclinables<\/li>\n<li>Teclado num\u00e9rico con 10 teclas<\/li>\n<li>Botones\/Teclas especiales: Quince teclas de funci\u00f3n<\/li>\n<li>Hasta 5 millones de pulsaciones<\/li>\n<li>Dos bater\u00edas AAA<\/li>\n<li>Duraci\u00f3n de las bater\u00edas: 36\u00a0meses\u00a0<a class=\"note note-tooltip js-note-tooltip pangea-inited pangea-component-top-element\"><sup aria-label=\"footnote 2\">2<\/sup><span class=\"visually-hidden js-tooltip-descriptor\" aria-hidden=\"true\">Duraci\u00f3n de bater\u00edas de teclado calculada seg\u00fan una estimaci\u00f3n de dos millones de pulsaciones al a\u00f1o en un entorno empresarial. No se garantiza la misma experiencia. La duraci\u00f3n de las bater\u00edas del mouse depende del uso y de los dispositivos.<\/span><\/a><\/li>\n<\/ul>\n<\/div>\n<div class=\"specs-block\">\n<h5 class=\"specs-title\">Mouse<\/h5>\n<ul class=\"specs-description-list\">\n<li>Tecnolog\u00eda del sensor: Seguimiento \u00f3ptico uniforme<\/li>\n<li>N\u00famero de botones: 3 (click izquierdo\/derecho, click de bot\u00f3n central)<\/li>\n<li>Desplazamiento: l\u00ednea a l\u00ednea<\/li>\n<li>Rueda de desplazamiento: S\u00ed, 2D, \u00f3ptico<\/li>\n<li>Conexi\u00f3n\/alimentaci\u00f3n: Bot\u00f3n de encendido\/apagado<\/li>\n<li>Una bater\u00eda AA<\/li>\n<li>Duraci\u00f3n de pilas: 12 meses\u00a0<a class=\"note note-tooltip js-note-tooltip pangea-inited pangea-component-top-element\"><sup aria-label=\"footnote 3\">3<\/sup><span class=\"visually-hidden js-tooltip-descriptor\" aria-hidden=\"true\">Duraci\u00f3n de bater\u00edas de teclado calculada seg\u00fan una estimaci\u00f3n de dos millones de pulsaciones al a\u00f1o en un entorno empresarial. No se garantiza la misma experiencia. La duraci\u00f3n de las bater\u00edas del mouse depende del uso y de los dispositivos.<\/span><\/a><\/li>\n<\/ul>\n<\/div>\n","protected":false},"excerpt":{"rendered":"<p>Este d\u00fao ofrece todas las funciones necesarias integradas en un dise\u00f1o confortable, resistente y f\u00e1cil de usar, y mantiene tu espacio despejado. Con la calidad habitual de Logitech, la combinaci\u00f3n inal\u00e1mbrica MK235 est\u00e1 hecha para durar. Teclado Dise\u00f1o resistente a salpicaduras\u00a01Pruebas realizadas en condiciones limitadas (m\u00e1ximo de 60 ml de l\u00edquido). No sumerjas el teclado &hellip;<\/p>\n<p class=\"read-more\"> <a class=\" thunk-readmore button \" href=\"https:\/\/ctsaul.com\/tienda\/producto\/combo-mk235-inalambrico-logitech\/\"> <span class=\"screen-reader-text\">COMBO MK235 INALAMBRICO LOGITECH<\/span>Leer m\u00e1s<\/a><\/p>\n","protected":false},"featured_media":92,"comment_status":"open","ping_status":"closed","template":"","meta":[],"product_brand":[23],"product_cat":[18,25,19,21],"product_tag":[],"class_list":{"0":"post-91","1":"product","2":"type-product","3":"status-publish","4":"has-post-thumbnail","6":"product_brand-logitech","7":"product_cat-accesoriospcyportatil","8":"product_cat-accesoriospc-accesoriospc","9":"product_cat-mouse","10":"product_cat-teclados","11":"thunk-woo-product-list","12":"opn-qv-enable","13":"big-store-woo-hover-zoom","14":"open-single-product-tab-horizontal","15":"open-shadow-","16":"open-shadow-hover-","18":"first","19":"instock","20":"sale","21":"taxable","22":"shipping-taxable","23":"purchasable","24":"product-type-simple"},"_links":{"self":[{"href":"https:\/\/ctsaul.com\/tienda\/wp-json\/wp\/v2\/product\/91","targetHints":{"allow":["GET"]}}],"collection":[{"href":"https:\/\/ctsaul.com\/tienda\/wp-json\/wp\/v2\/product"}],"about":[{"href":"https:\/\/ctsaul.com\/tienda\/wp-json\/wp\/v2\/types\/product"}],"replies":[{"embeddable":true,"href":"https:\/\/ctsaul.com\/tienda\/wp-json\/wp\/v2\/comments?post=91"}],"wp:featuredmedia":[{"embeddable":true,"href":"https:\/\/ctsaul.com\/tienda\/wp-json\/wp\/v2\/media\/92"}],"wp:attachment":[{"href":"https:\/\/ctsaul.com\/tienda\/wp-json\/wp\/v2\/media?parent=91"}],"wp:term":[{"taxonomy":"product_brand","embeddable":true,"href":"https:\/\/ctsaul.com\/tienda\/wp-json\/wp\/v2\/product_brand?post=91"},{"taxonomy":"product_cat","embeddable":true,"href":"https:\/\/ctsaul.com\/tienda\/wp-json\/wp\/v2\/product_cat?post=91"},{"taxonomy":"product_tag","embeddable":true,"href":"https:\/\/ctsaul.com\/tienda\/wp-json\/wp\/v2\/product_tag?post=91"}],"curies":[{"name":"wp","href":"https:\/\/api.w.org\/{rel}","templated":true}]}}