{"id":909,"date":"2025-03-01T11:40:22","date_gmt":"2025-03-01T16:40:22","guid":{"rendered":"http:\/\/172.16.1.1\/tienda\/?post_type=product&#038;p=909"},"modified":"2025-05-27T15:11:32","modified_gmt":"2025-05-27T20:11:32","slug":"impresora-pos-58mm-40163-jaltech","status":"publish","type":"product","link":"https:\/\/ctsaul.com\/tienda\/producto\/impresora-pos-58mm-40163-jaltech\/","title":{"rendered":"IMPRESORA POS 58MM 40163 JALTECH"},"content":{"rendered":"<p>impresora USB 58mm<br \/>\n-dise\u00f1o mejorado<br \/>\n-interfaz USB<br \/>\n-alta velocidad de impresi\u00f3n 90mm\/sec<br \/>\n-vida \u00fatil del cabezal: 100km<br \/>\n-densidad de impresi\u00f3n 384p x l\u00ednea (203dpi)<br \/>\n-comando de impresi\u00f3n compatible con Epson esc\/pos<br \/>\n-di\u00e1metro de papel 57 mm<br \/>\n-compatible con Windows, Linux y Mac<br \/>\n-corte papel: manual<br \/>\n-temperatura (0 \u2013 45 grados) humedad (10 \u2013 90%)<br \/>\n-manejo de caj\u00f3n monedero<br \/>\n-sensor de fin de papel, sensor de apertura de cubierta<br \/>\n-contenido de la caja: impresora, cable de poder, cable USB, rollo de papel,<br \/>\nmanual y cd<\/p>\n","protected":false},"excerpt":{"rendered":"<p>impresora USB 58mm -dise\u00f1o mejorado -interfaz USB -alta velocidad de impresi\u00f3n 90mm\/sec -vida \u00fatil del cabezal: 100km -densidad de impresi\u00f3n 384p x l\u00ednea (203dpi) -comando de impresi\u00f3n compatible con Epson esc\/pos -di\u00e1metro de papel 57 mm -compatible con Windows, Linux y Mac -corte papel: manual -temperatura (0 \u2013 45 grados) humedad (10 \u2013 90%) -manejo &hellip;<\/p>\n<p class=\"read-more\"> <a class=\" thunk-readmore button \" href=\"https:\/\/ctsaul.com\/tienda\/producto\/impresora-pos-58mm-40163-jaltech\/\"> <span class=\"screen-reader-text\">IMPRESORA POS 58MM 40163 JALTECH<\/span>Leer m\u00e1s<\/a><\/p>\n","protected":false},"featured_media":910,"comment_status":"open","ping_status":"closed","template":"","meta":[],"product_brand":[22],"product_cat":[18,137],"product_tag":[],"class_list":{"0":"post-909","1":"product","2":"type-product","3":"status-publish","4":"has-post-thumbnail","6":"product_brand-jaltech","7":"product_cat-accesoriospcyportatil","8":"product_cat-impresoras-pos","9":"thunk-woo-product-list","10":"opn-qv-enable","11":"big-store-woo-hover-zoom","12":"open-single-product-tab-horizontal","13":"open-shadow-","14":"open-shadow-hover-","16":"first","17":"instock","18":"sale","19":"taxable","20":"shipping-taxable","21":"purchasable","22":"product-type-simple"},"_links":{"self":[{"href":"https:\/\/ctsaul.com\/tienda\/wp-json\/wp\/v2\/product\/909","targetHints":{"allow":["GET"]}}],"collection":[{"href":"https:\/\/ctsaul.com\/tienda\/wp-json\/wp\/v2\/product"}],"about":[{"href":"https:\/\/ctsaul.com\/tienda\/wp-json\/wp\/v2\/types\/product"}],"replies":[{"embeddable":true,"href":"https:\/\/ctsaul.com\/tienda\/wp-json\/wp\/v2\/comments?post=909"}],"wp:featuredmedia":[{"embeddable":true,"href":"https:\/\/ctsaul.com\/tienda\/wp-json\/wp\/v2\/media\/910"}],"wp:attachment":[{"href":"https:\/\/ctsaul.com\/tienda\/wp-json\/wp\/v2\/media?parent=909"}],"wp:term":[{"taxonomy":"product_brand","embeddable":true,"href":"https:\/\/ctsaul.com\/tienda\/wp-json\/wp\/v2\/product_brand?post=909"},{"taxonomy":"product_cat","embeddable":true,"href":"https:\/\/ctsaul.com\/tienda\/wp-json\/wp\/v2\/product_cat?post=909"},{"taxonomy":"product_tag","embeddable":true,"href":"https:\/\/ctsaul.com\/tienda\/wp-json\/wp\/v2\/product_tag?post=909"}],"curies":[{"name":"wp","href":"https:\/\/api.w.org\/{rel}","templated":true}]}}