{"id":905,"date":"2025-03-01T11:14:52","date_gmt":"2025-03-01T16:14:52","guid":{"rendered":"http:\/\/172.16.1.1\/tienda\/?post_type=product&#038;p=905"},"modified":"2026-04-24T09:07:42","modified_gmt":"2026-04-24T14:07:42","slug":"calculadora-hr-8rc-kb-rollo-casio","status":"publish","type":"product","link":"https:\/\/ctsaul.com\/tienda\/producto\/calculadora-hr-8rc-kb-rollo-casio\/","title":{"rendered":"CALCULADORA HR-8RC KB ROLLO CASIO"},"content":{"rendered":"<ul>\n<li>DIGIT<\/li>\n<li>12 d\u00edgitos<\/li>\n<li>2.0 line-per-second printing<\/li>\n<li>Impresi\u00f3n de 2,0 l\u00edneas por segundo<\/li>\n<li>El valor indica el n\u00famero de l\u00edneas impresas por segundo.<\/li>\n<li>Impresi\u00f3n de 1,6 l\u00edneas por segundo<\/li>\n<li>Reimprimir\/imprimir despu\u00e9s<\/li>\n<li>Imprima varias copias del historial de c\u00e1lculos. \/Imprima el historial de c\u00e1lculos m\u00e1s tarde, incluso si el modo de impresi\u00f3n est\u00e1 desactivado.<br \/>\n150 steps check<\/li>\n<li>Verificaci\u00f3n de 150 pasos<\/li>\n<li>Visualiza hasta 150 pasos de c\u00e1lculo previos.<\/li>\n<li>Tax calculation<\/li>\n<li>C\u00e1lculo de impuesto<\/li>\n<li>C\u00e1lculo e impresi\u00f3n autom\u00e1tica del precio m\u00e1s el impuesto, precio menos el impuesto, descuento, precio de venta, importe de impuesto, importe de descuento e importe de margen de ganancia.<\/li>\n<li>C\u00e1lculos de cambio<\/li>\n<li>Cost\/Sell\/Margin<\/li>\n<li>Costo\/Venta\/Margen<\/li>\n<li>Le permite calcular el costo, precio de venta y margen de ganancia de un art\u00edculo, dados los otros dos valores.<\/li>\n<li>Function command signs<\/li>\n<li>Signos de mandos de funciones<\/li>\n<li>Un s\u00edmbolo (+, -, \u00d7, \u00f7) en la pantalla indica el tipo de operaci\u00f3n que usted est\u00e1 efectuando en ese momento.<\/li>\n<li>Key rollover<\/li>\n<li>Pulsaci\u00f3n simult\u00e1nea de teclas<\/li>\n<li>Las operaciones se almacenan en un b\u00fafer, as\u00ed nada se pierde ni durante los ingresos de alta velocidad.<\/li>\n<li>Large display<\/li>\n<li>Pantalla grande<\/li>\n<li>Pantalla de gran tama\u00f1o que permite una f\u00e1cil lectura.<\/li>\n<li>Profit margin percent<\/li>\n<li>Porcentaje de margen de ganancia<\/li>\n<li>La tecla &#8220;%&#8221; proporciona r\u00e1pido acceso a precios y ganancias, como tambi\u00e9n ofrece alzas, descuentos, relaciones y valores de aumento o disminuci\u00f3n.<\/li>\n<\/ul>\n","protected":false},"excerpt":{"rendered":"<p>DIGIT 12 d\u00edgitos 2.0 line-per-second printing Impresi\u00f3n de 2,0 l\u00edneas por segundo El valor indica el n\u00famero de l\u00edneas impresas por segundo. Impresi\u00f3n de 1,6 l\u00edneas por segundo Reimprimir\/imprimir despu\u00e9s Imprima varias copias del historial de c\u00e1lculos. \/Imprima el historial de c\u00e1lculos m\u00e1s tarde, incluso si el modo de impresi\u00f3n est\u00e1 desactivado. 150 steps check &hellip;<\/p>\n<p class=\"read-more\"> <a class=\" thunk-readmore button \" href=\"https:\/\/ctsaul.com\/tienda\/producto\/calculadora-hr-8rc-kb-rollo-casio\/\"> <span class=\"screen-reader-text\">CALCULADORA HR-8RC KB ROLLO CASIO<\/span>Leer m\u00e1s<\/a><\/p>\n","protected":false},"featured_media":906,"comment_status":"open","ping_status":"closed","template":"","meta":[],"product_brand":[131],"product_cat":[132],"product_tag":[],"class_list":{"0":"post-905","1":"product","2":"type-product","3":"status-publish","4":"has-post-thumbnail","6":"product_brand-casio","7":"product_cat-calculadoras","8":"thunk-woo-product-list","9":"opn-qv-enable","10":"big-store-woo-hover-zoom","11":"open-single-product-tab-horizontal","12":"open-shadow-","13":"open-shadow-hover-","15":"first","16":"instock","17":"sale","18":"taxable","19":"shipping-taxable","20":"purchasable","21":"product-type-simple"},"_links":{"self":[{"href":"https:\/\/ctsaul.com\/tienda\/wp-json\/wp\/v2\/product\/905","targetHints":{"allow":["GET"]}}],"collection":[{"href":"https:\/\/ctsaul.com\/tienda\/wp-json\/wp\/v2\/product"}],"about":[{"href":"https:\/\/ctsaul.com\/tienda\/wp-json\/wp\/v2\/types\/product"}],"replies":[{"embeddable":true,"href":"https:\/\/ctsaul.com\/tienda\/wp-json\/wp\/v2\/comments?post=905"}],"wp:featuredmedia":[{"embeddable":true,"href":"https:\/\/ctsaul.com\/tienda\/wp-json\/wp\/v2\/media\/906"}],"wp:attachment":[{"href":"https:\/\/ctsaul.com\/tienda\/wp-json\/wp\/v2\/media?parent=905"}],"wp:term":[{"taxonomy":"product_brand","embeddable":true,"href":"https:\/\/ctsaul.com\/tienda\/wp-json\/wp\/v2\/product_brand?post=905"},{"taxonomy":"product_cat","embeddable":true,"href":"https:\/\/ctsaul.com\/tienda\/wp-json\/wp\/v2\/product_cat?post=905"},{"taxonomy":"product_tag","embeddable":true,"href":"https:\/\/ctsaul.com\/tienda\/wp-json\/wp\/v2\/product_tag?post=905"}],"curies":[{"name":"wp","href":"https:\/\/api.w.org\/{rel}","templated":true}]}}