{"id":903,"date":"2025-03-01T11:06:26","date_gmt":"2025-03-01T16:06:26","guid":{"rendered":"http:\/\/172.16.1.1\/tienda\/?post_type=product&#038;p=903"},"modified":"2026-04-24T09:02:26","modified_gmt":"2026-04-24T14:02:26","slug":"calculadora-hr-100rc-casio","status":"publish","type":"product","link":"https:\/\/ctsaul.com\/tienda\/producto\/calculadora-hr-100rc-casio\/","title":{"rendered":"CALCULADORA HR-100RC CASIO"},"content":{"rendered":"<h2 class=\"ui-pdp-description__title\" data-testid=\"title\">Descripci\u00f3n<\/h2>\n<p class=\"ui-pdp-description__content\" data-testid=\"content\">calculadora sumadora casio hr 100rc 12 d\u00edgitos Impresi\u00f3n de 2,0 l\u00edneas por segundo El valor indica el n\u00famero de l\u00edneas impresas por segundo Impresi\u00f3n en 2 colores Los valores positivos se imprimen en negro y los valores negativos se imprimen en color rojo para una f\u00e1cil comprensi\u00f3n C\u00e1lculos de porcentaje regular Aumentos y rebajas Todas las capacidades de marcado hacia arriba y marcado hacia abajo de una m\u00e1quina sumadora para c\u00e1lculos de costo simplificado y de ganancia Pulsaci\u00f3n simult\u00e1nea de teclas Las operaciones se almacenan en un b\u00fafer, as\u00ed nada se pierde ni durante los ingresos de alta velocidad Pantalla extra grande La pantalla m\u00e1s grande hace que los datos sean m\u00e1s f\u00e1ciles de leer Teclas pl\u00e1sticas Dise\u00f1adas y preparadas para ser de uso f\u00e1cil Funci\u00f3n de impuestos y cambio de divisas Funciones de c\u00e1lculo de impuestos y conversi\u00f3n de moneda.<\/p>\n","protected":false},"excerpt":{"rendered":"<p>Descripci\u00f3n calculadora sumadora casio hr 100rc 12 d\u00edgitos Impresi\u00f3n de 2,0 l\u00edneas por segundo El valor indica el n\u00famero de l\u00edneas impresas por segundo Impresi\u00f3n en 2 colores Los valores positivos se imprimen en negro y los valores negativos se imprimen en color rojo para una f\u00e1cil comprensi\u00f3n C\u00e1lculos de porcentaje regular Aumentos y rebajas &hellip;<\/p>\n<p class=\"read-more\"> <a class=\" thunk-readmore button \" href=\"https:\/\/ctsaul.com\/tienda\/producto\/calculadora-hr-100rc-casio\/\"> <span class=\"screen-reader-text\">CALCULADORA HR-100RC CASIO<\/span>Leer m\u00e1s<\/a><\/p>\n","protected":false},"featured_media":904,"comment_status":"open","ping_status":"closed","template":"","meta":[],"product_brand":[131],"product_cat":[132],"product_tag":[],"class_list":{"0":"post-903","1":"product","2":"type-product","3":"status-publish","4":"has-post-thumbnail","6":"product_brand-casio","7":"product_cat-calculadoras","8":"thunk-woo-product-list","9":"opn-qv-enable","10":"big-store-woo-hover-zoom","11":"open-single-product-tab-horizontal","12":"open-shadow-","13":"open-shadow-hover-","15":"first","16":"instock","17":"sale","18":"taxable","19":"shipping-taxable","20":"purchasable","21":"product-type-simple"},"_links":{"self":[{"href":"https:\/\/ctsaul.com\/tienda\/wp-json\/wp\/v2\/product\/903","targetHints":{"allow":["GET"]}}],"collection":[{"href":"https:\/\/ctsaul.com\/tienda\/wp-json\/wp\/v2\/product"}],"about":[{"href":"https:\/\/ctsaul.com\/tienda\/wp-json\/wp\/v2\/types\/product"}],"replies":[{"embeddable":true,"href":"https:\/\/ctsaul.com\/tienda\/wp-json\/wp\/v2\/comments?post=903"}],"wp:featuredmedia":[{"embeddable":true,"href":"https:\/\/ctsaul.com\/tienda\/wp-json\/wp\/v2\/media\/904"}],"wp:attachment":[{"href":"https:\/\/ctsaul.com\/tienda\/wp-json\/wp\/v2\/media?parent=903"}],"wp:term":[{"taxonomy":"product_brand","embeddable":true,"href":"https:\/\/ctsaul.com\/tienda\/wp-json\/wp\/v2\/product_brand?post=903"},{"taxonomy":"product_cat","embeddable":true,"href":"https:\/\/ctsaul.com\/tienda\/wp-json\/wp\/v2\/product_cat?post=903"},{"taxonomy":"product_tag","embeddable":true,"href":"https:\/\/ctsaul.com\/tienda\/wp-json\/wp\/v2\/product_tag?post=903"}],"curies":[{"name":"wp","href":"https:\/\/api.w.org\/{rel}","templated":true}]}}