{"id":901,"date":"2025-03-01T10:52:49","date_gmt":"2025-03-01T15:52:49","guid":{"rendered":"http:\/\/172.16.1.1\/tienda\/?post_type=product&#038;p=901"},"modified":"2026-04-24T09:01:16","modified_gmt":"2026-04-24T14:01:16","slug":"calculadora-150rc-dc-rollo-12d-casio","status":"publish","type":"product","link":"https:\/\/ctsaul.com\/tienda\/producto\/calculadora-150rc-dc-rollo-12d-casio\/","title":{"rendered":"CALCULADORA 150RC-DC ROLLO 12D CASIO"},"content":{"rendered":"<h2 class=\"ui-pdp-description__title\" data-testid=\"title\">Descripci\u00f3n<\/h2>\n<ul>\n<li class=\"ui-pdp-description__content\" data-testid=\"content\">150 pasos de verificaci\u00f3n, 2 colores para impresi\u00f3n, velocidad de impresi\u00f3n 2.0 l\u00edneas\/seg, c\u00e1lculo de impuestos, c\u00e1lculo de divisas, impresi\u00f3n de fecha y hora, reimpresi\u00f3n, selector de redondeo y selector decimal.<\/li>\n<li class=\"ui-pdp-description__content\" data-testid=\"content\">Pila AAx4 (Adaptador compra opcional)- AD-A60024<\/li>\n<li class=\"ui-pdp-description__content\" data-testid=\"content\">C\u00e1lculo de impuesto<\/li>\n<li class=\"ui-pdp-description__content\" data-testid=\"content\">C\u00e1lculo e impresi\u00f3n autom\u00e1tica del precio m\u00e1s el impuesto, precio menos el impuesto, descuento, precio de venta, importe de impuesto, importe de descuento e importe de margen de ganancia.<\/li>\n<li class=\"ui-pdp-description__content\" data-testid=\"content\">Pantalla extra grande<\/li>\n<li class=\"ui-pdp-description__content\" data-testid=\"content\">La pantalla m\u00e1s grande hace que los datos sean m\u00e1s f\u00e1ciles de leer.<\/li>\n<\/ul>\n","protected":false},"excerpt":{"rendered":"<p>Descripci\u00f3n 150 pasos de verificaci\u00f3n, 2 colores para impresi\u00f3n, velocidad de impresi\u00f3n 2.0 l\u00edneas\/seg, c\u00e1lculo de impuestos, c\u00e1lculo de divisas, impresi\u00f3n de fecha y hora, reimpresi\u00f3n, selector de redondeo y selector decimal. Pila AAx4 (Adaptador compra opcional)- AD-A60024 C\u00e1lculo de impuesto C\u00e1lculo e impresi\u00f3n autom\u00e1tica del precio m\u00e1s el impuesto, precio menos el impuesto, descuento, &hellip;<\/p>\n<p class=\"read-more\"> <a class=\" thunk-readmore button \" href=\"https:\/\/ctsaul.com\/tienda\/producto\/calculadora-150rc-dc-rollo-12d-casio\/\"> <span class=\"screen-reader-text\">CALCULADORA 150RC-DC ROLLO 12D CASIO<\/span>Leer m\u00e1s<\/a><\/p>\n","protected":false},"featured_media":902,"comment_status":"open","ping_status":"closed","template":"","meta":[],"product_brand":[131],"product_cat":[132],"product_tag":[],"class_list":{"0":"post-901","1":"product","2":"type-product","3":"status-publish","4":"has-post-thumbnail","6":"product_brand-casio","7":"product_cat-calculadoras","8":"thunk-woo-product-list","9":"opn-qv-enable","10":"big-store-woo-hover-zoom","11":"open-single-product-tab-horizontal","12":"open-shadow-","13":"open-shadow-hover-","15":"first","16":"instock","17":"sale","18":"taxable","19":"shipping-taxable","20":"purchasable","21":"product-type-simple"},"_links":{"self":[{"href":"https:\/\/ctsaul.com\/tienda\/wp-json\/wp\/v2\/product\/901","targetHints":{"allow":["GET"]}}],"collection":[{"href":"https:\/\/ctsaul.com\/tienda\/wp-json\/wp\/v2\/product"}],"about":[{"href":"https:\/\/ctsaul.com\/tienda\/wp-json\/wp\/v2\/types\/product"}],"replies":[{"embeddable":true,"href":"https:\/\/ctsaul.com\/tienda\/wp-json\/wp\/v2\/comments?post=901"}],"wp:featuredmedia":[{"embeddable":true,"href":"https:\/\/ctsaul.com\/tienda\/wp-json\/wp\/v2\/media\/902"}],"wp:attachment":[{"href":"https:\/\/ctsaul.com\/tienda\/wp-json\/wp\/v2\/media?parent=901"}],"wp:term":[{"taxonomy":"product_brand","embeddable":true,"href":"https:\/\/ctsaul.com\/tienda\/wp-json\/wp\/v2\/product_brand?post=901"},{"taxonomy":"product_cat","embeddable":true,"href":"https:\/\/ctsaul.com\/tienda\/wp-json\/wp\/v2\/product_cat?post=901"},{"taxonomy":"product_tag","embeddable":true,"href":"https:\/\/ctsaul.com\/tienda\/wp-json\/wp\/v2\/product_tag?post=901"}],"curies":[{"name":"wp","href":"https:\/\/api.w.org\/{rel}","templated":true}]}}