{"id":895,"date":"2025-03-01T09:47:28","date_gmt":"2025-03-01T14:47:28","guid":{"rendered":"http:\/\/172.16.1.1\/tienda\/?post_type=product&#038;p=895"},"modified":"2026-04-23T10:54:41","modified_gmt":"2026-04-23T15:54:41","slug":"calculadora-fx-991-la-plus-cientifica","status":"publish","type":"product","link":"https:\/\/ctsaul.com\/tienda\/producto\/calculadora-fx-991-la-plus-cientifica\/","title":{"rendered":"CALCULADORA FX-991 LA PLUS CIENTIFICA"},"content":{"rendered":"<p>Resolver ecuaciones (CALC, SOLVE)<br \/>\n&#8211; Diferenciaci\u00f3n e integraci\u00f3n num\u00e9rica<br \/>\n&#8211; Funci\u00f3n de repetici\u00f3n m\u00faltiple<br \/>\n&#8211; 40 constantes cient\u00edficas \/ 40 conversiones m\u00e9tricas<br \/>\n&#8211; Conversi\u00f3n: Est\u00e1ndar &lt;- &gt; Decimal<br \/>\n&#8211; C\u00e1lculos con matrices y vectores<br \/>\n&#8211; C\u00e1lculos con n\u00fameros complejos<br \/>\n&#8211; 417 funciones<br \/>\n&#8211; Energ\u00eda solar + bater\u00eda<\/p>\n<p>ACCESORIOS INCLUIDOS<\/p>\n<p>&#8211; Estuche duro deslizable<br \/>\n&#8211; Gu\u00eda de inicio<\/p>\n","protected":false},"excerpt":{"rendered":"<p>Resolver ecuaciones (CALC, SOLVE) &#8211; Diferenciaci\u00f3n e integraci\u00f3n num\u00e9rica &#8211; Funci\u00f3n de repetici\u00f3n m\u00faltiple &#8211; 40 constantes cient\u00edficas \/ 40 conversiones m\u00e9tricas &#8211; Conversi\u00f3n: Est\u00e1ndar &lt;- &gt; Decimal &#8211; C\u00e1lculos con matrices y vectores &#8211; C\u00e1lculos con n\u00fameros complejos &#8211; 417 funciones &#8211; Energ\u00eda solar + bater\u00eda ACCESORIOS INCLUIDOS &#8211; Estuche duro deslizable &#8211; Gu\u00eda &hellip;<\/p>\n<p class=\"read-more\"> <a class=\" thunk-readmore button \" href=\"https:\/\/ctsaul.com\/tienda\/producto\/calculadora-fx-991-la-plus-cientifica\/\"> <span class=\"screen-reader-text\">CALCULADORA FX-991 LA PLUS CIENTIFICA<\/span>Leer m\u00e1s<\/a><\/p>\n","protected":false},"featured_media":896,"comment_status":"open","ping_status":"closed","template":"","meta":[],"product_brand":[131],"product_cat":[132,133],"product_tag":[],"class_list":{"0":"post-895","1":"product","2":"type-product","3":"status-publish","4":"has-post-thumbnail","6":"product_brand-casio","7":"product_cat-calculadoras","8":"product_cat-calculadoras-cientificas","9":"thunk-woo-product-list","10":"opn-qv-enable","11":"big-store-woo-hover-zoom","12":"open-single-product-tab-horizontal","13":"open-shadow-","14":"open-shadow-hover-","16":"first","17":"instock","18":"sale","19":"taxable","20":"shipping-taxable","21":"purchasable","22":"product-type-simple"},"_links":{"self":[{"href":"https:\/\/ctsaul.com\/tienda\/wp-json\/wp\/v2\/product\/895","targetHints":{"allow":["GET"]}}],"collection":[{"href":"https:\/\/ctsaul.com\/tienda\/wp-json\/wp\/v2\/product"}],"about":[{"href":"https:\/\/ctsaul.com\/tienda\/wp-json\/wp\/v2\/types\/product"}],"replies":[{"embeddable":true,"href":"https:\/\/ctsaul.com\/tienda\/wp-json\/wp\/v2\/comments?post=895"}],"wp:featuredmedia":[{"embeddable":true,"href":"https:\/\/ctsaul.com\/tienda\/wp-json\/wp\/v2\/media\/896"}],"wp:attachment":[{"href":"https:\/\/ctsaul.com\/tienda\/wp-json\/wp\/v2\/media?parent=895"}],"wp:term":[{"taxonomy":"product_brand","embeddable":true,"href":"https:\/\/ctsaul.com\/tienda\/wp-json\/wp\/v2\/product_brand?post=895"},{"taxonomy":"product_cat","embeddable":true,"href":"https:\/\/ctsaul.com\/tienda\/wp-json\/wp\/v2\/product_cat?post=895"},{"taxonomy":"product_tag","embeddable":true,"href":"https:\/\/ctsaul.com\/tienda\/wp-json\/wp\/v2\/product_tag?post=895"}],"curies":[{"name":"wp","href":"https:\/\/api.w.org\/{rel}","templated":true}]}}