{"id":893,"date":"2025-03-01T09:41:44","date_gmt":"2025-03-01T14:41:44","guid":{"rendered":"http:\/\/172.16.1.1\/tienda\/?post_type=product&#038;p=893"},"modified":"2026-04-23T10:54:41","modified_gmt":"2026-04-23T15:54:41","slug":"calculadora-fx-570-plus-cientifica","status":"publish","type":"product","link":"https:\/\/ctsaul.com\/tienda\/producto\/calculadora-fx-570-plus-cientifica\/","title":{"rendered":"CALCULADORA FX-570 PLUS CIENTIFICA"},"content":{"rendered":"<ul>\n<li>\n<h3>Resumen de propiedades<\/h3>\n<\/li>\n<\/ul>\n<p>Pantalla natural V.P.A.M<br \/>\nPantalla de matriz de puntos<br \/>\n15 + 10 + 2 d\u00edgitos<br \/>\n417 funciones<br \/>\nResoluci\u00f3n de ecuaciones<br \/>\n20 pares de valores para conversiones m\u00e9tricas<br \/>\nC\u00e1lculo con n\u00fameros complejos<br \/>\nC\u00e1lculo de funciones con la tecla Cal (memoria temporal de f\u00f3rmulas)<br \/>\n40 constantes cient\u00edficas<br \/>\nC\u00e1lculo vectorial y de matrices<br \/>\nC\u00e1lculo num\u00e9rico de integrales \/ c\u00e1lculo diferencial<br \/>\nN\u00fameros enteros aleatorios<br \/>\nNuevo modo de ecuaciones<br \/>\nTabla de funciones<br \/>\nBater\u00eda<br \/>\nFunciones y datos generales<\/p>\n","protected":false},"excerpt":{"rendered":"<p>Resumen de propiedades Pantalla natural V.P.A.M Pantalla de matriz de puntos 15 + 10 + 2 d\u00edgitos 417 funciones Resoluci\u00f3n de ecuaciones 20 pares de valores para conversiones m\u00e9tricas C\u00e1lculo con n\u00fameros complejos C\u00e1lculo de funciones con la tecla Cal (memoria temporal de f\u00f3rmulas) 40 constantes cient\u00edficas C\u00e1lculo vectorial y de matrices C\u00e1lculo num\u00e9rico de &hellip;<\/p>\n<p class=\"read-more\"> <a class=\" thunk-readmore button \" href=\"https:\/\/ctsaul.com\/tienda\/producto\/calculadora-fx-570-plus-cientifica\/\"> <span class=\"screen-reader-text\">CALCULADORA FX-570 PLUS CIENTIFICA<\/span>Leer m\u00e1s<\/a><\/p>\n","protected":false},"featured_media":894,"comment_status":"open","ping_status":"closed","template":"","meta":[],"product_brand":[131],"product_cat":[132,133],"product_tag":[],"class_list":{"0":"post-893","1":"product","2":"type-product","3":"status-publish","4":"has-post-thumbnail","6":"product_brand-casio","7":"product_cat-calculadoras","8":"product_cat-calculadoras-cientificas","9":"thunk-woo-product-list","10":"opn-qv-enable","11":"big-store-woo-hover-zoom","12":"open-single-product-tab-horizontal","13":"open-shadow-","14":"open-shadow-hover-","16":"first","17":"instock","18":"sale","19":"taxable","20":"shipping-taxable","21":"purchasable","22":"product-type-simple"},"_links":{"self":[{"href":"https:\/\/ctsaul.com\/tienda\/wp-json\/wp\/v2\/product\/893","targetHints":{"allow":["GET"]}}],"collection":[{"href":"https:\/\/ctsaul.com\/tienda\/wp-json\/wp\/v2\/product"}],"about":[{"href":"https:\/\/ctsaul.com\/tienda\/wp-json\/wp\/v2\/types\/product"}],"replies":[{"embeddable":true,"href":"https:\/\/ctsaul.com\/tienda\/wp-json\/wp\/v2\/comments?post=893"}],"wp:featuredmedia":[{"embeddable":true,"href":"https:\/\/ctsaul.com\/tienda\/wp-json\/wp\/v2\/media\/894"}],"wp:attachment":[{"href":"https:\/\/ctsaul.com\/tienda\/wp-json\/wp\/v2\/media?parent=893"}],"wp:term":[{"taxonomy":"product_brand","embeddable":true,"href":"https:\/\/ctsaul.com\/tienda\/wp-json\/wp\/v2\/product_brand?post=893"},{"taxonomy":"product_cat","embeddable":true,"href":"https:\/\/ctsaul.com\/tienda\/wp-json\/wp\/v2\/product_cat?post=893"},{"taxonomy":"product_tag","embeddable":true,"href":"https:\/\/ctsaul.com\/tienda\/wp-json\/wp\/v2\/product_tag?post=893"}],"curies":[{"name":"wp","href":"https:\/\/api.w.org\/{rel}","templated":true}]}}