{"id":89,"date":"2025-02-17T17:15:12","date_gmt":"2025-02-17T22:15:12","guid":{"rendered":"http:\/\/172.16.1.1\/tienda\/?post_type=product&#038;p=89"},"modified":"2025-05-27T16:36:00","modified_gmt":"2025-05-27T21:36:00","slug":"combo-mk200-logitech-alambrico","status":"publish","type":"product","link":"https:\/\/ctsaul.com\/tienda\/producto\/combo-mk200-logitech-alambrico\/","title":{"rendered":"COMBO MK200 LOGITECH AL\u00c1MBRICO"},"content":{"rendered":"<h4 class=\"specs-heading\">Especificaciones t\u00e9cnicas<\/h4>\n<div class=\"specs-column\">\n<div class=\"specs-group\">\n<div class=\"specs-block\">\n<h5 class=\"specs-title\">Teclado<\/h5>\n<ul class=\"specs-description-list\">\n<li>Dise\u00f1o resistente a salpicaduras\u00a0<a class=\"note note-tooltip js-note-tooltip pangea-inited pangea-component-top-element\"><sup aria-label=\"footnote 1\">1<\/sup><span class=\"visually-hidden js-tooltip-descriptor\" aria-hidden=\"true\">Pruebas realizadas en condiciones limitadas (m\u00e1ximo de 60 ml de l\u00edquido). No sumerjas el teclado en ning\u00fan l\u00edquido.<\/span><\/a><\/li>\n<li>Altura de teclado ajustable<\/li>\n<li>Teclado num\u00e9rico con 10 teclas<\/li>\n<li><strong>Ocho teclas de acceso r\u00e1pido<\/strong>: Reproducir\/pausa, silencio, bajar volumen, subir volumen, Internet, inicio de aplicaci\u00f3n de correo predeterminada, suspensi\u00f3n de PC, inicio de calculadora<\/li>\n<li>Hasta 5 millones de pulsaciones (excluida la tecla de bloque num\u00e9rico)<\/li>\n<li><strong>Tipo de teclas<\/strong>: Teclas c\u00f3ncavas<\/li>\n<\/ul>\n<\/div>\n<div class=\"specs-block\">\n<h5 class=\"specs-title\">Mouse<\/h5>\n<ul class=\"specs-description-list\">\n<li><strong>Tecnolog\u00eda de sensor<\/strong>: Seguimiento \u00f3ptico<\/li>\n<li><strong>N\u00famero de botones<\/strong>: 3 (click izquierdo\/derecho, click de bot\u00f3n central)<\/li>\n<li><strong>Desplazamiento<\/strong>: l\u00ednea a l\u00ednea<\/li>\n<li><strong>Rueda de desplazamiento<\/strong>: S\u00ed, \u00f3ptico<\/li>\n<\/ul>\n<\/div>\n<\/div>\n<\/div>\n","protected":false},"excerpt":{"rendered":"<p>Especificaciones t\u00e9cnicas Teclado Dise\u00f1o resistente a salpicaduras\u00a01Pruebas realizadas en condiciones limitadas (m\u00e1ximo de 60 ml de l\u00edquido). No sumerjas el teclado en ning\u00fan l\u00edquido. Altura de teclado ajustable Teclado num\u00e9rico con 10 teclas Ocho teclas de acceso r\u00e1pido: Reproducir\/pausa, silencio, bajar volumen, subir volumen, Internet, inicio de aplicaci\u00f3n de correo predeterminada, suspensi\u00f3n de PC, inicio &hellip;<\/p>\n<p class=\"read-more\"> <a class=\" thunk-readmore button \" href=\"https:\/\/ctsaul.com\/tienda\/producto\/combo-mk200-logitech-alambrico\/\"> <span class=\"screen-reader-text\">COMBO MK200 LOGITECH AL\u00c1MBRICO<\/span>Leer m\u00e1s<\/a><\/p>\n","protected":false},"featured_media":90,"comment_status":"open","ping_status":"closed","template":"","meta":[],"product_brand":[23],"product_cat":[18,25,19,21],"product_tag":[],"class_list":{"0":"post-89","1":"product","2":"type-product","3":"status-publish","4":"has-post-thumbnail","6":"product_brand-logitech","7":"product_cat-accesoriospcyportatil","8":"product_cat-accesoriospc-accesoriospc","9":"product_cat-mouse","10":"product_cat-teclados","11":"thunk-woo-product-list","12":"opn-qv-enable","13":"big-store-woo-hover-zoom","14":"open-single-product-tab-horizontal","15":"open-shadow-","16":"open-shadow-hover-","18":"first","19":"instock","20":"sale","21":"taxable","22":"shipping-taxable","23":"purchasable","24":"product-type-simple"},"_links":{"self":[{"href":"https:\/\/ctsaul.com\/tienda\/wp-json\/wp\/v2\/product\/89","targetHints":{"allow":["GET"]}}],"collection":[{"href":"https:\/\/ctsaul.com\/tienda\/wp-json\/wp\/v2\/product"}],"about":[{"href":"https:\/\/ctsaul.com\/tienda\/wp-json\/wp\/v2\/types\/product"}],"replies":[{"embeddable":true,"href":"https:\/\/ctsaul.com\/tienda\/wp-json\/wp\/v2\/comments?post=89"}],"wp:featuredmedia":[{"embeddable":true,"href":"https:\/\/ctsaul.com\/tienda\/wp-json\/wp\/v2\/media\/90"}],"wp:attachment":[{"href":"https:\/\/ctsaul.com\/tienda\/wp-json\/wp\/v2\/media?parent=89"}],"wp:term":[{"taxonomy":"product_brand","embeddable":true,"href":"https:\/\/ctsaul.com\/tienda\/wp-json\/wp\/v2\/product_brand?post=89"},{"taxonomy":"product_cat","embeddable":true,"href":"https:\/\/ctsaul.com\/tienda\/wp-json\/wp\/v2\/product_cat?post=89"},{"taxonomy":"product_tag","embeddable":true,"href":"https:\/\/ctsaul.com\/tienda\/wp-json\/wp\/v2\/product_tag?post=89"}],"curies":[{"name":"wp","href":"https:\/\/api.w.org\/{rel}","templated":true}]}}