{"id":889,"date":"2025-02-28T17:00:31","date_gmt":"2025-02-28T22:00:31","guid":{"rendered":"http:\/\/172.16.1.1\/tienda\/?post_type=product&#038;p=889"},"modified":"2026-04-23T09:39:13","modified_gmt":"2026-04-23T14:39:13","slug":"calculadora-fx-82ms-cientifica","status":"publish","type":"product","link":"https:\/\/ctsaul.com\/tienda\/producto\/calculadora-fx-82ms-cientifica\/","title":{"rendered":"CALCULADORA FX-82MS CIENTIFICA"},"content":{"rendered":"<p>Especificaciones detalladas del Producto:<\/p>\n<ul>\n<li>Calculadora escolar est\u00e1ndar con pantalla de 2 l\u00edneas y dise\u00f1o ergon\u00f3mico<\/li>\n<li>Gran pantalla de 2 l\u00edneas<\/li>\n<li>C\u00f3modo sistema de men\u00fas para c\u00e1lculos estad\u00edsticos<\/li>\n<li>240 funciones integradas<\/li>\n<li>Funci\u00f3n SCI\/FIX\/ENG<\/li>\n<li>Funciones trigonom\u00e9tricas<\/li>\n<li>C\u00e1lculo de porcentajes<\/li>\n<li>24 niveles de par\u00e9ntesis<\/li>\n<li>C\u00e1lculo de totales<\/li>\n<li>S.-V.P.A.M.* (* Super Visual Perfect Algebraic Method)<\/li>\n<li>C\u00e1lculo de regresi\u00f3n<\/li>\n<li>Memoria de variables\/Memoria acumulativa<\/li>\n<li>Funciones hiperb\u00f3licas e hiperb\u00f3licas inversas<\/li>\n<li>C\u00e1lculo autom\u00e1tico de fracciones<\/li>\n<li>Generador de n\u00fameros aleatorios<\/li>\n<li>Conversi\u00f3n de sexagesimal a decimal y viceversa<\/li>\n<li>C\u00e1lculo en grado centesimal, grado sexagesimal y medida de arco<\/li>\n<li>C\u00e1lculo de coordenadas polares en coordenadas rectangulares y viceversa<\/li>\n<li>Estad\u00edstica bidimensional con c\u00e1lculo de media, valor estimado y suma<\/li>\n<li>Permutaci\u00f3n y combinatoria<\/li>\n<li>C\u00e1lculo de 6 tipos de regresi\u00f3n diferentes y de los coeficientes A, B<\/li>\n<\/ul>\n","protected":false},"excerpt":{"rendered":"<p>Especificaciones detalladas del Producto: Calculadora escolar est\u00e1ndar con pantalla de 2 l\u00edneas y dise\u00f1o ergon\u00f3mico Gran pantalla de 2 l\u00edneas C\u00f3modo sistema de men\u00fas para c\u00e1lculos estad\u00edsticos 240 funciones integradas Funci\u00f3n SCI\/FIX\/ENG Funciones trigonom\u00e9tricas C\u00e1lculo de porcentajes 24 niveles de par\u00e9ntesis C\u00e1lculo de totales S.-V.P.A.M.* (* Super Visual Perfect Algebraic Method) C\u00e1lculo de regresi\u00f3n Memoria &hellip;<\/p>\n<p class=\"read-more\"> <a class=\" thunk-readmore button \" href=\"https:\/\/ctsaul.com\/tienda\/producto\/calculadora-fx-82ms-cientifica\/\"> <span class=\"screen-reader-text\">CALCULADORA FX-82MS CIENTIFICA<\/span>Leer m\u00e1s<\/a><\/p>\n","protected":false},"featured_media":890,"comment_status":"open","ping_status":"closed","template":"","meta":[],"product_brand":[131],"product_cat":[132,133],"product_tag":[],"class_list":{"0":"post-889","1":"product","2":"type-product","3":"status-publish","4":"has-post-thumbnail","6":"product_brand-casio","7":"product_cat-calculadoras","8":"product_cat-calculadoras-cientificas","9":"thunk-woo-product-list","10":"opn-qv-enable","11":"big-store-woo-hover-zoom","12":"open-single-product-tab-horizontal","13":"open-shadow-","14":"open-shadow-hover-","16":"first","17":"instock","18":"sale","19":"taxable","20":"shipping-taxable","21":"purchasable","22":"product-type-simple"},"_links":{"self":[{"href":"https:\/\/ctsaul.com\/tienda\/wp-json\/wp\/v2\/product\/889","targetHints":{"allow":["GET"]}}],"collection":[{"href":"https:\/\/ctsaul.com\/tienda\/wp-json\/wp\/v2\/product"}],"about":[{"href":"https:\/\/ctsaul.com\/tienda\/wp-json\/wp\/v2\/types\/product"}],"replies":[{"embeddable":true,"href":"https:\/\/ctsaul.com\/tienda\/wp-json\/wp\/v2\/comments?post=889"}],"wp:featuredmedia":[{"embeddable":true,"href":"https:\/\/ctsaul.com\/tienda\/wp-json\/wp\/v2\/media\/890"}],"wp:attachment":[{"href":"https:\/\/ctsaul.com\/tienda\/wp-json\/wp\/v2\/media?parent=889"}],"wp:term":[{"taxonomy":"product_brand","embeddable":true,"href":"https:\/\/ctsaul.com\/tienda\/wp-json\/wp\/v2\/product_brand?post=889"},{"taxonomy":"product_cat","embeddable":true,"href":"https:\/\/ctsaul.com\/tienda\/wp-json\/wp\/v2\/product_cat?post=889"},{"taxonomy":"product_tag","embeddable":true,"href":"https:\/\/ctsaul.com\/tienda\/wp-json\/wp\/v2\/product_tag?post=889"}],"curies":[{"name":"wp","href":"https:\/\/api.w.org\/{rel}","templated":true}]}}