{"id":887,"date":"2025-02-28T16:47:39","date_gmt":"2025-02-28T21:47:39","guid":{"rendered":"http:\/\/172.16.1.1\/tienda\/?post_type=product&#038;p=887"},"modified":"2026-04-23T09:46:30","modified_gmt":"2026-04-23T14:46:30","slug":"calculadora-ms-100fm-casio","status":"publish","type":"product","link":"https:\/\/ctsaul.com\/tienda\/producto\/calculadora-ms-100fm-casio\/","title":{"rendered":"CALCULADORA MS-100FM CASIO"},"content":{"rendered":"<p><b>Caracter\u00edsticas:<\/b><\/p>\n<p>\u2022 D\u00edgitos: 10<\/p>\n<p>\u2022 Pantalla extragrande<\/p>\n<p>\u2022 C\u00e1lculos de costos, venta, margen y descuento<\/p>\n<p>\u2022 C\u00e1lculo autom\u00e1tico de precio m\u00e1s impuesto y precio menos impuesto<\/p>\n<p>\u2022 Carcasa met\u00e1lica<\/p>\n<p>\u2022 Color: gris<\/p>\n","protected":false},"excerpt":{"rendered":"<p>Caracter\u00edsticas: \u2022 D\u00edgitos: 10 \u2022 Pantalla extragrande \u2022 C\u00e1lculos de costos, venta, margen y descuento \u2022 C\u00e1lculo autom\u00e1tico de precio m\u00e1s impuesto y precio menos impuesto \u2022 Carcasa met\u00e1lica \u2022 Color: gris<\/p>\n","protected":false},"featured_media":888,"comment_status":"open","ping_status":"closed","template":"","meta":[],"product_brand":[131],"product_cat":[134,132],"product_tag":[],"class_list":{"0":"post-887","1":"product","2":"type-product","3":"status-publish","4":"has-post-thumbnail","6":"product_brand-casio","7":"product_cat-calculadora-sencilla","8":"product_cat-calculadoras","9":"thunk-woo-product-list","10":"opn-qv-enable","11":"big-store-woo-hover-zoom","12":"open-single-product-tab-horizontal","13":"open-shadow-","14":"open-shadow-hover-","16":"first","17":"instock","18":"sale","19":"taxable","20":"shipping-taxable","21":"purchasable","22":"product-type-simple"},"_links":{"self":[{"href":"https:\/\/ctsaul.com\/tienda\/wp-json\/wp\/v2\/product\/887","targetHints":{"allow":["GET"]}}],"collection":[{"href":"https:\/\/ctsaul.com\/tienda\/wp-json\/wp\/v2\/product"}],"about":[{"href":"https:\/\/ctsaul.com\/tienda\/wp-json\/wp\/v2\/types\/product"}],"replies":[{"embeddable":true,"href":"https:\/\/ctsaul.com\/tienda\/wp-json\/wp\/v2\/comments?post=887"}],"wp:featuredmedia":[{"embeddable":true,"href":"https:\/\/ctsaul.com\/tienda\/wp-json\/wp\/v2\/media\/888"}],"wp:attachment":[{"href":"https:\/\/ctsaul.com\/tienda\/wp-json\/wp\/v2\/media?parent=887"}],"wp:term":[{"taxonomy":"product_brand","embeddable":true,"href":"https:\/\/ctsaul.com\/tienda\/wp-json\/wp\/v2\/product_brand?post=887"},{"taxonomy":"product_cat","embeddable":true,"href":"https:\/\/ctsaul.com\/tienda\/wp-json\/wp\/v2\/product_cat?post=887"},{"taxonomy":"product_tag","embeddable":true,"href":"https:\/\/ctsaul.com\/tienda\/wp-json\/wp\/v2\/product_tag?post=887"}],"curies":[{"name":"wp","href":"https:\/\/api.w.org\/{rel}","templated":true}]}}