{"id":885,"date":"2025-02-28T16:34:12","date_gmt":"2025-02-28T21:34:12","guid":{"rendered":"http:\/\/172.16.1.1\/tienda\/?post_type=product&#038;p=885"},"modified":"2026-04-23T09:47:49","modified_gmt":"2026-04-23T14:47:49","slug":"calculadora-mx-12b-casio","status":"publish","type":"product","link":"https:\/\/ctsaul.com\/tienda\/producto\/calculadora-mx-12b-casio\/","title":{"rendered":"CALCULADORA MX-12B CASIO"},"content":{"rendered":"<div class=\"p-product_detail-spec-accordion__panel-item\">\n<div class=\"p-product_detail-spec-accordion__panel-item-ttl\">\n<ul>\n<li>Tipo de producto<\/li>\n<\/ul>\n<p>Tipo de mini-escritorio<\/p>\n<\/div>\n<ul>\n<li class=\"p-product_detail-spec-accordion__panel-item-cont\">Cantidad de d\u00edgitos<\/li>\n<\/ul>\n<\/div>\n<div class=\"p-product_detail-spec-accordion__panel-item\">\n<div class=\"p-product_detail-spec-accordion__panel-item-cont\">12 d\u00edgitos<\/div>\n<\/div>\n<div class=\"p-product_detail-spec-accordion__panel-item\">\n<div class=\"p-product_detail-spec-accordion__panel-item-ttl\">\n<ul>\n<li>Pantalla de cristal l\u00edquido<\/li>\n<\/ul>\n<\/div>\n<div class=\"p-product_detail-spec-accordion__panel-item-cont\">Pantalla extra grande<\/div>\n<div class=\"p-product_detail-spec-accordion__panel-item-cont\">Marcadores de coma cada 3 d\u00edgitos<\/div>\n<\/div>\n<div class=\"p-product_detail-spec-accordion__panel-item\">\n<div class=\"p-product_detail-spec-accordion__panel-item-ttl\">\n<ul>\n<li>Caracter\u00edsticas clave<\/li>\n<\/ul>\n<\/div>\n<div class=\"p-product_detail-spec-accordion__panel-item-cont\">Teclas pl\u00e1sticas<\/div>\n<\/div>\n<div class=\"p-product_detail-spec-accordion__panel-item\">\n<div class=\"p-product_detail-spec-accordion__panel-item-ttl\">\n<ul>\n<li>Funciones clave<\/li>\n<\/ul>\n<\/div>\n<div class=\"p-product_detail-spec-accordion__panel-item-cont\">Pulsaci\u00f3n simult\u00e1nea de teclas<\/div>\n<div class=\"p-product_detail-spec-accordion__panel-item-cont\">Tecla Shift (\u25b6)<\/div>\n<div class=\"p-product_detail-spec-accordion__panel-item-cont\">Cambio de signo (\uff0b\/\uff0d)<\/div>\n<div class=\"p-product_detail-spec-accordion__panel-item-cont\">MU<\/div>\n<\/div>\n<div class=\"p-product_detail-spec-accordion__panel-item\">\n<div class=\"p-product_detail-spec-accordion__panel-item-ttl\">\n<ul>\n<li>Memoria<\/li>\n<\/ul>\n<\/div>\n<div class=\"p-product_detail-spec-accordion__panel-item-cont\">Memoria independiente<\/div>\n<\/div>\n<div class=\"p-product_detail-spec-accordion__panel-item\">\n<div class=\"p-product_detail-spec-accordion__panel-item-ttl\">\n<ul>\n<li>Fuente de alimentaci\u00f3n<\/li>\n<\/ul>\n<\/div>\n<div class=\"p-product_detail-spec-accordion__panel-item-cont\">Solar y bater\u00eda<\/div>\n<\/div>\n","protected":false},"excerpt":{"rendered":"<p>Tipo de producto Tipo de mini-escritorio Cantidad de d\u00edgitos 12 d\u00edgitos Pantalla de cristal l\u00edquido Pantalla extra grande Marcadores de coma cada 3 d\u00edgitos Caracter\u00edsticas clave Teclas pl\u00e1sticas Funciones clave Pulsaci\u00f3n simult\u00e1nea de teclas Tecla Shift (\u25b6) Cambio de signo (\uff0b\/\uff0d) MU Memoria Memoria independiente Fuente de alimentaci\u00f3n Solar y bater\u00eda<\/p>\n","protected":false},"featured_media":886,"comment_status":"open","ping_status":"closed","template":"","meta":[],"product_brand":[131],"product_cat":[134,132],"product_tag":[],"class_list":{"0":"post-885","1":"product","2":"type-product","3":"status-publish","4":"has-post-thumbnail","6":"product_brand-casio","7":"product_cat-calculadora-sencilla","8":"product_cat-calculadoras","9":"thunk-woo-product-list","10":"opn-qv-enable","11":"big-store-woo-hover-zoom","12":"open-single-product-tab-horizontal","13":"open-shadow-","14":"open-shadow-hover-","16":"first","17":"instock","18":"sale","19":"taxable","20":"shipping-taxable","21":"purchasable","22":"product-type-simple"},"_links":{"self":[{"href":"https:\/\/ctsaul.com\/tienda\/wp-json\/wp\/v2\/product\/885","targetHints":{"allow":["GET"]}}],"collection":[{"href":"https:\/\/ctsaul.com\/tienda\/wp-json\/wp\/v2\/product"}],"about":[{"href":"https:\/\/ctsaul.com\/tienda\/wp-json\/wp\/v2\/types\/product"}],"replies":[{"embeddable":true,"href":"https:\/\/ctsaul.com\/tienda\/wp-json\/wp\/v2\/comments?post=885"}],"wp:featuredmedia":[{"embeddable":true,"href":"https:\/\/ctsaul.com\/tienda\/wp-json\/wp\/v2\/media\/886"}],"wp:attachment":[{"href":"https:\/\/ctsaul.com\/tienda\/wp-json\/wp\/v2\/media?parent=885"}],"wp:term":[{"taxonomy":"product_brand","embeddable":true,"href":"https:\/\/ctsaul.com\/tienda\/wp-json\/wp\/v2\/product_brand?post=885"},{"taxonomy":"product_cat","embeddable":true,"href":"https:\/\/ctsaul.com\/tienda\/wp-json\/wp\/v2\/product_cat?post=885"},{"taxonomy":"product_tag","embeddable":true,"href":"https:\/\/ctsaul.com\/tienda\/wp-json\/wp\/v2\/product_tag?post=885"}],"curies":[{"name":"wp","href":"https:\/\/api.w.org\/{rel}","templated":true}]}}