{"id":883,"date":"2025-02-28T16:23:36","date_gmt":"2025-02-28T21:23:36","guid":{"rendered":"http:\/\/172.16.1.1\/tienda\/?post_type=product&#038;p=883"},"modified":"2026-04-23T10:54:41","modified_gmt":"2026-04-23T15:54:41","slug":"calculadora-mh-14-bk-casio","status":"publish","type":"product","link":"https:\/\/ctsaul.com\/tienda\/producto\/calculadora-mh-14-bk-casio\/","title":{"rendered":"CALCULADORA MH-14-BK CASIO"},"content":{"rendered":"<div class=\"text aem-GridColumn--phone--none aem-GridColumn--phone--6 aem-GridColumn aem-GridColumn--default--7 aem-GridColumn--offset--phone--0\">\n<div id=\"text-915090246e\" class=\"cmp-text\">\n<ul>\n<li><b>Calculadoras dise\u00f1adas para la facilidad de uso<\/b><\/li>\n<li><b>Gran pantalla LCD de f\u00e1cil lectura<\/b><\/li>\n<li><strong>14 d\u00edgitos<\/strong><\/li>\n<li><strong>Carga solar\/ bateria <\/strong><\/li>\n<li><b>Proporci\u00f3n \u00e1urea: 1 a 1,618<\/b><\/li>\n<li>Uso de la proporci\u00f3n \u00e1urea para la longitud y el ancho del \u00e1rea de las teclas respecto al \u00e1ngulo de visi\u00f3n<\/li>\n<li><b>\u00a0Teclas grandes y f\u00e1ciles de usar<\/b><\/li>\n<\/ul>\n<\/div>\n<\/div>\n<div class=\"text aem-GridColumn--phone--none aem-GridColumn--phone--6 aem-GridColumn aem-GridColumn--default--7 aem-GridColumn--offset--phone--0\">\n<div id=\"text-d7e82c87d0\" class=\"cmp-text\">\n<p>Las teclas tienen forma cuadrada.<\/p>\n<\/div>\n<\/div>\n","protected":false},"excerpt":{"rendered":"<p>Calculadoras dise\u00f1adas para la facilidad de uso Gran pantalla LCD de f\u00e1cil lectura 14 d\u00edgitos Carga solar\/ bateria Proporci\u00f3n \u00e1urea: 1 a 1,618 Uso de la proporci\u00f3n \u00e1urea para la longitud y el ancho del \u00e1rea de las teclas respecto al \u00e1ngulo de visi\u00f3n \u00a0Teclas grandes y f\u00e1ciles de usar Las teclas tienen forma cuadrada.<\/p>\n","protected":false},"featured_media":884,"comment_status":"open","ping_status":"closed","template":"","meta":[],"product_brand":[131],"product_cat":[134,132],"product_tag":[],"class_list":{"0":"post-883","1":"product","2":"type-product","3":"status-publish","4":"has-post-thumbnail","6":"product_brand-casio","7":"product_cat-calculadora-sencilla","8":"product_cat-calculadoras","9":"thunk-woo-product-list","10":"opn-qv-enable","11":"big-store-woo-hover-zoom","12":"open-single-product-tab-horizontal","13":"open-shadow-","14":"open-shadow-hover-","16":"first","17":"instock","18":"sale","19":"taxable","20":"shipping-taxable","21":"purchasable","22":"product-type-simple"},"_links":{"self":[{"href":"https:\/\/ctsaul.com\/tienda\/wp-json\/wp\/v2\/product\/883","targetHints":{"allow":["GET"]}}],"collection":[{"href":"https:\/\/ctsaul.com\/tienda\/wp-json\/wp\/v2\/product"}],"about":[{"href":"https:\/\/ctsaul.com\/tienda\/wp-json\/wp\/v2\/types\/product"}],"replies":[{"embeddable":true,"href":"https:\/\/ctsaul.com\/tienda\/wp-json\/wp\/v2\/comments?post=883"}],"wp:featuredmedia":[{"embeddable":true,"href":"https:\/\/ctsaul.com\/tienda\/wp-json\/wp\/v2\/media\/884"}],"wp:attachment":[{"href":"https:\/\/ctsaul.com\/tienda\/wp-json\/wp\/v2\/media?parent=883"}],"wp:term":[{"taxonomy":"product_brand","embeddable":true,"href":"https:\/\/ctsaul.com\/tienda\/wp-json\/wp\/v2\/product_brand?post=883"},{"taxonomy":"product_cat","embeddable":true,"href":"https:\/\/ctsaul.com\/tienda\/wp-json\/wp\/v2\/product_cat?post=883"},{"taxonomy":"product_tag","embeddable":true,"href":"https:\/\/ctsaul.com\/tienda\/wp-json\/wp\/v2\/product_tag?post=883"}],"curies":[{"name":"wp","href":"https:\/\/api.w.org\/{rel}","templated":true}]}}