{"id":881,"date":"2025-02-28T16:13:42","date_gmt":"2025-02-28T21:13:42","guid":{"rendered":"http:\/\/172.16.1.1\/tienda\/?post_type=product&#038;p=881"},"modified":"2026-04-23T09:44:05","modified_gmt":"2026-04-23T14:44:05","slug":"calculadora-mj-100d-plus-casio","status":"publish","type":"product","link":"https:\/\/ctsaul.com\/tienda\/producto\/calculadora-mj-100d-plus-casio\/","title":{"rendered":"CALCULADORA MJ-100D PLUS CASIO"},"content":{"rendered":"<ul>\n<li>\n<p style=\"font-weight: 400;\">COMPROBACI\u00d3N CON ASISTENCIA SONORA<\/p>\n<p style=\"font-weight: 400;\">\n<\/li>\n<li>\n<p style=\"font-weight: 400;\">COMPROBACI\u00d3N DE 300 PASOS<\/p>\n<p style=\"font-weight: 400;\">\n<\/li>\n<li>\n<p style=\"font-weight: 400;\">C\u00c1LCULO DE IMPUESTOS<\/p>\n<p style=\"font-weight: 400;\">\n<\/li>\n<li>\n<p style=\"font-weight: 400;\">PANTALLA DE N\u00daMEROS LOCALIZADA<\/p>\n<p style=\"font-weight: 400;\">\n<\/li>\n<li>\n<p style=\"font-weight: 400;\">PANTALLA EXTRA GRANDE<\/p>\n<p style=\"font-weight: 400;\">\n<\/li>\n<li>\n<p style=\"font-weight: 400;\">10 D\u00cdGITOS<\/p>\n<p style=\"font-weight: 400;\">\n<\/li>\n<li>\n<p style=\"font-weight: 400;\">TECLAS DURADERAS RECUBIERTAS DE UV<\/p>\n<p style=\"font-weight: 400;\">\n<\/li>\n<li>\n<p style=\"font-weight: 400;\">FUNCI\u00d3N DE TECLA DE CAMBIO (\u25b6)<\/p>\n<p style=\"font-weight: 400;\">\n<\/li>\n<li>\n<p style=\"font-weight: 400;\">\u00a0\u00a0\u00a0\u00a0\u00a0\u00a0\u00a0\u00a0\u00a0\u00a0\u00a0\u00a0\u00a0FUNCI\u00d3N DE MARGEN<\/p>\n<p style=\"font-weight: 400;\">\n<\/li>\n<li>\n<p style=\"font-weight: 400;\">\u00a0 \u00a0 \u00a0 \u00a0 \u00a0 \u00a0 \u00a0ALIMENTACI\u00d3N CON BATER\u00cdA<\/p>\n<\/li>\n<\/ul>\n","protected":false},"excerpt":{"rendered":"<p>COMPROBACI\u00d3N CON ASISTENCIA SONORA COMPROBACI\u00d3N DE 300 PASOS C\u00c1LCULO DE IMPUESTOS PANTALLA DE N\u00daMEROS LOCALIZADA PANTALLA EXTRA GRANDE 10 D\u00cdGITOS TECLAS DURADERAS RECUBIERTAS DE UV FUNCI\u00d3N DE TECLA DE CAMBIO (\u25b6) \u00a0\u00a0\u00a0\u00a0\u00a0\u00a0\u00a0\u00a0\u00a0\u00a0\u00a0\u00a0\u00a0FUNCI\u00d3N DE MARGEN \u00a0 \u00a0 \u00a0 \u00a0 \u00a0 \u00a0 \u00a0ALIMENTACI\u00d3N CON BATER\u00cdA<\/p>\n","protected":false},"featured_media":882,"comment_status":"open","ping_status":"closed","template":"","meta":[],"product_brand":[131],"product_cat":[134,132],"product_tag":[],"class_list":{"0":"post-881","1":"product","2":"type-product","3":"status-publish","4":"has-post-thumbnail","6":"product_brand-casio","7":"product_cat-calculadora-sencilla","8":"product_cat-calculadoras","9":"thunk-woo-product-list","10":"opn-qv-enable","11":"big-store-woo-hover-zoom","12":"open-single-product-tab-horizontal","13":"open-shadow-","14":"open-shadow-hover-","16":"first","17":"instock","18":"sale","19":"taxable","20":"shipping-taxable","21":"purchasable","22":"product-type-simple"},"_links":{"self":[{"href":"https:\/\/ctsaul.com\/tienda\/wp-json\/wp\/v2\/product\/881","targetHints":{"allow":["GET"]}}],"collection":[{"href":"https:\/\/ctsaul.com\/tienda\/wp-json\/wp\/v2\/product"}],"about":[{"href":"https:\/\/ctsaul.com\/tienda\/wp-json\/wp\/v2\/types\/product"}],"replies":[{"embeddable":true,"href":"https:\/\/ctsaul.com\/tienda\/wp-json\/wp\/v2\/comments?post=881"}],"wp:featuredmedia":[{"embeddable":true,"href":"https:\/\/ctsaul.com\/tienda\/wp-json\/wp\/v2\/media\/882"}],"wp:attachment":[{"href":"https:\/\/ctsaul.com\/tienda\/wp-json\/wp\/v2\/media?parent=881"}],"wp:term":[{"taxonomy":"product_brand","embeddable":true,"href":"https:\/\/ctsaul.com\/tienda\/wp-json\/wp\/v2\/product_brand?post=881"},{"taxonomy":"product_cat","embeddable":true,"href":"https:\/\/ctsaul.com\/tienda\/wp-json\/wp\/v2\/product_cat?post=881"},{"taxonomy":"product_tag","embeddable":true,"href":"https:\/\/ctsaul.com\/tienda\/wp-json\/wp\/v2\/product_tag?post=881"}],"curies":[{"name":"wp","href":"https:\/\/api.w.org\/{rel}","templated":true}]}}