{"id":879,"date":"2025-02-28T16:06:52","date_gmt":"2025-02-28T21:06:52","guid":{"rendered":"http:\/\/172.16.1.1\/tienda\/?post_type=product&#038;p=879"},"modified":"2026-04-23T10:54:42","modified_gmt":"2026-04-23T15:54:42","slug":"calculadora-sl-320tv-bk-casio","status":"publish","type":"product","link":"https:\/\/ctsaul.com\/tienda\/producto\/calculadora-sl-320tv-bk-casio\/","title":{"rendered":"CALCULADORA SL-320TV -BK CASIO"},"content":{"rendered":"<ul>\n<li id=\"tw-target-text\" class=\"tw-data-text tw-text-large tw-ta\" dir=\"ltr\" data-placeholder=\"Traducci\u00f3n\" data-ved=\"2ahUKEwjKqJObnueLAxXbRTABHUT7LZAQ3ewLegQICBAV\" aria-label=\"Texto traducido: Caracter\u00edsticas del producto\nC\u00e1lculo del tiempo\nC\u00e1lculo de impuestos\nPlaca frontal met\u00e1lica\"><span class=\"Y2IQFc\" lang=\"es\"><strong>Caracter\u00edsticas del producto C\u00e1lculo del tiempo C\u00e1lculo de impuestos Placa frontal met\u00e1lic<\/strong>a<\/span><\/li>\n<li class=\"tw-data-text tw-text-large tw-ta\" dir=\"ltr\" data-placeholder=\"Traducci\u00f3n\" data-ved=\"2ahUKEwjKqJObnueLAxXbRTABHUT7LZAQ3ewLegQICBAV\" aria-label=\"Texto traducido: Caracter\u00edsticas del producto\nC\u00e1lculo del tiempo\nC\u00e1lculo de impuestos\nPlaca frontal met\u00e1lica\">Tipo de producto Placa frontal met\u00e1lica Tipo port\u00e1til<\/li>\n<li class=\"tw-data-text tw-text-large tw-ta\" dir=\"ltr\" data-placeholder=\"Traducci\u00f3n\" data-ved=\"2ahUKEwjKqJObnueLAxXbRTABHUT7LZAQ3ewLegQICBAV\" aria-label=\"Texto traducido: Caracter\u00edsticas del producto\nC\u00e1lculo del tiempo\nC\u00e1lculo de impuestos\nPlaca frontal met\u00e1lica\">N\u00famero de d\u00edgitos 12 d\u00edgitos<\/li>\n<li class=\"tw-data-text tw-text-large tw-ta\" dir=\"ltr\" data-placeholder=\"Traducci\u00f3n\" data-ved=\"2ahUKEwjKqJObnueLAxXbRTABHUT7LZAQ3ewLegQICBAV\" aria-label=\"Texto traducido: Caracter\u00edsticas del producto\nC\u00e1lculo del tiempo\nC\u00e1lculo de impuestos\nPlaca frontal met\u00e1lica\">Pantalla de cristal l\u00edquido Pantalla extra grande Marcadores de coma de 3 d\u00edgitos<\/li>\n<li class=\"tw-data-text tw-text-large tw-ta\" dir=\"ltr\" data-placeholder=\"Traducci\u00f3n\" data-ved=\"2ahUKEwjKqJObnueLAxXbRTABHUT7LZAQ3ewLegQICBAV\" aria-label=\"Texto traducido: Caracter\u00edsticas del producto\nC\u00e1lculo del tiempo\nC\u00e1lculo de impuestos\nPlaca frontal met\u00e1lica\">Funciones clave Rollover de clave Cambio de signo (+\/\uff0d)<\/li>\n<li class=\"tw-data-text tw-text-large tw-ta\" dir=\"ltr\" data-placeholder=\"Traducci\u00f3n\" data-ved=\"2ahUKEwjKqJObnueLAxXbRTABHUT7LZAQ3ewLegQICBAV\" aria-label=\"Texto traducido: Caracter\u00edsticas del producto\nC\u00e1lculo del tiempo\nC\u00e1lculo de impuestos\nPlaca frontal met\u00e1lica\">Fuente de alimentaci\u00f3n Solar y bater\u00eda<\/li>\n<li class=\"tw-data-text tw-text-large tw-ta\" dir=\"ltr\" data-placeholder=\"Traducci\u00f3n\" data-ved=\"2ahUKEwjKqJObnueLAxXbRTABHUT7LZAQ3ewLegQICBAV\" aria-label=\"Texto traducido: Caracter\u00edsticas del producto\nC\u00e1lculo del tiempo\nC\u00e1lculo de impuestos\nPlaca frontal met\u00e1lica\">Memoria Memoria independiente<\/li>\n<\/ul>\n<pre id=\"tw-target-text\" class=\"tw-data-text tw-text-large tw-ta\" dir=\"ltr\" data-placeholder=\"Traducci\u00f3n\" data-ved=\"2ahUKEwjKqJObnueLAxXbRTABHUT7LZAQ3ewLegQICBAV\" aria-label=\"Texto traducido: N\u00famero de d\u00edgitos\r\n12 d\u00edgitos\"><\/pre>\n<div id=\"tw-target-rmn-container\" class=\"tw-target-rmn tw-ta-container tw-nfl\" tabindex=\"0\" role=\"text\"><\/div>\n<p>&nbsp;<\/p>\n","protected":false},"excerpt":{"rendered":"<p>Caracter\u00edsticas del producto C\u00e1lculo del tiempo C\u00e1lculo de impuestos Placa frontal met\u00e1lica Tipo de producto Placa frontal met\u00e1lica Tipo port\u00e1til N\u00famero de d\u00edgitos 12 d\u00edgitos Pantalla de cristal l\u00edquido Pantalla extra grande Marcadores de coma de 3 d\u00edgitos Funciones clave Rollover de clave Cambio de signo (+\/\uff0d) Fuente de alimentaci\u00f3n Solar y bater\u00eda Memoria Memoria &hellip;<\/p>\n<p class=\"read-more\"> <a class=\" thunk-readmore button \" href=\"https:\/\/ctsaul.com\/tienda\/producto\/calculadora-sl-320tv-bk-casio\/\"> <span class=\"screen-reader-text\">CALCULADORA SL-320TV -BK CASIO<\/span>Leer m\u00e1s<\/a><\/p>\n","protected":false},"featured_media":880,"comment_status":"open","ping_status":"closed","template":"","meta":[],"product_brand":[131],"product_cat":[134,132],"product_tag":[],"class_list":{"0":"post-879","1":"product","2":"type-product","3":"status-publish","4":"has-post-thumbnail","6":"product_brand-casio","7":"product_cat-calculadora-sencilla","8":"product_cat-calculadoras","9":"thunk-woo-product-list","10":"opn-qv-enable","11":"big-store-woo-hover-zoom","12":"open-single-product-tab-horizontal","13":"open-shadow-","14":"open-shadow-hover-","16":"first","17":"instock","18":"sale","19":"taxable","20":"shipping-taxable","21":"purchasable","22":"product-type-simple"},"_links":{"self":[{"href":"https:\/\/ctsaul.com\/tienda\/wp-json\/wp\/v2\/product\/879","targetHints":{"allow":["GET"]}}],"collection":[{"href":"https:\/\/ctsaul.com\/tienda\/wp-json\/wp\/v2\/product"}],"about":[{"href":"https:\/\/ctsaul.com\/tienda\/wp-json\/wp\/v2\/types\/product"}],"replies":[{"embeddable":true,"href":"https:\/\/ctsaul.com\/tienda\/wp-json\/wp\/v2\/comments?post=879"}],"wp:featuredmedia":[{"embeddable":true,"href":"https:\/\/ctsaul.com\/tienda\/wp-json\/wp\/v2\/media\/880"}],"wp:attachment":[{"href":"https:\/\/ctsaul.com\/tienda\/wp-json\/wp\/v2\/media?parent=879"}],"wp:term":[{"taxonomy":"product_brand","embeddable":true,"href":"https:\/\/ctsaul.com\/tienda\/wp-json\/wp\/v2\/product_brand?post=879"},{"taxonomy":"product_cat","embeddable":true,"href":"https:\/\/ctsaul.com\/tienda\/wp-json\/wp\/v2\/product_cat?post=879"},{"taxonomy":"product_tag","embeddable":true,"href":"https:\/\/ctsaul.com\/tienda\/wp-json\/wp\/v2\/product_tag?post=879"}],"curies":[{"name":"wp","href":"https:\/\/api.w.org\/{rel}","templated":true}]}}