{"id":874,"date":"2025-02-28T15:32:22","date_gmt":"2025-02-28T20:32:22","guid":{"rendered":"http:\/\/172.16.1.1\/tienda\/?post_type=product&#038;p=874"},"modified":"2026-04-23T09:45:31","modified_gmt":"2026-04-23T14:45:31","slug":"calculadora-hl-815l-bk-casio","status":"publish","type":"product","link":"https:\/\/ctsaul.com\/tienda\/producto\/calculadora-hl-815l-bk-casio\/","title":{"rendered":"CALCULADORA HL-815L-BK CASIO"},"content":{"rendered":"<div class=\"p-product_detail-spec-accordion__panel-item-ttl\">\n<ul>\n<li>\n<h4>Tipo de producto<\/h4>\n<\/li>\n<\/ul>\n<p>Tipo Port\u00e1til<\/p>\n<ul>\n<li>\n<div class=\"p-product_detail-spec-accordion__panel-item-ttl\">\n<h4>Cantidad de d\u00edgitos<\/h4>\n<\/div>\n<div class=\"p-product_detail-spec-accordion__panel-item-cont\">8 d\u00edgitos<\/div>\n<\/li>\n<li>\n<div class=\"p-product_detail-spec-accordion__panel-item-ttl\">\n<h4>Pantalla de cristal l\u00edquido<\/h4>\n<\/div>\n<div class=\"p-product_detail-spec-accordion__panel-item-cont\">Pantalla grande<\/div>\n<div class=\"p-product_detail-spec-accordion__panel-item-cont\">Marcadores de coma cada 3 d\u00edgitos<\/div>\n<\/li>\n<li>\n<div class=\"p-product_detail-spec-accordion__panel-item-ttl\">\n<h4>Memoria<\/h4>\n<\/div>\n<div class=\"p-product_detail-spec-accordion__panel-item-cont\">Memoria independiente<\/div>\n<\/li>\n<li>\n<div class=\"p-product_detail-spec-accordion__panel-item-ttl\">\n<h4>Fuente de alimentaci\u00f3n<\/h4>\n<\/div>\n<div class=\"p-product_detail-spec-accordion__panel-item-cont\">AA\u00d71<\/div>\n<div class=\"p-product_detail-spec-accordion__panel-item-cont\">Duraci\u00f3n aproximada de la bater\u00eda principal: 2\u00a0a\u00f1os<\/div>\n<\/li>\n<li>\n<div class=\"p-product_detail-spec-accordion__panel-item-ttl\">\n<h4>C\u00e1lculo b\u00e1sico<\/h4>\n<\/div>\n<div class=\"p-product_detail-spec-accordion__panel-item-cont\">C\u00e1lculo b\u00e1sico<\/div>\n<div class=\"p-product_detail-spec-accordion__panel-item-cont\">Porcentaje regular (\uff05)<\/div>\n<div class=\"p-product_detail-spec-accordion__panel-item-cont\">Ra\u00edz cuadrada (\u221a)<\/div>\n<\/li>\n<\/ul>\n<\/div>\n","protected":false},"excerpt":{"rendered":"<p>Tipo de producto Tipo Port\u00e1til Cantidad de d\u00edgitos 8 d\u00edgitos Pantalla de cristal l\u00edquido Pantalla grande Marcadores de coma cada 3 d\u00edgitos Memoria Memoria independiente Fuente de alimentaci\u00f3n AA\u00d71 Duraci\u00f3n aproximada de la bater\u00eda principal: 2\u00a0a\u00f1os C\u00e1lculo b\u00e1sico C\u00e1lculo b\u00e1sico Porcentaje regular (\uff05) Ra\u00edz cuadrada (\u221a)<\/p>\n","protected":false},"featured_media":875,"comment_status":"open","ping_status":"closed","template":"","meta":[],"product_brand":[131],"product_cat":[134,132],"product_tag":[],"class_list":{"0":"post-874","1":"product","2":"type-product","3":"status-publish","4":"has-post-thumbnail","6":"product_brand-casio","7":"product_cat-calculadora-sencilla","8":"product_cat-calculadoras","9":"thunk-woo-product-list","10":"opn-qv-enable","11":"big-store-woo-hover-zoom","12":"open-single-product-tab-horizontal","13":"open-shadow-","14":"open-shadow-hover-","16":"first","17":"instock","18":"sale","19":"taxable","20":"shipping-taxable","21":"purchasable","22":"product-type-simple"},"_links":{"self":[{"href":"https:\/\/ctsaul.com\/tienda\/wp-json\/wp\/v2\/product\/874","targetHints":{"allow":["GET"]}}],"collection":[{"href":"https:\/\/ctsaul.com\/tienda\/wp-json\/wp\/v2\/product"}],"about":[{"href":"https:\/\/ctsaul.com\/tienda\/wp-json\/wp\/v2\/types\/product"}],"replies":[{"embeddable":true,"href":"https:\/\/ctsaul.com\/tienda\/wp-json\/wp\/v2\/comments?post=874"}],"wp:featuredmedia":[{"embeddable":true,"href":"https:\/\/ctsaul.com\/tienda\/wp-json\/wp\/v2\/media\/875"}],"wp:attachment":[{"href":"https:\/\/ctsaul.com\/tienda\/wp-json\/wp\/v2\/media?parent=874"}],"wp:term":[{"taxonomy":"product_brand","embeddable":true,"href":"https:\/\/ctsaul.com\/tienda\/wp-json\/wp\/v2\/product_brand?post=874"},{"taxonomy":"product_cat","embeddable":true,"href":"https:\/\/ctsaul.com\/tienda\/wp-json\/wp\/v2\/product_cat?post=874"},{"taxonomy":"product_tag","embeddable":true,"href":"https:\/\/ctsaul.com\/tienda\/wp-json\/wp\/v2\/product_tag?post=874"}],"curies":[{"name":"wp","href":"https:\/\/api.w.org\/{rel}","templated":true}]}}