{"id":870,"date":"2025-02-28T14:43:53","date_gmt":"2025-02-28T19:43:53","guid":{"rendered":"http:\/\/172.16.1.1\/tienda\/?post_type=product&#038;p=870"},"modified":"2025-05-27T15:16:40","modified_gmt":"2025-05-27T20:16:40","slug":"diadema-hs-04su-genius","status":"publish","type":"product","link":"https:\/\/ctsaul.com\/tienda\/producto\/diadema-hs-04su-genius\/","title":{"rendered":"DIADEMA HS-04SU GENIUS"},"content":{"rendered":"<p>Diadema Aud\u00edfono Genius HS-04SU, Aud\u00edfono tipo diadema con micr\u00f3fono y funci\u00f3n de cancelaci\u00f3n de ruido y enmudecimiento. Control de volumen. Usa 2 conectores de 3.5mm verde y rosado para CPU convencional.<\/p>\n<h3>Caracter\u00edsticas<\/h3>\n<ul>\n<li>Utilizar con: PC\/Juegos.<\/li>\n<li>Tipo de auricular: Biaural<\/li>\n<li>Estilo de uso: Diadema<\/li>\n<li>Color del producto: Plata.<\/li>\n<li>Tecnolog\u00eda de conectividad: Al\u00e1mbrico<\/li>\n<li>Interfaz del dispositivo: 3.5 mm (1\/8 \u201c).<\/li>\n<li>Aud\u00edfonos: Supraaural<\/li>\n<li>Sistema ac\u00fastico: semi-abierto<\/li>\n<li>Frecuencia de auricular: 20 \u2013 20000 Hz.<\/li>\n<li>Frecuencia de micr\u00f3fono: 50 \u2013 20000 Hz<\/li>\n<li>Sensibilidad de micr\u00f3fono: -60 dB<\/li>\n<li>Micr\u00f3fono, impedancia de salida: 2200<\/li>\n<\/ul>\n","protected":false},"excerpt":{"rendered":"<p>Diadema Aud\u00edfono Genius HS-04SU, Aud\u00edfono tipo diadema con micr\u00f3fono y funci\u00f3n de cancelaci\u00f3n de ruido y enmudecimiento. Control de volumen. Usa 2 conectores de 3.5mm verde y rosado para CPU convencional. Caracter\u00edsticas Utilizar con: PC\/Juegos. Tipo de auricular: Biaural Estilo de uso: Diadema Color del producto: Plata. Tecnolog\u00eda de conectividad: Al\u00e1mbrico Interfaz del dispositivo: 3.5 &hellip;<\/p>\n<p class=\"read-more\"> <a class=\" thunk-readmore button \" href=\"https:\/\/ctsaul.com\/tienda\/producto\/diadema-hs-04su-genius\/\"> <span class=\"screen-reader-text\">DIADEMA HS-04SU GENIUS<\/span>Leer m\u00e1s<\/a><\/p>\n","protected":false},"featured_media":871,"comment_status":"open","ping_status":"closed","template":"","meta":[],"product_brand":[24],"product_cat":[18,130],"product_tag":[],"class_list":{"0":"post-870","1":"product","2":"type-product","3":"status-publish","4":"has-post-thumbnail","6":"product_brand-genius","7":"product_cat-accesoriospcyportatil","8":"product_cat-diademas-audifonos","9":"thunk-woo-product-list","10":"opn-qv-enable","11":"big-store-woo-hover-zoom","12":"open-single-product-tab-horizontal","13":"open-shadow-","14":"open-shadow-hover-","16":"first","17":"instock","18":"sale","19":"taxable","20":"shipping-taxable","21":"purchasable","22":"product-type-simple"},"_links":{"self":[{"href":"https:\/\/ctsaul.com\/tienda\/wp-json\/wp\/v2\/product\/870","targetHints":{"allow":["GET"]}}],"collection":[{"href":"https:\/\/ctsaul.com\/tienda\/wp-json\/wp\/v2\/product"}],"about":[{"href":"https:\/\/ctsaul.com\/tienda\/wp-json\/wp\/v2\/types\/product"}],"replies":[{"embeddable":true,"href":"https:\/\/ctsaul.com\/tienda\/wp-json\/wp\/v2\/comments?post=870"}],"wp:featuredmedia":[{"embeddable":true,"href":"https:\/\/ctsaul.com\/tienda\/wp-json\/wp\/v2\/media\/871"}],"wp:attachment":[{"href":"https:\/\/ctsaul.com\/tienda\/wp-json\/wp\/v2\/media?parent=870"}],"wp:term":[{"taxonomy":"product_brand","embeddable":true,"href":"https:\/\/ctsaul.com\/tienda\/wp-json\/wp\/v2\/product_brand?post=870"},{"taxonomy":"product_cat","embeddable":true,"href":"https:\/\/ctsaul.com\/tienda\/wp-json\/wp\/v2\/product_cat?post=870"},{"taxonomy":"product_tag","embeddable":true,"href":"https:\/\/ctsaul.com\/tienda\/wp-json\/wp\/v2\/product_tag?post=870"}],"curies":[{"name":"wp","href":"https:\/\/api.w.org\/{rel}","templated":true}]}}