{"id":87,"date":"2025-02-17T17:05:55","date_gmt":"2025-02-17T22:05:55","guid":{"rendered":"http:\/\/172.16.1.1\/tienda\/?post_type=product&#038;p=87"},"modified":"2025-03-28T11:14:24","modified_gmt":"2025-03-28T16:14:24","slug":"combo-mk120-logitech-alambrico","status":"publish","type":"product","link":"https:\/\/ctsaul.com\/tienda\/producto\/combo-mk120-logitech-alambrico\/","title":{"rendered":"COMBO MK120 LOGITECH AL\u00c1MBRICO"},"content":{"rendered":"<ul class=\"ui-vpp-highlighted-specs__features-list\">\n<li class=\"ui-vpp-highlighted-specs__features-list-item ui-pdp-color--BLACK ui-pdp-size--XSMALL ui-pdp-family--REGULAR\">Color del mouse: Negro<\/li>\n<li class=\"ui-vpp-highlighted-specs__features-list-item ui-pdp-color--BLACK ui-pdp-size--XSMALL ui-pdp-family--REGULAR\">Kit compuesto por teclado K120 y mouse B100.<\/li>\n<li class=\"ui-vpp-highlighted-specs__features-list-item ui-pdp-color--BLACK ui-pdp-size--XSMALL ui-pdp-family--REGULAR\">Aptos para windows 7 y versiones superiores.<\/li>\n<li class=\"ui-vpp-highlighted-specs__features-list-item ui-pdp-color--BLACK ui-pdp-size--XSMALL ui-pdp-family--REGULAR\">Resistentes a salpicaduras.<\/li>\n<li class=\"ui-vpp-highlighted-specs__features-list-item ui-pdp-color--BLACK ui-pdp-size--XSMALL ui-pdp-family--REGULAR\">Teclado de membrana con switch cherry mx black.<\/li>\n<li class=\"ui-vpp-highlighted-specs__features-list-item ui-pdp-color--BLACK ui-pdp-size--XSMALL ui-pdp-family--REGULAR\">Contiene 105 teclas y 3 botones.<\/li>\n<li class=\"ui-vpp-highlighted-specs__features-list-item ui-pdp-color--BLACK ui-pdp-size--XSMALL ui-pdp-family--REGULAR\">Idioma del teclado: Espa\u00f1ol Latinoam\u00e9rica.<\/li>\n<li class=\"ui-vpp-highlighted-specs__features-list-item ui-pdp-color--BLACK ui-pdp-size--XSMALL ui-pdp-family--REGULAR\">Mouse con sensor \u00f3ptico y resoluci\u00f3n de 1000\u00a0dpi.<\/li>\n<li class=\"ui-vpp-highlighted-specs__features-list-item ui-pdp-color--BLACK ui-pdp-size--XSMALL ui-pdp-family--REGULAR\">Productos con rango inal\u00e1mbrico de 10\u00a0m.<\/li>\n<li class=\"ui-vpp-highlighted-specs__features-list-item ui-pdp-color--BLACK ui-pdp-size--XSMALL ui-pdp-family--REGULAR\">Interfaz de conexi\u00f3n de los dispositivos usb.<\/li>\n<li class=\"ui-vpp-highlighted-specs__features-list-item ui-pdp-color--BLACK ui-pdp-size--XSMALL ui-pdp-family--REGULAR\">Combinaci\u00f3n perfecta y completa para distintas actividades diarias.<\/li>\n<\/ul>\n","protected":false},"excerpt":{"rendered":"<p>Color del mouse: Negro Kit compuesto por teclado K120 y mouse B100. Aptos para windows 7 y versiones superiores. Resistentes a salpicaduras. Teclado de membrana con switch cherry mx black. Contiene 105 teclas y 3 botones. Idioma del teclado: Espa\u00f1ol Latinoam\u00e9rica. Mouse con sensor \u00f3ptico y resoluci\u00f3n de 1000\u00a0dpi. Productos con rango inal\u00e1mbrico de 10\u00a0m. &hellip;<\/p>\n<p class=\"read-more\"> <a class=\" thunk-readmore button \" href=\"https:\/\/ctsaul.com\/tienda\/producto\/combo-mk120-logitech-alambrico\/\"> <span class=\"screen-reader-text\">COMBO MK120 LOGITECH AL\u00c1MBRICO<\/span>Leer m\u00e1s<\/a><\/p>\n","protected":false},"featured_media":88,"comment_status":"open","ping_status":"closed","template":"","meta":[],"product_brand":[23],"product_cat":[18,25,19,21],"product_tag":[],"class_list":{"0":"post-87","1":"product","2":"type-product","3":"status-publish","4":"has-post-thumbnail","6":"product_brand-logitech","7":"product_cat-accesoriospcyportatil","8":"product_cat-accesoriospc-accesoriospc","9":"product_cat-mouse","10":"product_cat-teclados","11":"thunk-woo-product-list","12":"opn-qv-enable","13":"big-store-woo-hover-zoom","14":"open-single-product-tab-horizontal","15":"open-shadow-","16":"open-shadow-hover-","18":"first","19":"instock","20":"sale","21":"taxable","22":"shipping-taxable","23":"purchasable","24":"product-type-simple"},"_links":{"self":[{"href":"https:\/\/ctsaul.com\/tienda\/wp-json\/wp\/v2\/product\/87","targetHints":{"allow":["GET"]}}],"collection":[{"href":"https:\/\/ctsaul.com\/tienda\/wp-json\/wp\/v2\/product"}],"about":[{"href":"https:\/\/ctsaul.com\/tienda\/wp-json\/wp\/v2\/types\/product"}],"replies":[{"embeddable":true,"href":"https:\/\/ctsaul.com\/tienda\/wp-json\/wp\/v2\/comments?post=87"}],"wp:featuredmedia":[{"embeddable":true,"href":"https:\/\/ctsaul.com\/tienda\/wp-json\/wp\/v2\/media\/88"}],"wp:attachment":[{"href":"https:\/\/ctsaul.com\/tienda\/wp-json\/wp\/v2\/media?parent=87"}],"wp:term":[{"taxonomy":"product_brand","embeddable":true,"href":"https:\/\/ctsaul.com\/tienda\/wp-json\/wp\/v2\/product_brand?post=87"},{"taxonomy":"product_cat","embeddable":true,"href":"https:\/\/ctsaul.com\/tienda\/wp-json\/wp\/v2\/product_cat?post=87"},{"taxonomy":"product_tag","embeddable":true,"href":"https:\/\/ctsaul.com\/tienda\/wp-json\/wp\/v2\/product_tag?post=87"}],"curies":[{"name":"wp","href":"https:\/\/api.w.org\/{rel}","templated":true}]}}