{"id":863,"date":"2025-02-28T11:38:48","date_gmt":"2025-02-28T16:38:48","guid":{"rendered":"http:\/\/172.16.1.1\/tienda\/?post_type=product&#038;p=863"},"modified":"2025-05-27T15:17:34","modified_gmt":"2025-05-27T20:17:34","slug":"audifono-hs-02b-genius","status":"publish","type":"product","link":"https:\/\/ctsaul.com\/tienda\/producto\/audifono-hs-02b-genius\/","title":{"rendered":"AUDIFONO HS-02B GENIUS"},"content":{"rendered":"<ul>\n<li>Conector: 2 plug<\/li>\n<li>Aud\u00edfonos Diadema Con Micr\u00f3fono Hs 02b Genius Azul<\/li>\n<li>\u00a0Elemento: Aud\u00edfonos con micr\u00f3fono<\/li>\n<li>\u00a0Marca: Genius<\/li>\n<li>\u00a0Color: Azul metalizado<\/li>\n<li>Con ecualizador de volumen, adaptable al tama\u00f1o de la cabeza<\/li>\n<li>Diviertete haciendo videollamadas con tus familiares, o si\u00e9ntete c\u00f3modo haciendo v\u00eddeo conferencias con<\/li>\n<li>estos excelentes aud\u00edfonos<\/li>\n<\/ul>\n","protected":false},"excerpt":{"rendered":"<p>Conector: 2 plug Aud\u00edfonos Diadema Con Micr\u00f3fono Hs 02b Genius Azul \u00a0Elemento: Aud\u00edfonos con micr\u00f3fono \u00a0Marca: Genius \u00a0Color: Azul metalizado Con ecualizador de volumen, adaptable al tama\u00f1o de la cabeza Diviertete haciendo videollamadas con tus familiares, o si\u00e9ntete c\u00f3modo haciendo v\u00eddeo conferencias con estos excelentes aud\u00edfonos<\/p>\n","protected":false},"featured_media":864,"comment_status":"open","ping_status":"closed","template":"","meta":[],"product_brand":[24],"product_cat":[18,130],"product_tag":[],"class_list":{"0":"post-863","1":"product","2":"type-product","3":"status-publish","4":"has-post-thumbnail","6":"product_brand-genius","7":"product_cat-accesoriospcyportatil","8":"product_cat-diademas-audifonos","9":"thunk-woo-product-list","10":"opn-qv-enable","11":"big-store-woo-hover-zoom","12":"open-single-product-tab-horizontal","13":"open-shadow-","14":"open-shadow-hover-","16":"first","17":"instock","18":"sale","19":"taxable","20":"shipping-taxable","21":"purchasable","22":"product-type-simple"},"_links":{"self":[{"href":"https:\/\/ctsaul.com\/tienda\/wp-json\/wp\/v2\/product\/863","targetHints":{"allow":["GET"]}}],"collection":[{"href":"https:\/\/ctsaul.com\/tienda\/wp-json\/wp\/v2\/product"}],"about":[{"href":"https:\/\/ctsaul.com\/tienda\/wp-json\/wp\/v2\/types\/product"}],"replies":[{"embeddable":true,"href":"https:\/\/ctsaul.com\/tienda\/wp-json\/wp\/v2\/comments?post=863"}],"wp:featuredmedia":[{"embeddable":true,"href":"https:\/\/ctsaul.com\/tienda\/wp-json\/wp\/v2\/media\/864"}],"wp:attachment":[{"href":"https:\/\/ctsaul.com\/tienda\/wp-json\/wp\/v2\/media?parent=863"}],"wp:term":[{"taxonomy":"product_brand","embeddable":true,"href":"https:\/\/ctsaul.com\/tienda\/wp-json\/wp\/v2\/product_brand?post=863"},{"taxonomy":"product_cat","embeddable":true,"href":"https:\/\/ctsaul.com\/tienda\/wp-json\/wp\/v2\/product_cat?post=863"},{"taxonomy":"product_tag","embeddable":true,"href":"https:\/\/ctsaul.com\/tienda\/wp-json\/wp\/v2\/product_tag?post=863"}],"curies":[{"name":"wp","href":"https:\/\/api.w.org\/{rel}","templated":true}]}}