{"id":861,"date":"2025-02-28T11:25:06","date_gmt":"2025-02-28T16:25:06","guid":{"rendered":"http:\/\/172.16.1.1\/tienda\/?post_type=product&#038;p=861"},"modified":"2025-05-27T15:17:43","modified_gmt":"2025-05-27T20:17:43","slug":"audifono-hs-m200c-genius","status":"publish","type":"product","link":"https:\/\/ctsaul.com\/tienda\/producto\/audifono-hs-m200c-genius\/","title":{"rendered":"AUDIFONO HS-M200C GENIUS"},"content":{"rendered":"<ul>\n<li>VOZ CLARA Y EST\u00c9REO<br \/>\nChatee, disfrute de m\u00fasica o pel\u00edculas con sonido est\u00e9reo claro.<\/li>\n<li>ESPECIFICACIONES<\/li>\n<li>Nombre del modelo HS-200C<\/li>\n<li>Tipo Vincha ajustable<\/li>\n<li>Conexi\u00f3n Conector de 3,5 mm<\/li>\n<li>Frecuencia 20Hz &#8211; 20KHz<\/li>\n<li>Sensibilidad 105 dB<\/li>\n<li>Impedancia 32<\/li>\n<li>Con Micr\u00f3fono S\u00cd<\/li>\n<li>Longitud de cable (m) 1.8 m<\/li>\n<\/ul>\n","protected":false},"excerpt":{"rendered":"<p>VOZ CLARA Y EST\u00c9REO Chatee, disfrute de m\u00fasica o pel\u00edculas con sonido est\u00e9reo claro. ESPECIFICACIONES Nombre del modelo HS-200C Tipo Vincha ajustable Conexi\u00f3n Conector de 3,5 mm Frecuencia 20Hz &#8211; 20KHz Sensibilidad 105 dB Impedancia 32 Con Micr\u00f3fono S\u00cd Longitud de cable (m) 1.8 m<\/p>\n","protected":false},"featured_media":862,"comment_status":"open","ping_status":"closed","template":"","meta":[],"product_brand":[24],"product_cat":[18,130],"product_tag":[],"class_list":{"0":"post-861","1":"product","2":"type-product","3":"status-publish","4":"has-post-thumbnail","6":"product_brand-genius","7":"product_cat-accesoriospcyportatil","8":"product_cat-diademas-audifonos","9":"thunk-woo-product-list","10":"opn-qv-enable","11":"big-store-woo-hover-zoom","12":"open-single-product-tab-horizontal","13":"open-shadow-","14":"open-shadow-hover-","16":"first","17":"instock","18":"sale","19":"taxable","20":"shipping-taxable","21":"purchasable","22":"product-type-simple"},"_links":{"self":[{"href":"https:\/\/ctsaul.com\/tienda\/wp-json\/wp\/v2\/product\/861","targetHints":{"allow":["GET"]}}],"collection":[{"href":"https:\/\/ctsaul.com\/tienda\/wp-json\/wp\/v2\/product"}],"about":[{"href":"https:\/\/ctsaul.com\/tienda\/wp-json\/wp\/v2\/types\/product"}],"replies":[{"embeddable":true,"href":"https:\/\/ctsaul.com\/tienda\/wp-json\/wp\/v2\/comments?post=861"}],"wp:featuredmedia":[{"embeddable":true,"href":"https:\/\/ctsaul.com\/tienda\/wp-json\/wp\/v2\/media\/862"}],"wp:attachment":[{"href":"https:\/\/ctsaul.com\/tienda\/wp-json\/wp\/v2\/media?parent=861"}],"wp:term":[{"taxonomy":"product_brand","embeddable":true,"href":"https:\/\/ctsaul.com\/tienda\/wp-json\/wp\/v2\/product_brand?post=861"},{"taxonomy":"product_cat","embeddable":true,"href":"https:\/\/ctsaul.com\/tienda\/wp-json\/wp\/v2\/product_cat?post=861"},{"taxonomy":"product_tag","embeddable":true,"href":"https:\/\/ctsaul.com\/tienda\/wp-json\/wp\/v2\/product_tag?post=861"}],"curies":[{"name":"wp","href":"https:\/\/api.w.org\/{rel}","templated":true}]}}