{"id":857,"date":"2025-02-28T10:54:30","date_gmt":"2025-02-28T15:54:30","guid":{"rendered":"http:\/\/172.16.1.1\/tienda\/?post_type=product&#038;p=857"},"modified":"2025-05-27T15:18:03","modified_gmt":"2025-05-27T20:18:03","slug":"diadema-028-unitec-11022","status":"publish","type":"product","link":"https:\/\/ctsaul.com\/tienda\/producto\/diadema-028-unitec-11022\/","title":{"rendered":"DIADEMA 028 UNITEC 11022"},"content":{"rendered":"<ul>\n<li><strong>Conexi\u00f3n Vers\u00e1til:<\/strong>\u00a0Doble plug de 3.5mm para micr\u00f3fono y auriculares, y USB para la iluminaci\u00f3n LED.<\/li>\n<li><strong>Sonido Est\u00e9reo de Alta Calidad:<\/strong>\u00a0Disfruta de un audio claro y envolvente.<\/li>\n<li><strong>Cord\u00f3n Largo de 2 Metros:<\/strong>\u00a0Ofrece flexibilidad y libertad de movimiento.<\/li>\n<li><strong>Micr\u00f3fono Incorporado:<\/strong>\u00a0Para una comunicaci\u00f3n clara y eficiente.<\/li>\n<li><strong>Iluminaci\u00f3n LED Multicolor:<\/strong>\u00a0A\u00f1ade un toque din\u00e1mico a tus sesiones.<\/li>\n<li><strong>Auriculares Acolchados:<\/strong>\u00a0Dise\u00f1o ergon\u00f3mico para un uso c\u00f3modo durante largos per\u00edodos.<\/li>\n<\/ul>\n","protected":false},"excerpt":{"rendered":"<p>Conexi\u00f3n Vers\u00e1til:\u00a0Doble plug de 3.5mm para micr\u00f3fono y auriculares, y USB para la iluminaci\u00f3n LED. Sonido Est\u00e9reo de Alta Calidad:\u00a0Disfruta de un audio claro y envolvente. Cord\u00f3n Largo de 2 Metros:\u00a0Ofrece flexibilidad y libertad de movimiento. Micr\u00f3fono Incorporado:\u00a0Para una comunicaci\u00f3n clara y eficiente. Iluminaci\u00f3n LED Multicolor:\u00a0A\u00f1ade un toque din\u00e1mico a tus sesiones. Auriculares Acolchados:\u00a0Dise\u00f1o ergon\u00f3mico &hellip;<\/p>\n<p class=\"read-more\"> <a class=\" thunk-readmore button \" href=\"https:\/\/ctsaul.com\/tienda\/producto\/diadema-028-unitec-11022\/\"> <span class=\"screen-reader-text\">DIADEMA 028 UNITEC 11022<\/span>Leer m\u00e1s<\/a><\/p>\n","protected":false},"featured_media":858,"comment_status":"open","ping_status":"closed","template":"","meta":[],"product_brand":[26],"product_cat":[18,130],"product_tag":[],"class_list":{"0":"post-857","1":"product","2":"type-product","3":"status-publish","4":"has-post-thumbnail","6":"product_brand-unitec","7":"product_cat-accesoriospcyportatil","8":"product_cat-diademas-audifonos","9":"thunk-woo-product-list","10":"opn-qv-enable","11":"big-store-woo-hover-zoom","12":"open-single-product-tab-horizontal","13":"open-shadow-","14":"open-shadow-hover-","16":"first","17":"instock","18":"sale","19":"taxable","20":"shipping-taxable","21":"purchasable","22":"product-type-simple"},"_links":{"self":[{"href":"https:\/\/ctsaul.com\/tienda\/wp-json\/wp\/v2\/product\/857","targetHints":{"allow":["GET"]}}],"collection":[{"href":"https:\/\/ctsaul.com\/tienda\/wp-json\/wp\/v2\/product"}],"about":[{"href":"https:\/\/ctsaul.com\/tienda\/wp-json\/wp\/v2\/types\/product"}],"replies":[{"embeddable":true,"href":"https:\/\/ctsaul.com\/tienda\/wp-json\/wp\/v2\/comments?post=857"}],"wp:featuredmedia":[{"embeddable":true,"href":"https:\/\/ctsaul.com\/tienda\/wp-json\/wp\/v2\/media\/858"}],"wp:attachment":[{"href":"https:\/\/ctsaul.com\/tienda\/wp-json\/wp\/v2\/media?parent=857"}],"wp:term":[{"taxonomy":"product_brand","embeddable":true,"href":"https:\/\/ctsaul.com\/tienda\/wp-json\/wp\/v2\/product_brand?post=857"},{"taxonomy":"product_cat","embeddable":true,"href":"https:\/\/ctsaul.com\/tienda\/wp-json\/wp\/v2\/product_cat?post=857"},{"taxonomy":"product_tag","embeddable":true,"href":"https:\/\/ctsaul.com\/tienda\/wp-json\/wp\/v2\/product_tag?post=857"}],"curies":[{"name":"wp","href":"https:\/\/api.w.org\/{rel}","templated":true}]}}