{"id":849,"date":"2025-02-27T16:26:32","date_gmt":"2025-02-27T21:26:32","guid":{"rendered":"http:\/\/172.16.1.1\/tienda\/?post_type=product&#038;p=849"},"modified":"2026-03-12T12:09:20","modified_gmt":"2026-03-12T17:09:20","slug":"tarjeta-memoria-sd-32gb-exteme-pro-sandisk","status":"publish","type":"product","link":"https:\/\/ctsaul.com\/tienda\/producto\/tarjeta-memoria-sd-32gb-exteme-pro-sandisk\/","title":{"rendered":"TARJETA MEMORIA SD 32GB EXTEME PRO SANDISK"},"content":{"rendered":"<ul class=\"a-unordered-list a-vertical a-spacing-mini\">\n<li class=\"a-spacing-mini\"><span class=\"a-list-item\">Tarjeta de memoria SD UHS-I potente con velocidades de disparo de hasta 100 MB\/s y velocidades de transferencia de hasta 90MB\/s<\/span><\/li>\n<li class=\"a-spacing-mini\"><span class=\"a-list-item\">Dise\u00f1ada para grabar v\u00eddeos 4K UHD y realizar fotograf\u00edas secuenciales en modo r\u00e1faga<\/span><\/li>\n<li class=\"a-spacing-mini\"><span class=\"a-list-item\">Grabe v\u00eddeo de forma ininterrumpida con UHS Speed Class 3 (U3) y Video Speed Class 30 (V30)<\/span><\/li>\n<li class=\"a-spacing-mini\"><span class=\"a-list-item\">Fabricada para ser usada en condiciones dif\u00edciles y sometida a ensayos en dichas condiciones: resistente a temperatura, al agua, a golpes y a rayos X<\/span><\/li>\n<\/ul>\n","protected":false},"excerpt":{"rendered":"<p>Tarjeta de memoria SD UHS-I potente con velocidades de disparo de hasta 100 MB\/s y velocidades de transferencia de hasta 90MB\/s Dise\u00f1ada para grabar v\u00eddeos 4K UHD y realizar fotograf\u00edas secuenciales en modo r\u00e1faga Grabe v\u00eddeo de forma ininterrumpida con UHS Speed Class 3 (U3) y Video Speed Class 30 (V30) Fabricada para ser usada &hellip;<\/p>\n<p class=\"read-more\"> <a class=\" thunk-readmore button \" href=\"https:\/\/ctsaul.com\/tienda\/producto\/tarjeta-memoria-sd-32gb-exteme-pro-sandisk\/\"> <span class=\"screen-reader-text\">TARJETA MEMORIA SD 32GB EXTEME PRO SANDISK<\/span>Leer m\u00e1s<\/a><\/p>\n","protected":false},"featured_media":850,"comment_status":"open","ping_status":"closed","template":"","meta":[],"product_brand":[29],"product_cat":[27,32],"product_tag":[],"class_list":{"0":"post-849","1":"product","2":"type-product","3":"status-publish","4":"has-post-thumbnail","6":"product_brand-sandisk","7":"product_cat-memorias-de-almacenamiento","8":"product_cat-memorias-de-almacenamiento-memorias-de-almacenamiento-2","9":"thunk-woo-product-list","10":"opn-qv-enable","11":"big-store-woo-hover-zoom","12":"open-single-product-tab-horizontal","13":"open-shadow-","14":"open-shadow-hover-","16":"first","17":"instock","18":"sale","19":"taxable","20":"shipping-taxable","21":"purchasable","22":"product-type-simple"},"_links":{"self":[{"href":"https:\/\/ctsaul.com\/tienda\/wp-json\/wp\/v2\/product\/849","targetHints":{"allow":["GET"]}}],"collection":[{"href":"https:\/\/ctsaul.com\/tienda\/wp-json\/wp\/v2\/product"}],"about":[{"href":"https:\/\/ctsaul.com\/tienda\/wp-json\/wp\/v2\/types\/product"}],"replies":[{"embeddable":true,"href":"https:\/\/ctsaul.com\/tienda\/wp-json\/wp\/v2\/comments?post=849"}],"wp:featuredmedia":[{"embeddable":true,"href":"https:\/\/ctsaul.com\/tienda\/wp-json\/wp\/v2\/media\/850"}],"wp:attachment":[{"href":"https:\/\/ctsaul.com\/tienda\/wp-json\/wp\/v2\/media?parent=849"}],"wp:term":[{"taxonomy":"product_brand","embeddable":true,"href":"https:\/\/ctsaul.com\/tienda\/wp-json\/wp\/v2\/product_brand?post=849"},{"taxonomy":"product_cat","embeddable":true,"href":"https:\/\/ctsaul.com\/tienda\/wp-json\/wp\/v2\/product_cat?post=849"},{"taxonomy":"product_tag","embeddable":true,"href":"https:\/\/ctsaul.com\/tienda\/wp-json\/wp\/v2\/product_tag?post=849"}],"curies":[{"name":"wp","href":"https:\/\/api.w.org\/{rel}","templated":true}]}}