{"id":82,"date":"2025-02-17T16:49:41","date_gmt":"2025-02-17T21:49:41","guid":{"rendered":"http:\/\/172.16.1.1\/tienda\/?post_type=product&#038;p=82"},"modified":"2025-03-28T11:14:42","modified_gmt":"2025-03-28T16:14:42","slug":"combo-standard-8000-a87-alambrico","status":"publish","type":"product","link":"https:\/\/ctsaul.com\/tienda\/producto\/combo-standard-8000-a87-alambrico\/","title":{"rendered":"COMBO STANDARD 8000 A87 AL\u00c1MBRICO JALTECH"},"content":{"rendered":"<p>Combo mouse teclado A87, este producto cuenta con las siguientes caracter\u00edsticas:<\/p>\n<p>-Teclado en espa\u00f1ol.<br \/>\n-Mouse y teclado conexi\u00f3n USB.<br \/>\n-Mouse LED.<\/p>\n","protected":false},"excerpt":{"rendered":"<p>Combo mouse teclado A87, este producto cuenta con las siguientes caracter\u00edsticas: -Teclado en espa\u00f1ol. -Mouse y teclado conexi\u00f3n USB. -Mouse LED.<\/p>\n","protected":false},"featured_media":84,"comment_status":"open","ping_status":"closed","template":"","meta":[],"product_brand":[22],"product_cat":[18,25,19,21],"product_tag":[],"class_list":{"0":"post-82","1":"product","2":"type-product","3":"status-publish","4":"has-post-thumbnail","6":"product_brand-jaltech","7":"product_cat-accesoriospcyportatil","8":"product_cat-accesoriospc-accesoriospc","9":"product_cat-mouse","10":"product_cat-teclados","11":"thunk-woo-product-list","12":"opn-qv-enable","13":"big-store-woo-hover-zoom","14":"open-single-product-tab-horizontal","15":"open-shadow-","16":"open-shadow-hover-","18":"first","19":"instock","20":"sale","21":"taxable","22":"shipping-taxable","23":"purchasable","24":"product-type-simple"},"_links":{"self":[{"href":"https:\/\/ctsaul.com\/tienda\/wp-json\/wp\/v2\/product\/82","targetHints":{"allow":["GET"]}}],"collection":[{"href":"https:\/\/ctsaul.com\/tienda\/wp-json\/wp\/v2\/product"}],"about":[{"href":"https:\/\/ctsaul.com\/tienda\/wp-json\/wp\/v2\/types\/product"}],"replies":[{"embeddable":true,"href":"https:\/\/ctsaul.com\/tienda\/wp-json\/wp\/v2\/comments?post=82"}],"wp:featuredmedia":[{"embeddable":true,"href":"https:\/\/ctsaul.com\/tienda\/wp-json\/wp\/v2\/media\/84"}],"wp:attachment":[{"href":"https:\/\/ctsaul.com\/tienda\/wp-json\/wp\/v2\/media?parent=82"}],"wp:term":[{"taxonomy":"product_brand","embeddable":true,"href":"https:\/\/ctsaul.com\/tienda\/wp-json\/wp\/v2\/product_brand?post=82"},{"taxonomy":"product_cat","embeddable":true,"href":"https:\/\/ctsaul.com\/tienda\/wp-json\/wp\/v2\/product_cat?post=82"},{"taxonomy":"product_tag","embeddable":true,"href":"https:\/\/ctsaul.com\/tienda\/wp-json\/wp\/v2\/product_tag?post=82"}],"curies":[{"name":"wp","href":"https:\/\/api.w.org\/{rel}","templated":true}]}}