{"id":809,"date":"2025-02-26T15:17:56","date_gmt":"2025-02-26T20:17:56","guid":{"rendered":"http:\/\/172.16.1.1\/tienda\/?post_type=product&#038;p=809"},"modified":"2025-05-27T16:17:48","modified_gmt":"2025-05-27T21:17:48","slug":"bateria-aa-x2-2100mah-gp-recargable","status":"publish","type":"product","link":"https:\/\/ctsaul.com\/tienda\/producto\/bateria-aa-x2-2100mah-gp-recargable\/","title":{"rendered":"BATERIA AA X2 2100mah GP RECARGABLE"},"content":{"rendered":"<h3 class=\"product-title translate-title\" data-title=\"GP ReCyko 2100mAh AA (Paquete de 2 pilas)\">GP ReCyko 2100mAh AA (Paquete de 2 Baterias)<\/h3>\n<ul>\n<li>Con una vida \u00fatil de hasta 500 recargas, este paquete de dos pilas equivale a m\u00e1s de 3500 pilas de un s\u00f3lo uso*. Precargada y lista para usar, puede permanecer hasta un 80% cargado despu\u00e9s de 12 meses gracias a su baja tasa de autodescarga. Con una temperatura de funcionamiento que oscila entre -20\u00b0 C y +50\u00b0 C, ofrece un rendimiento fiable incluso en entornos extremos.<\/li>\n<\/ul>\n<p>&nbsp;<\/p>\n","protected":false},"excerpt":{"rendered":"<p>GP ReCyko 2100mAh AA (Paquete de 2 Baterias) Con una vida \u00fatil de hasta 500 recargas, este paquete de dos pilas equivale a m\u00e1s de 3500 pilas de un s\u00f3lo uso*. Precargada y lista para usar, puede permanecer hasta un 80% cargado despu\u00e9s de 12 meses gracias a su baja tasa de autodescarga. Con una &hellip;<\/p>\n<p class=\"read-more\"> <a class=\" thunk-readmore button \" href=\"https:\/\/ctsaul.com\/tienda\/producto\/bateria-aa-x2-2100mah-gp-recargable\/\"> <span class=\"screen-reader-text\">BATERIA AA X2 2100mah GP RECARGABLE<\/span>Leer m\u00e1s<\/a><\/p>\n","protected":false},"featured_media":810,"comment_status":"open","ping_status":"closed","template":"","meta":[],"product_brand":[113],"product_cat":[129,126],"product_tag":[],"class_list":{"0":"post-809","1":"product","2":"type-product","3":"status-publish","4":"has-post-thumbnail","6":"product_brand-gp","7":"product_cat-baterias","8":"product_cat-baterias-recargables","9":"thunk-woo-product-list","10":"opn-qv-enable","11":"big-store-woo-hover-zoom","12":"open-single-product-tab-horizontal","13":"open-shadow-","14":"open-shadow-hover-","16":"first","17":"instock","18":"sale","19":"taxable","20":"shipping-taxable","21":"purchasable","22":"product-type-simple"},"_links":{"self":[{"href":"https:\/\/ctsaul.com\/tienda\/wp-json\/wp\/v2\/product\/809","targetHints":{"allow":["GET"]}}],"collection":[{"href":"https:\/\/ctsaul.com\/tienda\/wp-json\/wp\/v2\/product"}],"about":[{"href":"https:\/\/ctsaul.com\/tienda\/wp-json\/wp\/v2\/types\/product"}],"replies":[{"embeddable":true,"href":"https:\/\/ctsaul.com\/tienda\/wp-json\/wp\/v2\/comments?post=809"}],"wp:featuredmedia":[{"embeddable":true,"href":"https:\/\/ctsaul.com\/tienda\/wp-json\/wp\/v2\/media\/810"}],"wp:attachment":[{"href":"https:\/\/ctsaul.com\/tienda\/wp-json\/wp\/v2\/media?parent=809"}],"wp:term":[{"taxonomy":"product_brand","embeddable":true,"href":"https:\/\/ctsaul.com\/tienda\/wp-json\/wp\/v2\/product_brand?post=809"},{"taxonomy":"product_cat","embeddable":true,"href":"https:\/\/ctsaul.com\/tienda\/wp-json\/wp\/v2\/product_cat?post=809"},{"taxonomy":"product_tag","embeddable":true,"href":"https:\/\/ctsaul.com\/tienda\/wp-json\/wp\/v2\/product_tag?post=809"}],"curies":[{"name":"wp","href":"https:\/\/api.w.org\/{rel}","templated":true}]}}