{"id":807,"date":"2025-02-26T11:24:48","date_gmt":"2025-02-26T16:24:48","guid":{"rendered":"http:\/\/172.16.1.1\/tienda\/?post_type=product&#038;p=807"},"modified":"2025-05-27T16:17:57","modified_gmt":"2025-05-27T21:17:57","slug":"bateria-aa-x2-energizer-recargable","status":"publish","type":"product","link":"https:\/\/ctsaul.com\/tienda\/producto\/bateria-aa-x2-energizer-recargable\/","title":{"rendered":"BATERIA AA X2 ENERGIZER RECARGABLE"},"content":{"rendered":"<p>BATERIA RECARGABLE AA ENERGIZER (2000 MAH) X 2<\/p>\n<ul>\n<li>hasta 1.500 recargas, capacidad: 2000 mAh.Tiene una vida \u00fatil hasta 3 a\u00f1os, es la primera bater\u00eda recargable en el mundo fabricada con bater\u00edas recicladas (4 bater\u00edas recicladas).<\/li>\n<li>Ideal para juegos y juguetes, c\u00e1maras digitales, aparatos de audio, GPS, dispositivos infantiles y todos tus aparatos de alta tecnolog\u00eda del hogar.<\/li>\n<\/ul>\n","protected":false},"excerpt":{"rendered":"<p>BATERIA RECARGABLE AA ENERGIZER (2000 MAH) X 2 hasta 1.500 recargas, capacidad: 2000 mAh.Tiene una vida \u00fatil hasta 3 a\u00f1os, es la primera bater\u00eda recargable en el mundo fabricada con bater\u00edas recicladas (4 bater\u00edas recicladas). Ideal para juegos y juguetes, c\u00e1maras digitales, aparatos de audio, GPS, dispositivos infantiles y todos tus aparatos de alta tecnolog\u00eda &hellip;<\/p>\n<p class=\"read-more\"> <a class=\" thunk-readmore button \" href=\"https:\/\/ctsaul.com\/tienda\/producto\/bateria-aa-x2-energizer-recargable\/\"> <span class=\"screen-reader-text\">BATERIA AA X2 ENERGIZER RECARGABLE<\/span>Leer m\u00e1s<\/a><\/p>\n","protected":false},"featured_media":808,"comment_status":"open","ping_status":"closed","template":"","meta":[],"product_brand":[109],"product_cat":[129,126],"product_tag":[],"class_list":{"0":"post-807","1":"product","2":"type-product","3":"status-publish","4":"has-post-thumbnail","6":"product_brand-energizer","7":"product_cat-baterias","8":"product_cat-baterias-recargables","9":"thunk-woo-product-list","10":"opn-qv-enable","11":"big-store-woo-hover-zoom","12":"open-single-product-tab-horizontal","13":"open-shadow-","14":"open-shadow-hover-","16":"first","17":"instock","18":"sale","19":"taxable","20":"shipping-taxable","21":"purchasable","22":"product-type-simple"},"_links":{"self":[{"href":"https:\/\/ctsaul.com\/tienda\/wp-json\/wp\/v2\/product\/807","targetHints":{"allow":["GET"]}}],"collection":[{"href":"https:\/\/ctsaul.com\/tienda\/wp-json\/wp\/v2\/product"}],"about":[{"href":"https:\/\/ctsaul.com\/tienda\/wp-json\/wp\/v2\/types\/product"}],"replies":[{"embeddable":true,"href":"https:\/\/ctsaul.com\/tienda\/wp-json\/wp\/v2\/comments?post=807"}],"wp:featuredmedia":[{"embeddable":true,"href":"https:\/\/ctsaul.com\/tienda\/wp-json\/wp\/v2\/media\/808"}],"wp:attachment":[{"href":"https:\/\/ctsaul.com\/tienda\/wp-json\/wp\/v2\/media?parent=807"}],"wp:term":[{"taxonomy":"product_brand","embeddable":true,"href":"https:\/\/ctsaul.com\/tienda\/wp-json\/wp\/v2\/product_brand?post=807"},{"taxonomy":"product_cat","embeddable":true,"href":"https:\/\/ctsaul.com\/tienda\/wp-json\/wp\/v2\/product_cat?post=807"},{"taxonomy":"product_tag","embeddable":true,"href":"https:\/\/ctsaul.com\/tienda\/wp-json\/wp\/v2\/product_tag?post=807"}],"curies":[{"name":"wp","href":"https:\/\/api.w.org\/{rel}","templated":true}]}}