{"id":77,"date":"2025-02-17T16:09:44","date_gmt":"2025-02-17T21:09:44","guid":{"rendered":"http:\/\/172.16.1.1\/tienda\/?post_type=product&#038;p=77"},"modified":"2025-03-28T11:15:03","modified_gmt":"2025-03-28T16:15:03","slug":"teclado-inalambrico-kb-7100x-genius","status":"publish","type":"product","link":"https:\/\/ctsaul.com\/tienda\/producto\/teclado-inalambrico-kb-7100x-genius\/","title":{"rendered":"TECLADO INALAMBRICO KB-7100X GENIUS"},"content":{"rendered":"<ul>\n<li>Teclado inal\u00e1mbrico de 2.4GHz<\/li>\n<li>Tecla AI para activar el asistente Copilot (para Windows 11 o superior)<\/li>\n<li>Distancia de trabajo de hasta 10 metros<\/li>\n<li>12 teclas de acceso r\u00e1pido y tecla de reposo<\/li>\n<li>Advertencia de bater\u00eda baja<\/li>\n<li>Sin necesidad de instalaci\u00f3n; plug &amp; play<\/li>\n<li>Teclado inal\u00e1mbrico de 2.4GHz<\/li>\n<li>Tecla AI para activar el asistente Copilot (para Windows 11 o superior)<\/li>\n<li>Distancia de trabajo de hasta 10 metros<\/li>\n<li>12 teclas de acceso r\u00e1pido y tecla de reposo<\/li>\n<li>Advertencia de bater\u00eda baja<\/li>\n<\/ul>\n","protected":false},"excerpt":{"rendered":"<p>Teclado inal\u00e1mbrico de 2.4GHz Tecla AI para activar el asistente Copilot (para Windows 11 o superior) Distancia de trabajo de hasta 10 metros 12 teclas de acceso r\u00e1pido y tecla de reposo Advertencia de bater\u00eda baja Sin necesidad de instalaci\u00f3n; plug &amp; play Teclado inal\u00e1mbrico de 2.4GHz Tecla AI para activar el asistente Copilot (para &hellip;<\/p>\n<p class=\"read-more\"> <a class=\" thunk-readmore button \" href=\"https:\/\/ctsaul.com\/tienda\/producto\/teclado-inalambrico-kb-7100x-genius\/\"> <span class=\"screen-reader-text\">TECLADO INALAMBRICO KB-7100X GENIUS<\/span>Leer m\u00e1s<\/a><\/p>\n","protected":false},"featured_media":78,"comment_status":"open","ping_status":"closed","template":"","meta":[],"product_brand":[24],"product_cat":[18,21],"product_tag":[],"class_list":{"0":"post-77","1":"product","2":"type-product","3":"status-publish","4":"has-post-thumbnail","6":"product_brand-genius","7":"product_cat-accesoriospcyportatil","8":"product_cat-teclados","9":"thunk-woo-product-list","10":"opn-qv-enable","11":"big-store-woo-hover-zoom","12":"open-single-product-tab-horizontal","13":"open-shadow-","14":"open-shadow-hover-","16":"first","17":"instock","18":"sale","19":"taxable","20":"shipping-taxable","21":"purchasable","22":"product-type-simple"},"_links":{"self":[{"href":"https:\/\/ctsaul.com\/tienda\/wp-json\/wp\/v2\/product\/77","targetHints":{"allow":["GET"]}}],"collection":[{"href":"https:\/\/ctsaul.com\/tienda\/wp-json\/wp\/v2\/product"}],"about":[{"href":"https:\/\/ctsaul.com\/tienda\/wp-json\/wp\/v2\/types\/product"}],"replies":[{"embeddable":true,"href":"https:\/\/ctsaul.com\/tienda\/wp-json\/wp\/v2\/comments?post=77"}],"wp:featuredmedia":[{"embeddable":true,"href":"https:\/\/ctsaul.com\/tienda\/wp-json\/wp\/v2\/media\/78"}],"wp:attachment":[{"href":"https:\/\/ctsaul.com\/tienda\/wp-json\/wp\/v2\/media?parent=77"}],"wp:term":[{"taxonomy":"product_brand","embeddable":true,"href":"https:\/\/ctsaul.com\/tienda\/wp-json\/wp\/v2\/product_brand?post=77"},{"taxonomy":"product_cat","embeddable":true,"href":"https:\/\/ctsaul.com\/tienda\/wp-json\/wp\/v2\/product_cat?post=77"},{"taxonomy":"product_tag","embeddable":true,"href":"https:\/\/ctsaul.com\/tienda\/wp-json\/wp\/v2\/product_tag?post=77"}],"curies":[{"name":"wp","href":"https:\/\/api.w.org\/{rel}","templated":true}]}}