{"id":75,"date":"2025-02-17T16:01:20","date_gmt":"2025-02-17T21:01:20","guid":{"rendered":"http:\/\/172.16.1.1\/tienda\/?post_type=product&#038;p=75"},"modified":"2025-03-28T11:15:15","modified_gmt":"2025-03-28T16:15:15","slug":"teclado-bluethooth-k380-logitech","status":"publish","type":"product","link":"https:\/\/ctsaul.com\/tienda\/producto\/teclado-bluethooth-k380-logitech\/","title":{"rendered":"TECLADO BLUETHOOTH K380 LOGITECH"},"content":{"rendered":"<p>Te presentamos el K380. Un teclado multidispositivo compacto y discreto, para computadoras, tablets y celulares, en casa o en otros sitios.<\/p>\n<div class=\"specs-block\">\n<div class=\"specs-description\"><strong>Tipo de conexi\u00f3n<\/strong>: Bluetooth Classic (3.0)<\/div>\n<\/div>\n<div class=\"specs-block\">\n<div class=\"specs-description\"><strong>Radio de acci\u00f3n inal\u00e1mbrico<\/strong>: 10 metros\u00a0<a class=\"note note-tooltip js-note-tooltip pangea-inited pangea-component-top-element\"><sup aria-label=\"footnote 1\">1<\/sup><span class=\"visually-hidden js-tooltip-descriptor\" aria-hidden=\"true\">El radio de acci\u00f3n inal\u00e1mbrico depende de las condiciones del entorno y de los dispositivos<\/span><\/a><\/div>\n<\/div>\n<div class=\"specs-block\">\n<div class=\"specs-description\"><strong>Aplicaci\u00f3n de personalizaci\u00f3n<\/strong>: Compatibilidad con Logi Options+ para Windows y macOS\u00a0<a class=\"note note-tooltip js-note-tooltip pangea-inited pangea-component-top-element\"><sup aria-label=\"footnote 2\">2<\/sup><span class=\"visually-hidden js-tooltip-descriptor\" aria-hidden=\"true\">Disponible para Windows y macOS en logitech.com\/optionsplus<\/span><\/a><\/div>\n<\/div>\n<div class=\"specs-block\">\n<div class=\"specs-description\"><strong>Bater\u00eda<\/strong>: 2 x AAA<\/div>\n<\/div>\n<div class=\"specs-block\">\n<div class=\"specs-description\"><strong>Bater\u00eda<\/strong>: 24\u00a0meses<\/div>\n<\/div>\n<div class=\"specs-block\">\n<div class=\"specs-description\"><strong>Indicadores luminosos (LED)<\/strong>: LED de bater\u00edas, 3 LED de canales Bluetooth<\/div>\n<\/div>\n<div class=\"specs-block\">\n<div class=\"specs-description\"><strong>Botones\/Teclas especiales<\/strong>: Acceso r\u00e1pido (Inicio, Atr\u00e1s, Cambio de aplicaciones, Men\u00fa contextual), Easy-Switch\u2122<\/div>\n<\/div>\n<div class=\"specs-block\">\n<div class=\"specs-description\"><strong>Conexi\u00f3n \/ Encendido<\/strong>: conmutador de encendido\/apagado<\/div>\n<\/div>\n","protected":false},"excerpt":{"rendered":"<p>Te presentamos el K380. Un teclado multidispositivo compacto y discreto, para computadoras, tablets y celulares, en casa o en otros sitios. Tipo de conexi\u00f3n: Bluetooth Classic (3.0) Radio de acci\u00f3n inal\u00e1mbrico: 10 metros\u00a01El radio de acci\u00f3n inal\u00e1mbrico depende de las condiciones del entorno y de los dispositivos Aplicaci\u00f3n de personalizaci\u00f3n: Compatibilidad con Logi Options+ para &hellip;<\/p>\n<p class=\"read-more\"> <a class=\" thunk-readmore button \" href=\"https:\/\/ctsaul.com\/tienda\/producto\/teclado-bluethooth-k380-logitech\/\"> <span class=\"screen-reader-text\">TECLADO BLUETHOOTH K380 LOGITECH<\/span>Leer m\u00e1s<\/a><\/p>\n","protected":false},"featured_media":76,"comment_status":"open","ping_status":"closed","template":"","meta":[],"product_brand":[23],"product_cat":[18,21],"product_tag":[],"class_list":{"0":"post-75","1":"product","2":"type-product","3":"status-publish","4":"has-post-thumbnail","6":"product_brand-logitech","7":"product_cat-accesoriospcyportatil","8":"product_cat-teclados","9":"thunk-woo-product-list","10":"opn-qv-enable","11":"big-store-woo-hover-zoom","12":"open-single-product-tab-horizontal","13":"open-shadow-","14":"open-shadow-hover-","16":"first","17":"instock","18":"sale","19":"taxable","20":"shipping-taxable","21":"purchasable","22":"product-type-simple"},"_links":{"self":[{"href":"https:\/\/ctsaul.com\/tienda\/wp-json\/wp\/v2\/product\/75","targetHints":{"allow":["GET"]}}],"collection":[{"href":"https:\/\/ctsaul.com\/tienda\/wp-json\/wp\/v2\/product"}],"about":[{"href":"https:\/\/ctsaul.com\/tienda\/wp-json\/wp\/v2\/types\/product"}],"replies":[{"embeddable":true,"href":"https:\/\/ctsaul.com\/tienda\/wp-json\/wp\/v2\/comments?post=75"}],"wp:featuredmedia":[{"embeddable":true,"href":"https:\/\/ctsaul.com\/tienda\/wp-json\/wp\/v2\/media\/76"}],"wp:attachment":[{"href":"https:\/\/ctsaul.com\/tienda\/wp-json\/wp\/v2\/media?parent=75"}],"wp:term":[{"taxonomy":"product_brand","embeddable":true,"href":"https:\/\/ctsaul.com\/tienda\/wp-json\/wp\/v2\/product_brand?post=75"},{"taxonomy":"product_cat","embeddable":true,"href":"https:\/\/ctsaul.com\/tienda\/wp-json\/wp\/v2\/product_cat?post=75"},{"taxonomy":"product_tag","embeddable":true,"href":"https:\/\/ctsaul.com\/tienda\/wp-json\/wp\/v2\/product_tag?post=75"}],"curies":[{"name":"wp","href":"https:\/\/api.w.org\/{rel}","templated":true}]}}