{"id":66,"date":"2025-02-17T15:08:01","date_gmt":"2025-02-17T20:08:01","guid":{"rendered":"http:\/\/172.16.1.1\/tienda\/?post_type=product&#038;p=66"},"modified":"2025-03-28T11:15:42","modified_gmt":"2025-03-28T16:15:42","slug":"teclado-slimstar-126-alambrico-genius","status":"publish","type":"product","link":"https:\/\/ctsaul.com\/tienda\/producto\/teclado-slimstar-126-alambrico-genius\/","title":{"rendered":"TECLADO SLIMSTAR 126 ALAMBRICO GENIUS"},"content":{"rendered":"<h6>Interfaz<\/h6>\n<ul>\n<li>USB<\/li>\n<\/ul>\n<h6>Requisitos del sistema<\/h6>\n<ul>\n<li>Windows 7, 8, 8.1, 10 \/ Mac OS X 10.8 or later<\/li>\n<\/ul>\n<h6>Colores<\/h6>\n<ul>\n<li>Negro \/ Blanco<\/li>\n<\/ul>\n<p>*Las im\u00e1genes y colores de productos que se muestran en el paquete son \u00daNICAMENTE para referencia. Vea los art\u00edculos incluidos para determinar sus caracter\u00edsticas reales<\/p>\n<h6>Contenido de la caja<\/h6>\n<ul>\n<li>SlimStar 126<\/li>\n<\/ul>\n","protected":false},"excerpt":{"rendered":"<p>Interfaz USB Requisitos del sistema Windows 7, 8, 8.1, 10 \/ Mac OS X 10.8 or later Colores Negro \/ Blanco *Las im\u00e1genes y colores de productos que se muestran en el paquete son \u00daNICAMENTE para referencia. Vea los art\u00edculos incluidos para determinar sus caracter\u00edsticas reales Contenido de la caja SlimStar 126<\/p>\n","protected":false},"featured_media":67,"comment_status":"open","ping_status":"closed","template":"","meta":[],"product_brand":[24],"product_cat":[18,21],"product_tag":[],"class_list":{"0":"post-66","1":"product","2":"type-product","3":"status-publish","4":"has-post-thumbnail","6":"product_brand-genius","7":"product_cat-accesoriospcyportatil","8":"product_cat-teclados","9":"thunk-woo-product-list","10":"opn-qv-enable","11":"big-store-woo-hover-zoom","12":"open-single-product-tab-horizontal","13":"open-shadow-","14":"open-shadow-hover-","16":"first","17":"instock","18":"sale","19":"taxable","20":"shipping-taxable","21":"purchasable","22":"product-type-simple"},"_links":{"self":[{"href":"https:\/\/ctsaul.com\/tienda\/wp-json\/wp\/v2\/product\/66","targetHints":{"allow":["GET"]}}],"collection":[{"href":"https:\/\/ctsaul.com\/tienda\/wp-json\/wp\/v2\/product"}],"about":[{"href":"https:\/\/ctsaul.com\/tienda\/wp-json\/wp\/v2\/types\/product"}],"replies":[{"embeddable":true,"href":"https:\/\/ctsaul.com\/tienda\/wp-json\/wp\/v2\/comments?post=66"}],"wp:featuredmedia":[{"embeddable":true,"href":"https:\/\/ctsaul.com\/tienda\/wp-json\/wp\/v2\/media\/67"}],"wp:attachment":[{"href":"https:\/\/ctsaul.com\/tienda\/wp-json\/wp\/v2\/media?parent=66"}],"wp:term":[{"taxonomy":"product_brand","embeddable":true,"href":"https:\/\/ctsaul.com\/tienda\/wp-json\/wp\/v2\/product_brand?post=66"},{"taxonomy":"product_cat","embeddable":true,"href":"https:\/\/ctsaul.com\/tienda\/wp-json\/wp\/v2\/product_cat?post=66"},{"taxonomy":"product_tag","embeddable":true,"href":"https:\/\/ctsaul.com\/tienda\/wp-json\/wp\/v2\/product_tag?post=66"}],"curies":[{"name":"wp","href":"https:\/\/api.w.org\/{rel}","templated":true}]}}