{"id":64,"date":"2025-02-17T14:38:23","date_gmt":"2025-02-17T19:38:23","guid":{"rendered":"http:\/\/172.16.1.1\/tienda\/?post_type=product&#038;p=64"},"modified":"2025-03-28T11:15:52","modified_gmt":"2025-03-28T16:15:52","slug":"teclado-alambrico-kb05-jaltech","status":"publish","type":"product","link":"https:\/\/ctsaul.com\/tienda\/producto\/teclado-alambrico-kb05-jaltech\/","title":{"rendered":"TECLADO AL\u00c1MBRICO KB05 JALTECH"},"content":{"rendered":"<p>Teclado USB forza marca JALTECH, con excelente presentaci\u00f3n, este producto cuenta con las siguientes caracter\u00edsticas:<\/p>\n<p>-Empaque premium.<br \/>\n-Dise\u00f1o ergon\u00f3mico.<br \/>\n-Teclado en espa\u00f1ol, incluye la letra \u00d1.<br \/>\n-Conector USB.<br \/>\n-Teclado num\u00e9rico.<\/p>\n","protected":false},"excerpt":{"rendered":"<p>Teclado USB forza marca JALTECH, con excelente presentaci\u00f3n, este producto cuenta con las siguientes caracter\u00edsticas: -Empaque premium. -Dise\u00f1o ergon\u00f3mico. -Teclado en espa\u00f1ol, incluye la letra \u00d1. -Conector USB. -Teclado num\u00e9rico.<\/p>\n","protected":false},"featured_media":65,"comment_status":"open","ping_status":"closed","template":"","meta":[],"product_brand":[22],"product_cat":[18,21],"product_tag":[],"class_list":{"0":"post-64","1":"product","2":"type-product","3":"status-publish","4":"has-post-thumbnail","6":"product_brand-jaltech","7":"product_cat-accesoriospcyportatil","8":"product_cat-teclados","9":"thunk-woo-product-list","10":"opn-qv-enable","11":"big-store-woo-hover-zoom","12":"open-single-product-tab-horizontal","13":"open-shadow-","14":"open-shadow-hover-","16":"first","17":"instock","18":"sale","19":"taxable","20":"shipping-taxable","21":"purchasable","22":"product-type-simple"},"_links":{"self":[{"href":"https:\/\/ctsaul.com\/tienda\/wp-json\/wp\/v2\/product\/64","targetHints":{"allow":["GET"]}}],"collection":[{"href":"https:\/\/ctsaul.com\/tienda\/wp-json\/wp\/v2\/product"}],"about":[{"href":"https:\/\/ctsaul.com\/tienda\/wp-json\/wp\/v2\/types\/product"}],"replies":[{"embeddable":true,"href":"https:\/\/ctsaul.com\/tienda\/wp-json\/wp\/v2\/comments?post=64"}],"wp:featuredmedia":[{"embeddable":true,"href":"https:\/\/ctsaul.com\/tienda\/wp-json\/wp\/v2\/media\/65"}],"wp:attachment":[{"href":"https:\/\/ctsaul.com\/tienda\/wp-json\/wp\/v2\/media?parent=64"}],"wp:term":[{"taxonomy":"product_brand","embeddable":true,"href":"https:\/\/ctsaul.com\/tienda\/wp-json\/wp\/v2\/product_brand?post=64"},{"taxonomy":"product_cat","embeddable":true,"href":"https:\/\/ctsaul.com\/tienda\/wp-json\/wp\/v2\/product_cat?post=64"},{"taxonomy":"product_tag","embeddable":true,"href":"https:\/\/ctsaul.com\/tienda\/wp-json\/wp\/v2\/product_tag?post=64"}],"curies":[{"name":"wp","href":"https:\/\/api.w.org\/{rel}","templated":true}]}}