{"id":62,"date":"2025-02-17T14:30:51","date_gmt":"2025-02-17T19:30:51","guid":{"rendered":"http:\/\/172.16.1.1\/tienda\/?post_type=product&#038;p=62"},"modified":"2025-03-28T11:16:58","modified_gmt":"2025-03-28T16:16:58","slug":"teclado-basico-tc501","status":"publish","type":"product","link":"https:\/\/ctsaul.com\/tienda\/producto\/teclado-basico-tc501\/","title":{"rendered":"TECLADO  AL\u00c1MBRICO BASICO TC501"},"content":{"rendered":"<p>El Teclado B\u00e1sico es ideal para brindar alta calidad, practicidad y sencillez a tu d\u00eda a d\u00eda gracias a sus teclas slim, suaves y silenciosas. Adem\u00e1s, incluye teclas impresas a laser (no se borran), dando m\u00e1s durabilidad. De f\u00e1cil uso, incluye conexi\u00f3n USB.<\/p>\n<ul>\n<li>Modelo TC501<\/li>\n<li>longitud de cable 2 m<\/li>\n<li>Dimensiones 4 cm x 50cm x 25 cm<\/li>\n<li>Conexi\u00f3n USB<\/li>\n<\/ul>\n","protected":false},"excerpt":{"rendered":"<p>El Teclado B\u00e1sico es ideal para brindar alta calidad, practicidad y sencillez a tu d\u00eda a d\u00eda gracias a sus teclas slim, suaves y silenciosas. Adem\u00e1s, incluye teclas impresas a laser (no se borran), dando m\u00e1s durabilidad. De f\u00e1cil uso, incluye conexi\u00f3n USB. Modelo TC501 longitud de cable 2 m Dimensiones 4 cm x 50cm &hellip;<\/p>\n<p class=\"read-more\"> <a class=\" thunk-readmore button \" href=\"https:\/\/ctsaul.com\/tienda\/producto\/teclado-basico-tc501\/\"> <span class=\"screen-reader-text\">TECLADO  AL\u00c1MBRICO BASICO TC501<\/span>Leer m\u00e1s<\/a><\/p>\n","protected":false},"featured_media":63,"comment_status":"open","ping_status":"closed","template":"","meta":[],"product_brand":[],"product_cat":[18,21],"product_tag":[],"class_list":{"0":"post-62","1":"product","2":"type-product","3":"status-publish","4":"has-post-thumbnail","6":"product_cat-accesoriospcyportatil","7":"product_cat-teclados","8":"thunk-woo-product-list","9":"opn-qv-enable","10":"big-store-woo-hover-zoom","11":"open-single-product-tab-horizontal","12":"open-shadow-","13":"open-shadow-hover-","15":"first","16":"instock","17":"sale","18":"taxable","19":"shipping-taxable","20":"purchasable","21":"product-type-simple"},"_links":{"self":[{"href":"https:\/\/ctsaul.com\/tienda\/wp-json\/wp\/v2\/product\/62","targetHints":{"allow":["GET"]}}],"collection":[{"href":"https:\/\/ctsaul.com\/tienda\/wp-json\/wp\/v2\/product"}],"about":[{"href":"https:\/\/ctsaul.com\/tienda\/wp-json\/wp\/v2\/types\/product"}],"replies":[{"embeddable":true,"href":"https:\/\/ctsaul.com\/tienda\/wp-json\/wp\/v2\/comments?post=62"}],"wp:featuredmedia":[{"embeddable":true,"href":"https:\/\/ctsaul.com\/tienda\/wp-json\/wp\/v2\/media\/63"}],"wp:attachment":[{"href":"https:\/\/ctsaul.com\/tienda\/wp-json\/wp\/v2\/media?parent=62"}],"wp:term":[{"taxonomy":"product_brand","embeddable":true,"href":"https:\/\/ctsaul.com\/tienda\/wp-json\/wp\/v2\/product_brand?post=62"},{"taxonomy":"product_cat","embeddable":true,"href":"https:\/\/ctsaul.com\/tienda\/wp-json\/wp\/v2\/product_cat?post=62"},{"taxonomy":"product_tag","embeddable":true,"href":"https:\/\/ctsaul.com\/tienda\/wp-json\/wp\/v2\/product_tag?post=62"}],"curies":[{"name":"wp","href":"https:\/\/api.w.org\/{rel}","templated":true}]}}