{"id":59,"date":"2025-02-17T14:20:57","date_gmt":"2025-02-17T19:20:57","guid":{"rendered":"http:\/\/172.16.1.1\/tienda\/?post_type=product&#038;p=59"},"modified":"2025-02-17T14:39:37","modified_gmt":"2025-02-17T19:39:37","slug":"mini-mouse-alambrico-eco","status":"publish","type":"product","link":"https:\/\/ctsaul.com\/tienda\/producto\/mini-mouse-alambrico-eco\/","title":{"rendered":"MINI MOUSE ALAMBRICO JALTECH"},"content":{"rendered":"<p>Mini mouse USB LED, con excelente dise\u00f1o, este producto cuenta con las siguientes caracter\u00edsticas:<\/p>\n<p>-Cable.<br \/>\n-Conexi\u00f3n USB.<br \/>\n-Luz LED.<br \/>\n-Scroll.<\/p>\n","protected":false},"excerpt":{"rendered":"<p>Mini mouse USB LED, con excelente dise\u00f1o, este producto cuenta con las siguientes caracter\u00edsticas: -Cable. -Conexi\u00f3n USB. -Luz LED. -Scroll.<\/p>\n","protected":false},"featured_media":61,"comment_status":"open","ping_status":"closed","template":"","meta":[],"product_brand":[22],"product_cat":[18,19],"product_tag":[],"class_list":{"0":"post-59","1":"product","2":"type-product","3":"status-publish","4":"has-post-thumbnail","6":"product_brand-jaltech","7":"product_cat-accesoriospcyportatil","8":"product_cat-mouse","9":"thunk-woo-product-list","10":"opn-qv-enable","11":"big-store-woo-hover-zoom","12":"open-single-product-tab-horizontal","13":"open-shadow-","14":"open-shadow-hover-","16":"first","17":"instock","18":"sale","19":"taxable","20":"shipping-taxable","21":"purchasable","22":"product-type-simple"},"_links":{"self":[{"href":"https:\/\/ctsaul.com\/tienda\/wp-json\/wp\/v2\/product\/59","targetHints":{"allow":["GET"]}}],"collection":[{"href":"https:\/\/ctsaul.com\/tienda\/wp-json\/wp\/v2\/product"}],"about":[{"href":"https:\/\/ctsaul.com\/tienda\/wp-json\/wp\/v2\/types\/product"}],"replies":[{"embeddable":true,"href":"https:\/\/ctsaul.com\/tienda\/wp-json\/wp\/v2\/comments?post=59"}],"wp:featuredmedia":[{"embeddable":true,"href":"https:\/\/ctsaul.com\/tienda\/wp-json\/wp\/v2\/media\/61"}],"wp:attachment":[{"href":"https:\/\/ctsaul.com\/tienda\/wp-json\/wp\/v2\/media?parent=59"}],"wp:term":[{"taxonomy":"product_brand","embeddable":true,"href":"https:\/\/ctsaul.com\/tienda\/wp-json\/wp\/v2\/product_brand?post=59"},{"taxonomy":"product_cat","embeddable":true,"href":"https:\/\/ctsaul.com\/tienda\/wp-json\/wp\/v2\/product_cat?post=59"},{"taxonomy":"product_tag","embeddable":true,"href":"https:\/\/ctsaul.com\/tienda\/wp-json\/wp\/v2\/product_tag?post=59"}],"curies":[{"name":"wp","href":"https:\/\/api.w.org\/{rel}","templated":true}]}}