{"id":523,"date":"2025-02-21T16:25:10","date_gmt":"2025-02-21T21:25:10","guid":{"rendered":"http:\/\/172.16.1.1\/tienda\/?post_type=product&#038;p=523"},"modified":"2026-04-23T09:13:21","modified_gmt":"2026-04-23T14:13:21","slug":"memoria-ram-ddr4-16gb-pc-3200mhz-adata","status":"publish","type":"product","link":"https:\/\/ctsaul.com\/tienda\/producto\/memoria-ram-ddr4-16gb-pc-3200mhz-adata\/","title":{"rendered":"MEMORIA RAM DDR4 16GB PC 3200MHZ ADATA"},"content":{"rendered":"<p>Tipo de m\u00f3dulo :SO-DIMM<br \/>\nFactor de forma : Altura est\u00e1ndar de 1,18 &#8221;<br \/>\nTipo de memoria : DDR4<br \/>\nEst\u00e1ndar : JEDEC<br \/>\nN\u00famero de pines : 260 clavijas<br \/>\nDensidad : 16 GB<br \/>\nVelocidad : 3200 MHz<br \/>\nEspecificaciones de DRAM \/ VCC : DDR4 STD 1,2 V<br \/>\nTemperatura de funcionamiento : 0 \u00b0 C hasta 85 \u00b0 C<\/p>\n","protected":false},"excerpt":{"rendered":"<p>Tipo de m\u00f3dulo :SO-DIMM Factor de forma : Altura est\u00e1ndar de 1,18 &#8221; Tipo de memoria : DDR4 Est\u00e1ndar : JEDEC N\u00famero de pines : 260 clavijas Densidad : 16 GB Velocidad : 3200 MHz Especificaciones de DRAM \/ VCC : DDR4 STD 1,2 V Temperatura de funcionamiento : 0 \u00b0 C hasta 85 \u00b0 &hellip;<\/p>\n<p class=\"read-more\"> <a class=\" thunk-readmore button \" href=\"https:\/\/ctsaul.com\/tienda\/producto\/memoria-ram-ddr4-16gb-pc-3200mhz-adata\/\"> <span class=\"screen-reader-text\">MEMORIA RAM DDR4 16GB PC 3200MHZ ADATA<\/span>Leer m\u00e1s<\/a><\/p>\n","protected":false},"featured_media":524,"comment_status":"open","ping_status":"closed","template":"","meta":[],"product_brand":[40],"product_cat":[27,38],"product_tag":[],"class_list":{"0":"post-523","1":"product","2":"type-product","3":"status-publish","4":"has-post-thumbnail","6":"product_brand-adata","7":"product_cat-memorias-de-almacenamiento","8":"product_cat-memorias-de-almacenamiento-memorias-de-almacenamiento-8","9":"thunk-woo-product-list","10":"opn-qv-enable","11":"big-store-woo-hover-zoom","12":"open-single-product-tab-horizontal","13":"open-shadow-","14":"open-shadow-hover-","16":"first","17":"instock","18":"sale","19":"taxable","20":"shipping-taxable","21":"purchasable","22":"product-type-simple"},"_links":{"self":[{"href":"https:\/\/ctsaul.com\/tienda\/wp-json\/wp\/v2\/product\/523","targetHints":{"allow":["GET"]}}],"collection":[{"href":"https:\/\/ctsaul.com\/tienda\/wp-json\/wp\/v2\/product"}],"about":[{"href":"https:\/\/ctsaul.com\/tienda\/wp-json\/wp\/v2\/types\/product"}],"replies":[{"embeddable":true,"href":"https:\/\/ctsaul.com\/tienda\/wp-json\/wp\/v2\/comments?post=523"}],"wp:featuredmedia":[{"embeddable":true,"href":"https:\/\/ctsaul.com\/tienda\/wp-json\/wp\/v2\/media\/524"}],"wp:attachment":[{"href":"https:\/\/ctsaul.com\/tienda\/wp-json\/wp\/v2\/media?parent=523"}],"wp:term":[{"taxonomy":"product_brand","embeddable":true,"href":"https:\/\/ctsaul.com\/tienda\/wp-json\/wp\/v2\/product_brand?post=523"},{"taxonomy":"product_cat","embeddable":true,"href":"https:\/\/ctsaul.com\/tienda\/wp-json\/wp\/v2\/product_cat?post=523"},{"taxonomy":"product_tag","embeddable":true,"href":"https:\/\/ctsaul.com\/tienda\/wp-json\/wp\/v2\/product_tag?post=523"}],"curies":[{"name":"wp","href":"https:\/\/api.w.org\/{rel}","templated":true}]}}