{"id":47,"date":"2025-02-15T15:17:53","date_gmt":"2025-02-15T20:17:53","guid":{"rendered":"http:\/\/172.16.1.1\/tienda\/?post_type=product&#038;p=47"},"modified":"2025-02-15T15:17:53","modified_gmt":"2025-02-15T20:17:53","slug":"mouse-vertical-inalambrico-jaltech","status":"publish","type":"product","link":"https:\/\/ctsaul.com\/tienda\/producto\/mouse-vertical-inalambrico-jaltech\/","title":{"rendered":"MOUSE VERTICAL INAL\u00c1MBRICO JALTECH"},"content":{"rendered":"<p>Mouse vertical inal\u00e1mbrico, este producto cuenta con las siguientes caracter\u00edsticas:<\/p>\n<p>-Scroll.<br \/>\n-2.4GHZ.<br \/>\n-Conexi\u00f3n USB.<br \/>\n-Velocidad ajustable.<br \/>\n-Bater\u00eda recargable.<br \/>\n-1.600 Dpi.<\/p>\n","protected":false},"excerpt":{"rendered":"<p>Mouse vertical inal\u00e1mbrico, este producto cuenta con las siguientes caracter\u00edsticas: -Scroll. -2.4GHZ. -Conexi\u00f3n USB. -Velocidad ajustable. -Bater\u00eda recargable. -1.600 Dpi.<\/p>\n","protected":false},"featured_media":48,"comment_status":"open","ping_status":"closed","template":"","meta":[],"product_brand":[],"product_cat":[18,19],"product_tag":[],"class_list":{"0":"post-47","1":"product","2":"type-product","3":"status-publish","4":"has-post-thumbnail","6":"product_cat-accesoriospcyportatil","7":"product_cat-mouse","8":"thunk-woo-product-list","9":"opn-qv-enable","10":"big-store-woo-hover-zoom","11":"open-single-product-tab-horizontal","12":"open-shadow-","13":"open-shadow-hover-","15":"first","16":"instock","17":"sale","18":"taxable","19":"shipping-taxable","20":"purchasable","21":"product-type-simple"},"_links":{"self":[{"href":"https:\/\/ctsaul.com\/tienda\/wp-json\/wp\/v2\/product\/47","targetHints":{"allow":["GET"]}}],"collection":[{"href":"https:\/\/ctsaul.com\/tienda\/wp-json\/wp\/v2\/product"}],"about":[{"href":"https:\/\/ctsaul.com\/tienda\/wp-json\/wp\/v2\/types\/product"}],"replies":[{"embeddable":true,"href":"https:\/\/ctsaul.com\/tienda\/wp-json\/wp\/v2\/comments?post=47"}],"wp:featuredmedia":[{"embeddable":true,"href":"https:\/\/ctsaul.com\/tienda\/wp-json\/wp\/v2\/media\/48"}],"wp:attachment":[{"href":"https:\/\/ctsaul.com\/tienda\/wp-json\/wp\/v2\/media?parent=47"}],"wp:term":[{"taxonomy":"product_brand","embeddable":true,"href":"https:\/\/ctsaul.com\/tienda\/wp-json\/wp\/v2\/product_brand?post=47"},{"taxonomy":"product_cat","embeddable":true,"href":"https:\/\/ctsaul.com\/tienda\/wp-json\/wp\/v2\/product_cat?post=47"},{"taxonomy":"product_tag","embeddable":true,"href":"https:\/\/ctsaul.com\/tienda\/wp-json\/wp\/v2\/product_tag?post=47"}],"curies":[{"name":"wp","href":"https:\/\/api.w.org\/{rel}","templated":true}]}}