{"id":41,"date":"2025-02-15T15:02:37","date_gmt":"2025-02-15T20:02:37","guid":{"rendered":"http:\/\/172.16.1.1\/tienda\/?post_type=product&#038;p=41"},"modified":"2025-02-15T15:11:46","modified_gmt":"2025-02-15T20:11:46","slug":"mouse-con-cable-m110-silent","status":"publish","type":"product","link":"https:\/\/ctsaul.com\/tienda\/producto\/mouse-con-cable-m110-silent\/","title":{"rendered":"MOUSE AL\u00c1MBRICO LOGITECH M110 SILENT"},"content":{"rendered":"<h4 class=\"specs-heading\">Especificaciones t\u00e9cnicas<\/h4>\n<div class=\"specs-column\">\n<div class=\"specs-group\">\n<div class=\"specs-block\">\n<h5 class=\"specs-title\">Tecnolog\u00eda de sensor<\/h5>\n<ul class=\"specs-description-list\">\n<li>Seguimiento \u00f3ptico<\/li>\n<li><strong>DPI (m\u00edn.\/m\u00e1x.)<\/strong>: 1000\u00b1<\/li>\n<\/ul>\n<\/div>\n<div class=\"specs-block\">\n<h5 class=\"specs-title\">Botones<\/h5>\n<ul class=\"specs-description-list\">\n<li><strong>N\u00famero de botones<\/strong>: 3 (click izquierdo\/derecho, click de bot\u00f3n central)<\/li>\n<\/ul>\n<\/div>\n<div class=\"specs-block\">\n<h5 class=\"specs-title\">Desplazamiento<\/h5>\n<ul class=\"specs-description-list\">\n<li>Desplazamiento l\u00ednea a l\u00ednea<\/li>\n<li><strong>Rueda de desplazamiento<\/strong>: S\u00ed, \u00f3ptico<\/li>\n<\/ul>\n<\/div>\n<\/div>\n<\/div>\n","protected":false},"excerpt":{"rendered":"<p>Especificaciones t\u00e9cnicas Tecnolog\u00eda de sensor Seguimiento \u00f3ptico DPI (m\u00edn.\/m\u00e1x.): 1000\u00b1 Botones N\u00famero de botones: 3 (click izquierdo\/derecho, click de bot\u00f3n central) Desplazamiento Desplazamiento l\u00ednea a l\u00ednea Rueda de desplazamiento: S\u00ed, \u00f3ptico<\/p>\n","protected":false},"featured_media":43,"comment_status":"open","ping_status":"closed","template":"","meta":[],"product_brand":[],"product_cat":[18,19],"product_tag":[],"class_list":{"0":"post-41","1":"product","2":"type-product","3":"status-publish","4":"has-post-thumbnail","6":"product_cat-accesoriospcyportatil","7":"product_cat-mouse","8":"thunk-woo-product-list","9":"opn-qv-enable","10":"big-store-woo-hover-zoom","11":"open-single-product-tab-horizontal","12":"open-shadow-","13":"open-shadow-hover-","15":"first","16":"instock","17":"sale","18":"taxable","19":"shipping-taxable","20":"purchasable","21":"product-type-simple"},"_links":{"self":[{"href":"https:\/\/ctsaul.com\/tienda\/wp-json\/wp\/v2\/product\/41","targetHints":{"allow":["GET"]}}],"collection":[{"href":"https:\/\/ctsaul.com\/tienda\/wp-json\/wp\/v2\/product"}],"about":[{"href":"https:\/\/ctsaul.com\/tienda\/wp-json\/wp\/v2\/types\/product"}],"replies":[{"embeddable":true,"href":"https:\/\/ctsaul.com\/tienda\/wp-json\/wp\/v2\/comments?post=41"}],"wp:featuredmedia":[{"embeddable":true,"href":"https:\/\/ctsaul.com\/tienda\/wp-json\/wp\/v2\/media\/43"}],"wp:attachment":[{"href":"https:\/\/ctsaul.com\/tienda\/wp-json\/wp\/v2\/media?parent=41"}],"wp:term":[{"taxonomy":"product_brand","embeddable":true,"href":"https:\/\/ctsaul.com\/tienda\/wp-json\/wp\/v2\/product_brand?post=41"},{"taxonomy":"product_cat","embeddable":true,"href":"https:\/\/ctsaul.com\/tienda\/wp-json\/wp\/v2\/product_cat?post=41"},{"taxonomy":"product_tag","embeddable":true,"href":"https:\/\/ctsaul.com\/tienda\/wp-json\/wp\/v2\/product_tag?post=41"}],"curies":[{"name":"wp","href":"https:\/\/api.w.org\/{rel}","templated":true}]}}