{"id":2582,"date":"2026-05-14T14:55:45","date_gmt":"2026-05-14T19:55:45","guid":{"rendered":"https:\/\/ctsaul.com\/tienda\/?post_type=product&#038;p=2582"},"modified":"2026-05-14T16:30:12","modified_gmt":"2026-05-14T21:30:12","slug":"parlante-gamer-j5249-jrpt00170-jr","status":"publish","type":"product","link":"https:\/\/ctsaul.com\/tienda\/producto\/parlante-gamer-j5249-jrpt00170-jr\/","title":{"rendered":"Parlante Gamer J5249 JRPT00170 \u2013 J&#038;R"},"content":{"rendered":"<p data-start=\"98\" data-end=\"491\">El Parlante Gamer J5249 JRPT00170 de <span class=\"hover:entity-accent entity-underline inline cursor-pointer align-baseline\"><span class=\"whitespace-normal\">J&amp;R Technology<\/span><\/span> es un sistema de parlantes multimedia 2.0 dise\u00f1ado para ofrecer sonido claro y una experiencia visual atractiva gracias a su iluminaci\u00f3n RGB. Ideal para computadores, laptops y dispositivos con salida de audio 3.5 mm, brinda un sonido potente y equilibrado para m\u00fasica, juegos y contenido multimedia.<\/p>\n<p data-start=\"493\" data-end=\"757\">Cuenta con alimentaci\u00f3n USB, instalaci\u00f3n plug and play y dise\u00f1o compacto tipo gamer que complementa cualquier setup de escritorio. Su potencia RMS de 3W x2 y efectos de iluminaci\u00f3n LED RGB aportan un estilo moderno y din\u00e1mico.<\/p>\n","protected":false},"excerpt":{"rendered":"<div class=\"qMYqUG_convSearchResultHighlightRoot\">\n<div class=\"\" data-turn-id-container=\"request-69fde804-3a44-83e9-8ee0-7f1c78f5c8a1-1\" data-is-intersecting=\"true\">\n<div class=\"relative w-full overflow-visible\">\n<section class=\"text-token-text-primary w-full focus:outline-none has-data-writing-block:pointer-events-none [&amp;:has([data-writing-block])&gt;*]:pointer-events-auto R6Vx5W_threadScrollVars scroll-mb-[calc(var(--scroll-root-safe-area-inset-bottom,0px)+var(--thread-response-height))] scroll-mt-[calc(var(--header-height)+min(200px,max(70px,20svh)))]\" dir=\"auto\" data-turn-id=\"request-69fde804-3a44-83e9-8ee0-7f1c78f5c8a1-1\" data-turn-id-container=\"request-69fde804-3a44-83e9-8ee0-7f1c78f5c8a1-1\" data-testid=\"conversation-turn-94\" data-scroll-anchor=\"false\" data-turn=\"assistant\">\n<div class=\"text-base my-auto mx-auto pb-10 [--thread-content-margin:var(--thread-content-margin-xs,calc(var(--spacing)*4))] @w-sm\/main:[--thread-content-margin:var(--thread-content-margin-sm,calc(var(--spacing)*6))] @w-lg\/main:[--thread-content-margin:var(--thread-content-margin-lg,calc(var(--spacing)*16))] px-(--thread-content-margin)\">\n<div class=\"[--thread-content-max-width:40rem] @w-lg\/main:[--thread-content-max-width:48rem] mx-auto max-w-(--thread-content-max-width) flex-1 group\/turn-messages focus-visible:outline-hidden relative flex w-full min-w-0 flex-col agent-turn\">\n<div class=\"flex max-w-full flex-col gap-4 grow\">\n<div class=\"min-h-8 text-message relative flex w-full flex-col items-end gap-2 text-start break-words whitespace-normal outline-none keyboard-focused:focus-ring [.text-message+&amp;]:mt-1\" dir=\"auto\" tabindex=\"0\" data-message-author-role=\"assistant\" data-message-id=\"4d017ee6-f1be-4bf1-848d-8c8509238ebe\" data-turn-start-message=\"true\" data-message-model-slug=\"gpt-5-5\">\n<div class=\"flex w-full flex-col gap-1 empty:hidden\">\n<div class=\"markdown prose dark:prose-invert wrap-break-word w-full light markdown-new-styling\">\n<p data-start=\"759\" data-end=\"942\">Parlante Gamer J5249 JRPT00170 de <span class=\"hover:entity-accent entity-underline inline cursor-pointer align-baseline\"><span class=\"whitespace-normal\">J&amp;R Technology<\/span><\/span>. Sonido est\u00e9reo 2.0 con iluminaci\u00f3n RGB y conexi\u00f3n USB ideal para PC y entretenimiento.<\/p>\n<\/div>\n<\/div>\n<\/div>\n<\/div>\n<div class=\"z-0 flex min-h-[46px] justify-start\"><\/div>\n<div class=\"mt-3 w-full empty:hidden\">\n<div class=\"text-center\"><\/div>\n<\/div>\n<\/div>\n<\/div>\n<\/section>\n<div class=\"contents\"><\/div>\n<\/div>\n<\/div>\n<\/div>\n<div class=\"pointer-events-none -mt-px h-px translate-y-[calc(var(--scroll-root-safe-area-inset-bottom)-14*var(--spacing))]\" aria-hidden=\"true\"><\/div>\n","protected":false},"featured_media":2583,"comment_status":"open","ping_status":"closed","template":"","meta":[],"product_brand":[229],"product_cat":[135],"product_tag":[],"class_list":{"0":"post-2582","1":"product","2":"type-product","3":"status-publish","4":"has-post-thumbnail","6":"product_brand-jr","7":"product_cat-parlantes","8":"thunk-woo-product-list","9":"opn-qv-enable","10":"big-store-woo-hover-zoom","11":"open-single-product-tab-horizontal","12":"open-shadow-","13":"open-shadow-hover-","15":"first","16":"instock","17":"sale","18":"taxable","19":"shipping-taxable","20":"purchasable","21":"product-type-simple"},"_links":{"self":[{"href":"https:\/\/ctsaul.com\/tienda\/wp-json\/wp\/v2\/product\/2582","targetHints":{"allow":["GET"]}}],"collection":[{"href":"https:\/\/ctsaul.com\/tienda\/wp-json\/wp\/v2\/product"}],"about":[{"href":"https:\/\/ctsaul.com\/tienda\/wp-json\/wp\/v2\/types\/product"}],"replies":[{"embeddable":true,"href":"https:\/\/ctsaul.com\/tienda\/wp-json\/wp\/v2\/comments?post=2582"}],"wp:featuredmedia":[{"embeddable":true,"href":"https:\/\/ctsaul.com\/tienda\/wp-json\/wp\/v2\/media\/2583"}],"wp:attachment":[{"href":"https:\/\/ctsaul.com\/tienda\/wp-json\/wp\/v2\/media?parent=2582"}],"wp:term":[{"taxonomy":"product_brand","embeddable":true,"href":"https:\/\/ctsaul.com\/tienda\/wp-json\/wp\/v2\/product_brand?post=2582"},{"taxonomy":"product_cat","embeddable":true,"href":"https:\/\/ctsaul.com\/tienda\/wp-json\/wp\/v2\/product_cat?post=2582"},{"taxonomy":"product_tag","embeddable":true,"href":"https:\/\/ctsaul.com\/tienda\/wp-json\/wp\/v2\/product_tag?post=2582"}],"curies":[{"name":"wp","href":"https:\/\/api.w.org\/{rel}","templated":true}]}}