{"id":2563,"date":"2026-05-12T11:00:16","date_gmt":"2026-05-12T16:00:16","guid":{"rendered":"https:\/\/ctsaul.com\/tienda\/?post_type=product&#038;p=2563"},"modified":"2026-05-12T11:00:17","modified_gmt":"2026-05-12T16:00:17","slug":"audifono-gamer-x22-11497-jaltech","status":"publish","type":"product","link":"https:\/\/ctsaul.com\/tienda\/producto\/audifono-gamer-x22-11497-jaltech\/","title":{"rendered":"Aud\u00edfono Gamer X22 11497 \u2013 JALTECH"},"content":{"rendered":"<p data-start=\"86\" data-end=\"365\">El Aud\u00edfono Gamer X22 11497 de JALTECH es una diadema gamer dise\u00f1ada para ofrecer una experiencia de sonido envolvente en videojuegos, m\u00fasica y contenido multimedia. Cuenta con micr\u00f3fono integrado de alta sensibilidad para comunicaci\u00f3n clara en partidas en l\u00ednea y videollamadas.<\/p>\n<p data-start=\"367\" data-end=\"700\">Incluye conexi\u00f3n al\u00e1mbrica tipo plug and play mediante jack 3.5 mm (y puerto USB para iluminaci\u00f3n en versiones con RGB), lo que permite una instalaci\u00f3n r\u00e1pida y compatible con m\u00faltiples dispositivos como PC, laptops y consolas. Su dise\u00f1o tipo diadema con almohadillas acolchadas brinda mayor comodidad durante largas sesiones de uso.<\/p>\n<p data-start=\"702\" data-end=\"855\">Su estructura robusta y estilo gamer lo hacen ideal para jugadores que buscan buena calidad de audio, comodidad y est\u00e9tica gaming en un solo dispositivo.<\/p>\n","protected":false},"excerpt":{"rendered":"<div class=\"qMYqUG_convSearchResultHighlightRoot\">\n<div class=\"\" data-turn-id-container=\"request-69fde804-3a44-83e9-8ee0-7f1c78f5c8a1-24\" data-is-intersecting=\"true\">\n<div class=\"relative w-full overflow-visible\">\n<section class=\"text-token-text-primary w-full focus:outline-none [--shadow-height:45px] has-data-writing-block:pointer-events-none has-data-writing-block:-mt-(--shadow-height) has-data-writing-block:pt-(--shadow-height) [&amp;:has([data-writing-block])&gt;*]:pointer-events-auto R6Vx5W_threadScrollVars scroll-mb-[calc(var(--scroll-root-safe-area-inset-bottom,0px)+var(--thread-response-height))] scroll-mt-[calc(var(--header-height)+min(200px,max(70px,20svh)))]\" dir=\"auto\" data-turn-id=\"request-69fde804-3a44-83e9-8ee0-7f1c78f5c8a1-24\" data-turn-id-container=\"request-69fde804-3a44-83e9-8ee0-7f1c78f5c8a1-24\" data-testid=\"conversation-turn-74\" data-scroll-anchor=\"false\" data-turn=\"assistant\">\n<div class=\"text-base my-auto mx-auto pb-10 [--thread-content-margin:var(--thread-content-margin-xs,calc(var(--spacing)*4))] @w-sm\/main:[--thread-content-margin:var(--thread-content-margin-sm,calc(var(--spacing)*6))] @w-lg\/main:[--thread-content-margin:var(--thread-content-margin-lg,calc(var(--spacing)*16))] px-(--thread-content-margin)\">\n<div class=\"[--thread-content-max-width:40rem] @w-lg\/main:[--thread-content-max-width:48rem] mx-auto max-w-(--thread-content-max-width) flex-1 group\/turn-messages focus-visible:outline-hidden relative flex w-full min-w-0 flex-col agent-turn\">\n<div class=\"flex max-w-full flex-col gap-4 grow\">\n<div class=\"min-h-8 text-message relative flex w-full flex-col items-end gap-2 text-start break-words whitespace-normal outline-none keyboard-focused:focus-ring [.text-message+&amp;]:mt-1\" dir=\"auto\" tabindex=\"0\" data-message-author-role=\"assistant\" data-message-id=\"c4cd08c1-1d45-44f2-ae26-729528620036\" data-turn-start-message=\"true\" data-message-model-slug=\"gpt-5-3-mini\">\n<div class=\"flex w-full flex-col gap-1 empty:hidden\">\n<div class=\"markdown prose dark:prose-invert wrap-break-word w-full light markdown-new-styling\">\n<p data-start=\"884\" data-end=\"1017\">Aud\u00edfono gamer X22 11497 de JALTECH. C\u00f3modo, con micr\u00f3fono integrado y conexi\u00f3n plug and play ideal para juegos, m\u00fasica y uso diario.<\/p>\n<\/div>\n<\/div>\n<\/div>\n<\/div>\n<div class=\"z-0 flex min-h-[46px] justify-start\"><\/div>\n<div class=\"mt-3 w-full empty:hidden\">\n<div class=\"text-center\"><\/div>\n<\/div>\n<\/div>\n<\/div>\n<\/section>\n<div class=\"contents\"><\/div>\n<\/div>\n<\/div>\n<\/div>\n<div class=\"pointer-events-none -mt-px h-px translate-y-[calc(var(--scroll-root-safe-area-inset-bottom)-14*var(--spacing))]\" aria-hidden=\"true\"><\/div>\n","protected":false},"featured_media":2564,"comment_status":"open","ping_status":"closed","template":"","meta":[],"product_brand":[22],"product_cat":[130],"product_tag":[],"class_list":{"0":"post-2563","1":"product","2":"type-product","3":"status-publish","4":"has-post-thumbnail","6":"product_brand-jaltech","7":"product_cat-diademas-audifonos","8":"thunk-woo-product-list","9":"opn-qv-enable","10":"big-store-woo-hover-zoom","11":"open-single-product-tab-horizontal","12":"open-shadow-","13":"open-shadow-hover-","15":"first","16":"instock","17":"sale","18":"taxable","19":"shipping-taxable","20":"purchasable","21":"product-type-simple"},"_links":{"self":[{"href":"https:\/\/ctsaul.com\/tienda\/wp-json\/wp\/v2\/product\/2563","targetHints":{"allow":["GET"]}}],"collection":[{"href":"https:\/\/ctsaul.com\/tienda\/wp-json\/wp\/v2\/product"}],"about":[{"href":"https:\/\/ctsaul.com\/tienda\/wp-json\/wp\/v2\/types\/product"}],"replies":[{"embeddable":true,"href":"https:\/\/ctsaul.com\/tienda\/wp-json\/wp\/v2\/comments?post=2563"}],"wp:featuredmedia":[{"embeddable":true,"href":"https:\/\/ctsaul.com\/tienda\/wp-json\/wp\/v2\/media\/2564"}],"wp:attachment":[{"href":"https:\/\/ctsaul.com\/tienda\/wp-json\/wp\/v2\/media?parent=2563"}],"wp:term":[{"taxonomy":"product_brand","embeddable":true,"href":"https:\/\/ctsaul.com\/tienda\/wp-json\/wp\/v2\/product_brand?post=2563"},{"taxonomy":"product_cat","embeddable":true,"href":"https:\/\/ctsaul.com\/tienda\/wp-json\/wp\/v2\/product_cat?post=2563"},{"taxonomy":"product_tag","embeddable":true,"href":"https:\/\/ctsaul.com\/tienda\/wp-json\/wp\/v2\/product_tag?post=2563"}],"curies":[{"name":"wp","href":"https:\/\/api.w.org\/{rel}","templated":true}]}}